{"id":710325,"date":"2025-08-27T16:34:38","date_gmt":"2025-08-27T13:34:38","guid":{"rendered":"https:\/\/roveyayinevi.com.tr\/index.php\/urun\/sadei-yakmali-mi\/"},"modified":"2026-04-16T02:19:15","modified_gmt":"2026-04-15T23:19:15","slug":"sadei-yakmali-mi","status":"publish","type":"product","link":"https:\/\/roveyayinevi.com.tr\/index.php\/urun\/sadei-yakmali-mi\/","title":{"rendered":"Sade&#8217;\u0131 Yakmal\u0131 m\u0131?"},"content":{"rendered":"<p>&#8220;K\u0131zg\u0131n, kar\u015f\u0131 konmaz, \u00f6fkeyle dolu, her \u015feyde a\u015f\u0131r\u0131, t\u00f6reler konusunda g\u00f6r\u00fclmedik bir hayalleme sap\u0131\u015f\u0131 ta\u015f\u0131yan, ba\u011fnazl\u0131\u011fa dek tanr\u0131s\u0131z&#8230; Bir iki lafla ben b\u00f6yleyim i\u015fte&#8221; diyor, sadizm terimine ad\u0131n\u0131 veren Marquis de Sade.Kimilerine g\u00f6re, insan bi\u00e7imine b\u00fcr\u00fcnm\u00fc\u015f bir mutlak k\u00f6t\u00fcl\u00fck, kimilerine g\u00f6reyse bir \u00f6zg\u00fcrl\u00fck savunucusu&#8230; \u0130lk lanetli yazar&#8230; i\u015fili\u011fi kadar, hayat ser\u00fcveni de yer yer karanl\u0131kta kalan Sade&#8217;\u0131n rezaletler, skandallar ve hapishane y\u0131llar\u0131 ile dolu hayat\u0131n\u0131, kurmaya \u00e7al\u0131\u015ft\u0131\u011f\u0131, y\u00fcksek sesle savundu\u011fu sistemini inceliyor Simone de Beauvoir. Sade&#8217;\u0131 Yakmal\u0131 m\u0131?&#8221; kitab\u0131nda sadece Sade&#8217;la de\u011fil, belki kendi kendinize bile itiraf edemedi\u011finiz taraflar\u0131n\u0131zla da y\u00fcz y\u00fcze geleceksiniz.<\/p>\n","protected":false},"excerpt":{"rendered":"<p>&#8220;K\u0131zg\u0131n, kar\u015f\u0131 konmaz, \u00f6fkeyle dolu, her \u015feyde a\u015f\u0131r\u0131, t\u00f6reler konusunda g\u00f6r\u00fclmedik bir hayalleme sap\u0131\u015f\u0131 ta\u015f\u0131yan, ba\u011fnazl\u0131\u011fa dek tanr\u0131s\u0131z&#8230; Bir iki lafla ben b\u00f6yleyim i\u015fte&#8221; diyor, sadizm<span class=\"excerpt-hellip\"> [\u2026]<\/span><\/p>\n","protected":false},"featured_media":0,"template":"","meta":{"_monsterinsights_skip_tracking":false,"_monsterinsights_sitenote_active":false,"_monsterinsights_sitenote_note":"","_monsterinsights_sitenote_category":0},"product_brand":[],"product_cat":[12777,12291],"product_tag":[],"class_list":{"0":"post-710325","1":"product","2":"type-product","3":"status-publish","5":"product_cat-deneme","6":"product_cat-edebiyat","7":"pa_cilt-ciltsiz","8":"pa_tur-kitap","9":"pa_yayinevi-yapi-kredi-yayinlari","10":"pa_yazar-simone-de-beauvoir","12":"first","13":"instock","14":"sale","15":"shipping-taxable","16":"purchasable","17":"product-type-simple"},"_links":{"self":[{"href":"https:\/\/roveyayinevi.com.tr\/index.php\/wp-json\/wp\/v2\/product\/710325","targetHints":{"allow":["GET"]}}],"collection":[{"href":"https:\/\/roveyayinevi.com.tr\/index.php\/wp-json\/wp\/v2\/product"}],"about":[{"href":"https:\/\/roveyayinevi.com.tr\/index.php\/wp-json\/wp\/v2\/types\/product"}],"wp:attachment":[{"href":"https:\/\/roveyayinevi.com.tr\/index.php\/wp-json\/wp\/v2\/media?parent=710325"}],"wp:term":[{"taxonomy":"product_brand","embeddable":true,"href":"https:\/\/roveyayinevi.com.tr\/index.php\/wp-json\/wp\/v2\/product_brand?post=710325"},{"taxonomy":"product_cat","embeddable":true,"href":"https:\/\/roveyayinevi.com.tr\/index.php\/wp-json\/wp\/v2\/product_cat?post=710325"},{"taxonomy":"product_tag","embeddable":true,"href":"https:\/\/roveyayinevi.com.tr\/index.php\/wp-json\/wp\/v2\/product_tag?post=710325"}],"curies":[{"name":"wp","href":"https:\/\/api.w.org\/{rel}","templated":true}]}}