{"id":710324,"date":"2025-08-27T16:34:38","date_gmt":"2025-08-27T13:34:38","guid":{"rendered":"https:\/\/roveyayinevi.com.tr\/index.php\/urun\/ilerici-armonisine-giris\/"},"modified":"2026-04-16T02:19:15","modified_gmt":"2026-04-15T23:19:15","slug":"ilerici-armonisine-giris","status":"publish","type":"product","link":"https:\/\/roveyayinevi.com.tr\/index.php\/urun\/ilerici-armonisine-giris\/","title":{"rendered":"\u0130lerici Armonisine Giri\u015f"},"content":{"rendered":"<p>T\u00fcrk m\u00fczi\u011finde yer alan komal\u0131 sesler, \u00e7okseslilik uygulamalar\u0131 i\u00e7in \u00f6nemli bir sorun te\u015fkil etmektedir. Bu nedenle komal\u0131 sesler ile \u00e7okseslilik denemeleri hen\u00fcz akademik bir zemine oturtulamam\u0131\u015ft\u0131r. Bu sorunu a\u015fabilmek i\u00e7in, komal\u0131 sesleri en yak\u0131n tam seslere yuvarlayarak olu\u015fturulan makam dizileri kullan\u0131lmaktad\u0131r. \ufffcTan\u0131t\u0131m Metni<\/p>\n","protected":false},"excerpt":{"rendered":"<p>T\u00fcrk m\u00fczi\u011finde yer alan komal\u0131 sesler, \u00e7okseslilik uygulamalar\u0131 i\u00e7in \u00f6nemli bir sorun te\u015fkil etmektedir. Bu nedenle komal\u0131 sesler ile \u00e7okseslilik denemeleri hen\u00fcz akademik bir zemine oturtulamam\u0131\u015ft\u0131r.<span class=\"excerpt-hellip\"> [\u2026]<\/span><\/p>\n","protected":false},"featured_media":0,"template":"","meta":{"_monsterinsights_skip_tracking":false,"_monsterinsights_sitenote_active":false,"_monsterinsights_sitenote_note":"","_monsterinsights_sitenote_category":0},"product_brand":[],"product_cat":[14591,14556],"product_tag":[],"class_list":{"0":"post-710324","1":"product","2":"type-product","3":"status-publish","5":"product_cat-genel-kavramlar-kuram-ve-tarihce","6":"product_cat-muzik","7":"pa_cilt-ciltsiz","8":"pa_tur-kitap","9":"pa_yayinevi-ani-yayincilik","10":"pa_yazar-gokhan-ozdemir","12":"first","13":"instock","14":"sale","15":"shipping-taxable","16":"purchasable","17":"product-type-simple"},"_links":{"self":[{"href":"https:\/\/roveyayinevi.com.tr\/index.php\/wp-json\/wp\/v2\/product\/710324","targetHints":{"allow":["GET"]}}],"collection":[{"href":"https:\/\/roveyayinevi.com.tr\/index.php\/wp-json\/wp\/v2\/product"}],"about":[{"href":"https:\/\/roveyayinevi.com.tr\/index.php\/wp-json\/wp\/v2\/types\/product"}],"wp:attachment":[{"href":"https:\/\/roveyayinevi.com.tr\/index.php\/wp-json\/wp\/v2\/media?parent=710324"}],"wp:term":[{"taxonomy":"product_brand","embeddable":true,"href":"https:\/\/roveyayinevi.com.tr\/index.php\/wp-json\/wp\/v2\/product_brand?post=710324"},{"taxonomy":"product_cat","embeddable":true,"href":"https:\/\/roveyayinevi.com.tr\/index.php\/wp-json\/wp\/v2\/product_cat?post=710324"},{"taxonomy":"product_tag","embeddable":true,"href":"https:\/\/roveyayinevi.com.tr\/index.php\/wp-json\/wp\/v2\/product_tag?post=710324"}],"curies":[{"name":"wp","href":"https:\/\/api.w.org\/{rel}","templated":true}]}}