{"id":710323,"date":"2025-08-27T16:34:37","date_gmt":"2025-08-27T13:34:37","guid":{"rendered":"https:\/\/roveyayinevi.com.tr\/index.php\/urun\/4-6-yas-cocuk-gelisimi-gelisim-psikolojisinin-temel-esaslari-ii\/"},"modified":"2026-04-16T02:19:15","modified_gmt":"2026-04-15T23:19:15","slug":"4-6-yas-cocuk-gelisimi-gelisim-psikolojisinin-temel-esaslari-ii","status":"publish","type":"product","link":"https:\/\/roveyayinevi.com.tr\/index.php\/urun\/4-6-yas-cocuk-gelisimi-gelisim-psikolojisinin-temel-esaslari-ii\/","title":{"rendered":"4-6 Ya\u015f \u00c7ocuk Geli\u015fimi Geli\u015fim Psikolojisinin Temel Esaslar\u0131 II"},"content":{"rendered":"<p>Bu kitab\u0131n ilk bask\u0131s\u0131, Bavyera e\u011fitim ve \u00f6\u011fretim plan\u0131 (BEP) \u00e7er\u00e7evesinde yapt\u0131\u011f\u0131m \u00e7al\u0131\u015fmalar \u00e7er\u00e7evesinde ortaya \u00e7\u0131km\u0131\u015ft\u0131r. Kitab\u0131n ilk versiyonu 2006 y\u0131l\u0131nda yay\u0131nlanm\u0131\u015ft\u0131r. Buna paralel olarak ba\u015fka eyaletlerde ve baz\u0131 ba\u015fka Avrupa \u00fclkelerinde ilkokul \u00f6ncesi d\u00f6nemi kapsayan e\u011fitim ataklar\u0131 ba\u015flat\u0131lm\u0131\u015ft\u0131r. Bu e\u011fitim \u00e7abalar\u0131 art\u0131k \u00e7ok say\u0131da ara\u015ft\u0131rma sonu\u00e7lar\u0131yla kan\u0131tlanm\u0131\u015ft\u0131r ve \u00e7ocu\u011fun ilk alt\u0131 ya\u015fam y\u0131l\u0131nda ba\u015far\u0131l\u0131 bir akademik ya\u015fam\u0131n\u0131n temellerinin at\u0131labilece\u011fi konusundaki inanca dayanmaktad\u0131r. \ufffcTan\u0131t\u0131m Metni<\/p>\n","protected":false},"excerpt":{"rendered":"<p>Bu kitab\u0131n ilk bask\u0131s\u0131, Bavyera e\u011fitim ve \u00f6\u011fretim plan\u0131 (BEP) \u00e7er\u00e7evesinde yapt\u0131\u011f\u0131m \u00e7al\u0131\u015fmalar \u00e7er\u00e7evesinde ortaya \u00e7\u0131km\u0131\u015ft\u0131r. Kitab\u0131n ilk versiyonu 2006 y\u0131l\u0131nda yay\u0131nlanm\u0131\u015ft\u0131r. Buna paralel olarak ba\u015fka<span class=\"excerpt-hellip\"> [\u2026]<\/span><\/p>\n","protected":false},"featured_media":0,"template":"","meta":{"_monsterinsights_skip_tracking":false,"_monsterinsights_sitenote_active":false,"_monsterinsights_sitenote_note":"","_monsterinsights_sitenote_category":0},"product_brand":[],"product_cat":[12573,12566],"product_tag":[],"class_list":{"0":"post-710323","1":"product","2":"type-product","3":"status-publish","5":"product_cat-akademik-kitaplar","6":"product_cat-egitim","7":"pa_cilt-ciltsiz","8":"pa_tur-kitap","9":"pa_yayinevi-ani-yayincilik","10":"pa_yazar-zekeriya-caliskan-aysegul-ulutas-mehmet-saglam","12":"first","13":"instock","14":"sale","15":"shipping-taxable","16":"purchasable","17":"product-type-simple"},"_links":{"self":[{"href":"https:\/\/roveyayinevi.com.tr\/index.php\/wp-json\/wp\/v2\/product\/710323","targetHints":{"allow":["GET"]}}],"collection":[{"href":"https:\/\/roveyayinevi.com.tr\/index.php\/wp-json\/wp\/v2\/product"}],"about":[{"href":"https:\/\/roveyayinevi.com.tr\/index.php\/wp-json\/wp\/v2\/types\/product"}],"wp:attachment":[{"href":"https:\/\/roveyayinevi.com.tr\/index.php\/wp-json\/wp\/v2\/media?parent=710323"}],"wp:term":[{"taxonomy":"product_brand","embeddable":true,"href":"https:\/\/roveyayinevi.com.tr\/index.php\/wp-json\/wp\/v2\/product_brand?post=710323"},{"taxonomy":"product_cat","embeddable":true,"href":"https:\/\/roveyayinevi.com.tr\/index.php\/wp-json\/wp\/v2\/product_cat?post=710323"},{"taxonomy":"product_tag","embeddable":true,"href":"https:\/\/roveyayinevi.com.tr\/index.php\/wp-json\/wp\/v2\/product_tag?post=710323"}],"curies":[{"name":"wp","href":"https:\/\/api.w.org\/{rel}","templated":true}]}}