{"id":710317,"date":"2025-08-27T16:34:34","date_gmt":"2025-08-27T13:34:34","guid":{"rendered":"https:\/\/roveyayinevi.com.tr\/index.php\/urun\/canavar-pesinde-serisi-47-korsan-kral-penceli-kotuluk-kronus\/"},"modified":"2026-04-13T02:23:40","modified_gmt":"2026-04-12T23:23:40","slug":"canavar-pesinde-serisi-47-korsan-kral-penceli-kotuluk-kronus","status":"publish","type":"product","link":"https:\/\/roveyayinevi.com.tr\/index.php\/urun\/canavar-pesinde-serisi-47-korsan-kral-penceli-kotuluk-kronus\/","title":{"rendered":"Canavar Pe\u015finde Serisi 47 &#8211; Korsan Kral (Pen\u00e7eli K\u00f6t\u00fcl\u00fck Kronus)"},"content":{"rendered":"<p>Yepyeni Canavar Pe\u015finde maceras\u0131na ho\u015f geldiniz:Korsan KralAvantia, \u00f6l\u00fcm\u00fcn pen\u00e7esinde&#8230;Korsan Kral Sanpao, Tom\u2019u yok etmek i\u00e7in dev bir ku\u015f-canavar g\u00f6nderiyor.Tom, canavar\u0131 yenerek Varolu\u015f A\u011fac\u0131\u2019n\u0131 bulmak zorunda.Yoksa Freya ve G\u00fcm\u00fc\u015f, Tavania\u2019dan asla kurtulamayacaklar&#8230; <\/p>\n","protected":false},"excerpt":{"rendered":"<p>Yepyeni Canavar Pe\u015finde maceras\u0131na ho\u015f geldiniz:Korsan KralAvantia, \u00f6l\u00fcm\u00fcn pen\u00e7esinde&#8230;Korsan Kral Sanpao, Tom\u2019u yok etmek i\u00e7in dev bir ku\u015f-canavar g\u00f6nderiyor.Tom, canavar\u0131 yenerek Varolu\u015f A\u011fac\u0131\u2019n\u0131 bulmak zorunda.Yoksa Freya<span class=\"excerpt-hellip\"> [\u2026]<\/span><\/p>\n","protected":false},"featured_media":0,"template":"","meta":{"_monsterinsights_skip_tracking":false,"_monsterinsights_sitenote_active":false,"_monsterinsights_sitenote_note":"","_monsterinsights_sitenote_category":0},"product_brand":[],"product_cat":[12274,12284],"product_tag":[],"class_list":{"0":"post-710317","1":"product","2":"type-product","3":"status-publish","5":"product_cat-cocuk-ve-genclik-kitaplari","6":"product_cat-hikayeler","7":"pa_cilt-ciltsiz","8":"pa_tur-kitap","9":"pa_yayinevi-beyaz-balina-yayinlari","10":"pa_yazar-adam-blade","12":"first","13":"instock","14":"sale","15":"shipping-taxable","16":"purchasable","17":"product-type-simple"},"_links":{"self":[{"href":"https:\/\/roveyayinevi.com.tr\/index.php\/wp-json\/wp\/v2\/product\/710317","targetHints":{"allow":["GET"]}}],"collection":[{"href":"https:\/\/roveyayinevi.com.tr\/index.php\/wp-json\/wp\/v2\/product"}],"about":[{"href":"https:\/\/roveyayinevi.com.tr\/index.php\/wp-json\/wp\/v2\/types\/product"}],"wp:attachment":[{"href":"https:\/\/roveyayinevi.com.tr\/index.php\/wp-json\/wp\/v2\/media?parent=710317"}],"wp:term":[{"taxonomy":"product_brand","embeddable":true,"href":"https:\/\/roveyayinevi.com.tr\/index.php\/wp-json\/wp\/v2\/product_brand?post=710317"},{"taxonomy":"product_cat","embeddable":true,"href":"https:\/\/roveyayinevi.com.tr\/index.php\/wp-json\/wp\/v2\/product_cat?post=710317"},{"taxonomy":"product_tag","embeddable":true,"href":"https:\/\/roveyayinevi.com.tr\/index.php\/wp-json\/wp\/v2\/product_tag?post=710317"}],"curies":[{"name":"wp","href":"https:\/\/api.w.org\/{rel}","templated":true}]}}