{"id":710316,"date":"2025-08-27T16:34:33","date_gmt":"2025-08-27T13:34:33","guid":{"rendered":"https:\/\/roveyayinevi.com.tr\/index.php\/urun\/bibliotheka-yunan-mitolojisi\/"},"modified":"2026-04-16T02:19:15","modified_gmt":"2026-04-15T23:19:15","slug":"bibliotheka-yunan-mitolojisi","status":"publish","type":"product","link":"https:\/\/roveyayinevi.com.tr\/index.php\/urun\/bibliotheka-yunan-mitolojisi\/","title":{"rendered":"Bibliotheka (Yunan Mitolojisi)"},"content":{"rendered":"<p>\u201cBibliotheca, Apollodoros\u2019un, \u00f6n\u00fcnde bulunan en iyi edebi kaynaklardan, ele\u015ftirmeden sadakatle derledi\u011fi referans bir mitoloji kayna\u011f\u0131d\u0131r. Karanl\u0131k ba\u015flang\u0131\u00e7tan masal\u0131n sislerinin a\u00e7\u0131lmaya, sahnedeki ger\u00e7ek oyuncular\u0131n g\u00f6r\u00fcnmeye ba\u015flad\u0131\u011f\u0131 zamana kadar Yunanl\u0131lar\u0131n kavrad\u0131klar\u0131 haliyle d\u00fcnya tarihini bize sunar. Ba\u015fka bir deyi\u015fle, Apollodoros bizi, insan belle\u011finin \u00f6tesinden, b\u00fct\u00fcn\u00fcyle mitik \u00e7a\u011flardan tarihin s\u0131n\u0131r\u0131na g\u00f6t\u00fcr\u00fcr.\u201dJames Frazer ise notlar\u0131 ve ekleriyle bu e\u015fsiz kayna\u011f\u0131 zenginle\u015ftirir. Yunan mitolojisini kay\u0131p tragedyalardan fragmanlarla b\u00fct\u00fcnler. Onu ba\u015fka halklar\u0131n mitolojileriyle, gelenek ve g\u00f6renekleriyle ve k\u00fclt\u00fcrleriyle kar\u015f\u0131la\u015ft\u0131r\u0131r. Yunanlardan Afrika yerlilerine oradan O\u011fuz T\u00fcrklerine uzanan bir topografyayla birlikte zaman\u0131 a\u015fan bir anlat\u0131 d\u00fcnyas\u0131 sunar. <\/p>\n","protected":false},"excerpt":{"rendered":"<p>\u201cBibliotheca, Apollodoros\u2019un, \u00f6n\u00fcnde bulunan en iyi edebi kaynaklardan, ele\u015ftirmeden sadakatle derledi\u011fi referans bir mitoloji kayna\u011f\u0131d\u0131r. Karanl\u0131k ba\u015flang\u0131\u00e7tan masal\u0131n sislerinin a\u00e7\u0131lmaya, sahnedeki ger\u00e7ek oyuncular\u0131n g\u00f6r\u00fcnmeye ba\u015flad\u0131\u011f\u0131 zamana<span class=\"excerpt-hellip\"> [\u2026]<\/span><\/p>\n","protected":false},"featured_media":0,"template":"","meta":{"_monsterinsights_skip_tracking":false,"_monsterinsights_sitenote_active":false,"_monsterinsights_sitenote_note":"","_monsterinsights_sitenote_category":0},"product_brand":[],"product_cat":[12718,12858],"product_tag":[],"class_list":{"0":"post-710316","1":"product","2":"type-product","3":"status-publish","5":"product_cat-din","6":"product_cat-mitolojiler","7":"pa_cilt-ciltsiz","8":"pa_tur-kitap","9":"pa_yayinevi-pinhan-yayincilik","10":"pa_yazar-apollodoros-sir-james-george-frazer","12":"first","13":"instock","14":"sale","15":"shipping-taxable","16":"purchasable","17":"product-type-simple"},"_links":{"self":[{"href":"https:\/\/roveyayinevi.com.tr\/index.php\/wp-json\/wp\/v2\/product\/710316","targetHints":{"allow":["GET"]}}],"collection":[{"href":"https:\/\/roveyayinevi.com.tr\/index.php\/wp-json\/wp\/v2\/product"}],"about":[{"href":"https:\/\/roveyayinevi.com.tr\/index.php\/wp-json\/wp\/v2\/types\/product"}],"wp:attachment":[{"href":"https:\/\/roveyayinevi.com.tr\/index.php\/wp-json\/wp\/v2\/media?parent=710316"}],"wp:term":[{"taxonomy":"product_brand","embeddable":true,"href":"https:\/\/roveyayinevi.com.tr\/index.php\/wp-json\/wp\/v2\/product_brand?post=710316"},{"taxonomy":"product_cat","embeddable":true,"href":"https:\/\/roveyayinevi.com.tr\/index.php\/wp-json\/wp\/v2\/product_cat?post=710316"},{"taxonomy":"product_tag","embeddable":true,"href":"https:\/\/roveyayinevi.com.tr\/index.php\/wp-json\/wp\/v2\/product_tag?post=710316"}],"curies":[{"name":"wp","href":"https:\/\/api.w.org\/{rel}","templated":true}]}}