{"id":710315,"date":"2025-08-27T16:34:33","date_gmt":"2025-08-27T13:34:33","guid":{"rendered":"https:\/\/roveyayinevi.com.tr\/index.php\/urun\/din-uzerine-uc-deneme\/"},"modified":"2026-04-16T02:19:14","modified_gmt":"2026-04-15T23:19:14","slug":"din-uzerine-uc-deneme","status":"publish","type":"product","link":"https:\/\/roveyayinevi.com.tr\/index.php\/urun\/din-uzerine-uc-deneme\/","title":{"rendered":"Din \u00dczerine \u00dc\u00e7 Deneme"},"content":{"rendered":"<p>John Stuart Mill\u2019in \u00f6l\u00fcm\u00fcnden sonra \u00fcvey k\u0131z\u0131 Helen Taylor taraf\u0131ndan yay\u0131mlanan Din \u00dczerine \u00dc\u00e7 Deneme, ad\u0131ndan anla\u015f\u0131laca\u011f\u0131 gibi, din \u00fczerine \u00fc\u00e7 denemeden olu\u015fur: Do\u011fa, Dinin Faydas\u0131 ve Tanr\u0131c\u0131l\u0131k. \u0130lk iki deneme 1850-1858 y\u0131llar\u0131 aras\u0131nda, \u00dc\u00e7\u00fcnc\u00fc Deneme ise bunlardan \u00e7ok daha sonra 1868-70 aras\u0131nda yaz\u0131lm\u0131\u015ft\u0131r.  Mill\u2019in, hayat\u0131n\u0131n son evresinde, yakla\u015f\u0131k yirmi y\u0131la yay\u0131lan bir s\u00fcre\u00e7te kaleme ald\u0131\u011f\u0131 bu denemeler, siyaset ve ahlak felsefesinde ifade ve d\u00fc\u015f\u00fcnce \u00f6zg\u00fcrl\u00fc\u011f\u00fcn\u00fc esas alm\u0131\u015f olan devrimci bir d\u00fc\u015f\u00fcn\u00fcr\u00fcn din konusuna bak\u0131\u015f\u0131n\u0131 ayd\u0131nlat\u0131r. <\/p>\n","protected":false},"excerpt":{"rendered":"<p>John Stuart Mill\u2019in \u00f6l\u00fcm\u00fcnden sonra \u00fcvey k\u0131z\u0131 Helen Taylor taraf\u0131ndan yay\u0131mlanan Din \u00dczerine \u00dc\u00e7 Deneme, ad\u0131ndan anla\u015f\u0131laca\u011f\u0131 gibi, din \u00fczerine \u00fc\u00e7 denemeden olu\u015fur: Do\u011fa, Dinin Faydas\u0131<span class=\"excerpt-hellip\"> [\u2026]<\/span><\/p>\n","protected":false},"featured_media":0,"template":"","meta":{"_monsterinsights_skip_tracking":false,"_monsterinsights_sitenote_active":false,"_monsterinsights_sitenote_note":"","_monsterinsights_sitenote_category":0},"product_brand":[],"product_cat":[13590,12337],"product_tag":[],"class_list":{"0":"post-710315","1":"product","2":"type-product","3":"status-publish","5":"product_cat-arastirma-inceleme-politika-siyaset","6":"product_cat-politika-siyaset","7":"pa_cilt-ciltsiz","8":"pa_tur-kitap","9":"pa_yayinevi-pinhan-yayincilik","10":"pa_yazar-john-stuart-mill","12":"first","13":"instock","14":"sale","15":"shipping-taxable","16":"purchasable","17":"product-type-simple"},"_links":{"self":[{"href":"https:\/\/roveyayinevi.com.tr\/index.php\/wp-json\/wp\/v2\/product\/710315","targetHints":{"allow":["GET"]}}],"collection":[{"href":"https:\/\/roveyayinevi.com.tr\/index.php\/wp-json\/wp\/v2\/product"}],"about":[{"href":"https:\/\/roveyayinevi.com.tr\/index.php\/wp-json\/wp\/v2\/types\/product"}],"wp:attachment":[{"href":"https:\/\/roveyayinevi.com.tr\/index.php\/wp-json\/wp\/v2\/media?parent=710315"}],"wp:term":[{"taxonomy":"product_brand","embeddable":true,"href":"https:\/\/roveyayinevi.com.tr\/index.php\/wp-json\/wp\/v2\/product_brand?post=710315"},{"taxonomy":"product_cat","embeddable":true,"href":"https:\/\/roveyayinevi.com.tr\/index.php\/wp-json\/wp\/v2\/product_cat?post=710315"},{"taxonomy":"product_tag","embeddable":true,"href":"https:\/\/roveyayinevi.com.tr\/index.php\/wp-json\/wp\/v2\/product_tag?post=710315"}],"curies":[{"name":"wp","href":"https:\/\/api.w.org\/{rel}","templated":true}]}}