{"id":710313,"date":"2025-08-27T16:34:32","date_gmt":"2025-08-27T13:34:32","guid":{"rendered":"https:\/\/roveyayinevi.com.tr\/index.php\/urun\/cizginin-cizgisi-karikaturun-seruveni\/"},"modified":"2026-04-16T02:19:14","modified_gmt":"2026-04-15T23:19:14","slug":"cizginin-cizgisi-karikaturun-seruveni","status":"publish","type":"product","link":"https:\/\/roveyayinevi.com.tr\/index.php\/urun\/cizginin-cizgisi-karikaturun-seruveni\/","title":{"rendered":"\u00c7izginin \u00c7izgisi &#8211; Karikat\u00fcr\u00fcn Ser\u00fcveni"},"content":{"rendered":"<p>Usta karikat\u00fcrist Hicabi Demirci rehberli\u011finde, i\u00e7inizdeki gizli karikat\u00fcristi uyand\u0131rmaya haz\u0131r m\u0131s\u0131n\u0131z? \u0130yi bir karikat\u00fcre imza atabilmenin en \u00f6nemli unsurlar\u0131 nelerdir? T\u00fcrk karikat\u00fcr tarihine y\u00f6n veren isimler kimlerdir? Bir karikat\u00fcr\u00fc \u201cdo\u011fru\u201d yorumlayabilmek i\u00e7in hangi ipu\u00e7lar\u0131na sahip olmak gerekir? Peki, birka\u00e7 basit ad\u0131mla nas\u0131l karikat\u00fcr \u00e7izilir?   Ba\u015fta Yunus Nadi \u00d6d\u00fcl\u00fc olmak \u00fczere, 100\u2019\u00fc a\u015fk\u0131n ulusal ve uluslararas\u0131 \u00f6d\u00fcle de\u011fer g\u00f6r\u00fclen Hicabi Demirci\u2019nin, karikat\u00fcr sanat\u0131na \u0131\u015f\u0131k tutan yeni kitab\u0131 \u00c7izginin \u00c7izgisi, okurlar\u0131n\u0131, T\u00fcrk karikat\u00fcr evreninde d\u00fcnden bug\u00fcne renkli bir ser\u00fcvene \u00e7\u0131kar\u0131rken, herkesi kendi \u00e7izim yetene\u011fini ke\u015ffetmeye \u00e7a\u011f\u0131r\u0131yor.     Esin kayna\u011f\u0131n\u0131, Demirci\u2019nin okullarda ger\u00e7ekle\u015ftirdi\u011fi at\u00f6lye \u00e7al\u0131\u015fmalar\u0131ndan alan ve i\u00e7eri\u011finde pek \u00e7ok teorik bilgi ile pratik uygulamaya da yer veren bu interaktif kitap, ba\u015fta \u00f6\u011frenciler olmak \u00fczere her ya\u015ftan okurun g\u00f6rsel alg\u0131s\u0131n\u0131 \u015fekillendirecek bir izlek olu\u015fturuyor. \u201cKarikat\u00fcrde Y\u00f6ntemler\u201d, \u201cGenel Hatlar\u0131yla Karikat\u00fcr Tarihimiz\u201d, \u201cMizahi Anlat\u0131m\u0131n \u00d6zellikleri\u201d, \u201cKarikat\u00fcrde Kavramlar ve G\u00f6rsel Yorumlama\u201d olmak \u00fczere d\u00f6rt ayr\u0131 b\u00f6l\u00fcmde ilerleyen \u00c7izginin \u00c7izgisi, \u015fimdiye dek bu alanda haz\u0131rlanm\u0131\u015f en kapsaml\u0131 kitap olma \u00f6zelli\u011fini ta\u015f\u0131yor. Karikat\u00fcre tarihsel perspektiften bakman\u0131n yan\u0131 s\u0131ra, karikat\u00fcr \u00e7izimi ve karikat\u00fcr yorumlama \u00e7al\u0131\u015fmalar\u0131 i\u00e7in \u00e7e\u015fitli ipu\u00e7lar\u0131 da sunan Hicabi Demirci, karikat\u00fcr k\u00fclt\u00fcr\u00fcn\u00fc ve gelene\u011fini disiplinleraras\u0131 bir boyutta irdeleyerek, \u00f6zg\u00fcn metinler ve g\u00f6rseller e\u015fli\u011finde benzersiz bir anlat\u0131m \u00fcslubu yakal\u0131yor. Karikat\u00fcrde yer alan imgelerin zihinlerde yaratt\u0131\u011f\u0131 hayal g\u00fcc\u00fcn\u00fcn analizi ve sentezi \u00fczerine olgun bir yap\u0131 kuran Demirci, kitab\u0131n\u0131n sonunda yer verdi\u011fi renkli karikat\u00fcr se\u00e7kisi ile evrensel konulara farkl\u0131 ele\u015ftiriler getirerek, okurlar\u0131n\u0131 d\u00fc\u015f\u00fcnsel bir yolculu\u011fa s\u00fcr\u00fckl\u00fcyor. \u201cKarikat\u00fcr, insan\u0131 rahats\u0131z eden bir sanatt\u0131r.\u201d Hicabi Demirci <\/p>\n","protected":false},"excerpt":{"rendered":"<p>Usta karikat\u00fcrist Hicabi Demirci rehberli\u011finde, i\u00e7inizdeki gizli karikat\u00fcristi uyand\u0131rmaya haz\u0131r m\u0131s\u0131n\u0131z? \u0130yi bir karikat\u00fcre imza atabilmenin en \u00f6nemli unsurlar\u0131 nelerdir? T\u00fcrk karikat\u00fcr tarihine y\u00f6n veren isimler<span class=\"excerpt-hellip\"> [\u2026]<\/span><\/p>\n","protected":false},"featured_media":0,"template":"","meta":{"_monsterinsights_skip_tracking":false,"_monsterinsights_sitenote_active":false,"_monsterinsights_sitenote_note":"","_monsterinsights_sitenote_category":0},"product_brand":[],"product_cat":[12291,49405],"product_tag":[],"class_list":{"0":"post-710313","1":"product","2":"type-product","3":"status-publish","5":"product_cat-edebiyat","6":"product_cat-karikatur","7":"pa_cilt-ciltsiz","8":"pa_tur-kitap","9":"pa_yayinevi-desen-yayinlari","10":"pa_yazar-hicabi-demirci","12":"first","13":"instock","14":"sale","15":"shipping-taxable","16":"purchasable","17":"product-type-simple"},"_links":{"self":[{"href":"https:\/\/roveyayinevi.com.tr\/index.php\/wp-json\/wp\/v2\/product\/710313","targetHints":{"allow":["GET"]}}],"collection":[{"href":"https:\/\/roveyayinevi.com.tr\/index.php\/wp-json\/wp\/v2\/product"}],"about":[{"href":"https:\/\/roveyayinevi.com.tr\/index.php\/wp-json\/wp\/v2\/types\/product"}],"wp:attachment":[{"href":"https:\/\/roveyayinevi.com.tr\/index.php\/wp-json\/wp\/v2\/media?parent=710313"}],"wp:term":[{"taxonomy":"product_brand","embeddable":true,"href":"https:\/\/roveyayinevi.com.tr\/index.php\/wp-json\/wp\/v2\/product_brand?post=710313"},{"taxonomy":"product_cat","embeddable":true,"href":"https:\/\/roveyayinevi.com.tr\/index.php\/wp-json\/wp\/v2\/product_cat?post=710313"},{"taxonomy":"product_tag","embeddable":true,"href":"https:\/\/roveyayinevi.com.tr\/index.php\/wp-json\/wp\/v2\/product_tag?post=710313"}],"curies":[{"name":"wp","href":"https:\/\/api.w.org\/{rel}","templated":true}]}}