{"id":710312,"date":"2025-08-27T16:34:32","date_gmt":"2025-08-27T13:34:32","guid":{"rendered":"https:\/\/roveyayinevi.com.tr\/index.php\/urun\/eski-yunanda-mit-ve-toplum\/"},"modified":"2026-04-16T02:19:14","modified_gmt":"2026-04-15T23:19:14","slug":"eski-yunanda-mit-ve-toplum","status":"publish","type":"product","link":"https:\/\/roveyayinevi.com.tr\/index.php\/urun\/eski-yunanda-mit-ve-toplum\/","title":{"rendered":"Eski Yunan&#8217;da Mit ve Toplum"},"content":{"rendered":"<p>Vernant bu kez Yunan toplumu ve kurumlar\u0131 ile mitler aras\u0131ndaki etkile\u015fimi inceliyor. Kitap s\u0131n\u0131f sava\u015f\u0131m\u0131, sava\u015f, evlilik konular\u0131yla ba\u015flamakta; kokulu bitkilere dair mitler, Prometheus miti ile bug\u00fcn bir antik\u00e7a\u011f bilgininin \u00f6n\u00fcndeki mit sorunlar\u0131 konular\u0131nda genel saptamalarla bitmektedir.  Bu saptamalarda Yunan tanr\u0131lar\u0131 iki y\u00f6nleriyle ele al\u0131n\u0131yor: \u00d6ncelikle insan toplumunun \u00f6rg\u00fctlenmesine bir \u015fekilde ba\u011fl\u0131 hiyerar\u015fileri, s\u0131fatlar\u0131, ayr\u0131cal\u0131klar\u0131yla bir topluluk olarak; sonra da kendi d\u00fc\u015f\u00fcnsel amac\u0131na boyun e\u011fen simgesel dil, s\u0131n\u0131fland\u0131r\u0131c\u0131 sistem olarak. Ama Vernant\u2019n\u0131n b\u00fct\u00fcn ara\u015ft\u0131rmalar\u0131n\u0131n izle\u011findeki as\u0131l soru \u015fudur elbette: Mit bir toplumda, toplum da mitlerinde hangi s\u0131n\u0131rlar i\u00e7inde, hangi bi\u00e7imler alt\u0131nda belirir? <\/p>\n","protected":false},"excerpt":{"rendered":"<p>Vernant bu kez Yunan toplumu ve kurumlar\u0131 ile mitler aras\u0131ndaki etkile\u015fimi inceliyor. Kitap s\u0131n\u0131f sava\u015f\u0131m\u0131, sava\u015f, evlilik konular\u0131yla ba\u015flamakta; kokulu bitkilere dair mitler, Prometheus miti ile<span class=\"excerpt-hellip\"> [\u2026]<\/span><\/p>\n","protected":false},"featured_media":0,"template":"","meta":{"_monsterinsights_skip_tracking":false,"_monsterinsights_sitenote_active":false,"_monsterinsights_sitenote_note":"","_monsterinsights_sitenote_category":0},"product_brand":[],"product_cat":[12718,12858],"product_tag":[],"class_list":{"0":"post-710312","1":"product","2":"type-product","3":"status-publish","5":"product_cat-din","6":"product_cat-mitolojiler","7":"pa_cilt-ciltsiz","8":"pa_tur-kitap","9":"pa_yayinevi-alfa-yayinlari","10":"pa_yazar-jean-pierre-vernant","12":"first","13":"instock","14":"sale","15":"shipping-taxable","16":"purchasable","17":"product-type-simple"},"_links":{"self":[{"href":"https:\/\/roveyayinevi.com.tr\/index.php\/wp-json\/wp\/v2\/product\/710312","targetHints":{"allow":["GET"]}}],"collection":[{"href":"https:\/\/roveyayinevi.com.tr\/index.php\/wp-json\/wp\/v2\/product"}],"about":[{"href":"https:\/\/roveyayinevi.com.tr\/index.php\/wp-json\/wp\/v2\/types\/product"}],"wp:attachment":[{"href":"https:\/\/roveyayinevi.com.tr\/index.php\/wp-json\/wp\/v2\/media?parent=710312"}],"wp:term":[{"taxonomy":"product_brand","embeddable":true,"href":"https:\/\/roveyayinevi.com.tr\/index.php\/wp-json\/wp\/v2\/product_brand?post=710312"},{"taxonomy":"product_cat","embeddable":true,"href":"https:\/\/roveyayinevi.com.tr\/index.php\/wp-json\/wp\/v2\/product_cat?post=710312"},{"taxonomy":"product_tag","embeddable":true,"href":"https:\/\/roveyayinevi.com.tr\/index.php\/wp-json\/wp\/v2\/product_tag?post=710312"}],"curies":[{"name":"wp","href":"https:\/\/api.w.org\/{rel}","templated":true}]}}