{"id":710309,"date":"2025-08-27T16:34:30","date_gmt":"2025-08-27T13:34:30","guid":{"rendered":"https:\/\/roveyayinevi.com.tr\/index.php\/urun\/hizli-strateji-stratejik-ceviklik-degisen-kosullara-uyum-becerisi\/"},"modified":"2026-04-16T02:19:14","modified_gmt":"2026-04-15T23:19:14","slug":"hizli-strateji-stratejik-ceviklik-degisen-kosullara-uyum-becerisi","status":"publish","type":"product","link":"https:\/\/roveyayinevi.com.tr\/index.php\/urun\/hizli-strateji-stratejik-ceviklik-degisen-kosullara-uyum-becerisi\/","title":{"rendered":"H\u0131zl\u0131 Strateji (Stratejik \u00c7eviklik De\u011fi\u015fen Ko\u015fullara Uyum Becerisi)"},"content":{"rendered":"<p>Neden baz\u0131 \u015firketler de\u011fi\u015fim, kesinti, aksama d\u00f6nemlerinde b\u00fcy\u00fcy\u00fcp geli\u015firken, baz\u0131lar\u0131 de\u011fi\u015fime ayak uydurmay\u0131 beceremez? Bu kritik bir sorudur, \u00e7\u00fcnk\u00fc s\u00fcrekli de\u011fi\u015fen g\u00fcn\u00fcm\u00fcz i\u015f d\u00fcnyas\u0131nda de\u011fi\u015fime ayak uydurmay\u0131 beceremezseniz mahvoldunuz demektir.   \u2022 Stratejik \u00e7eviklik oyununda kazananla kaybedeni ay\u0131ran nedir? \u2022 Kazanan \u015firketler nas\u0131l y\u00f6netilmektedir? \u2022 Organizasyonlar\u0131 nas\u0131ld\u0131r? \u2022 Nas\u0131l karar al\u0131rlar? <\/p>\n","protected":false},"excerpt":{"rendered":"<p>Neden baz\u0131 \u015firketler de\u011fi\u015fim, kesinti, aksama d\u00f6nemlerinde b\u00fcy\u00fcy\u00fcp geli\u015firken, baz\u0131lar\u0131 de\u011fi\u015fime ayak uydurmay\u0131 beceremez? Bu kritik bir sorudur, \u00e7\u00fcnk\u00fc s\u00fcrekli de\u011fi\u015fen g\u00fcn\u00fcm\u00fcz i\u015f d\u00fcnyas\u0131nda de\u011fi\u015fime ayak<span class=\"excerpt-hellip\"> [\u2026]<\/span><\/p>\n","protected":false},"featured_media":0,"template":"","meta":{"_monsterinsights_skip_tracking":false,"_monsterinsights_sitenote_active":false,"_monsterinsights_sitenote_note":"","_monsterinsights_sitenote_category":0},"product_brand":[],"product_cat":[13043,17647],"product_tag":[],"class_list":{"0":"post-710309","1":"product","2":"type-product","3":"status-publish","5":"product_cat-ekonomi","6":"product_cat-is-dunyasi","7":"pa_cilt-ciltsiz","8":"pa_tur-kitap","9":"pa_yayinevi-is-bankasi-kultur-yayinlari","10":"pa_yazar-yves-doz-mikko-kosonen","12":"first","13":"instock","14":"sale","15":"shipping-taxable","16":"purchasable","17":"product-type-simple"},"_links":{"self":[{"href":"https:\/\/roveyayinevi.com.tr\/index.php\/wp-json\/wp\/v2\/product\/710309","targetHints":{"allow":["GET"]}}],"collection":[{"href":"https:\/\/roveyayinevi.com.tr\/index.php\/wp-json\/wp\/v2\/product"}],"about":[{"href":"https:\/\/roveyayinevi.com.tr\/index.php\/wp-json\/wp\/v2\/types\/product"}],"wp:attachment":[{"href":"https:\/\/roveyayinevi.com.tr\/index.php\/wp-json\/wp\/v2\/media?parent=710309"}],"wp:term":[{"taxonomy":"product_brand","embeddable":true,"href":"https:\/\/roveyayinevi.com.tr\/index.php\/wp-json\/wp\/v2\/product_brand?post=710309"},{"taxonomy":"product_cat","embeddable":true,"href":"https:\/\/roveyayinevi.com.tr\/index.php\/wp-json\/wp\/v2\/product_cat?post=710309"},{"taxonomy":"product_tag","embeddable":true,"href":"https:\/\/roveyayinevi.com.tr\/index.php\/wp-json\/wp\/v2\/product_tag?post=710309"}],"curies":[{"name":"wp","href":"https:\/\/api.w.org\/{rel}","templated":true}]}}