{"id":710308,"date":"2025-08-27T16:34:30","date_gmt":"2025-08-27T13:34:30","guid":{"rendered":"https:\/\/roveyayinevi.com.tr\/index.php\/urun\/avrupanin-demokratiklestirilmesi-icin-bir-antlasma-teklifi\/"},"modified":"2026-04-16T02:19:14","modified_gmt":"2026-04-15T23:19:14","slug":"avrupanin-demokratiklestirilmesi-icin-bir-antlasma-teklifi","status":"publish","type":"product","link":"https:\/\/roveyayinevi.com.tr\/index.php\/urun\/avrupanin-demokratiklestirilmesi-icin-bir-antlasma-teklifi\/","title":{"rendered":"Avrupa\u2019n\u0131n Demokratikle\u015ftirilmesi i\u00e7in Bir Antla\u015fma Teklifi"},"content":{"rendered":"<p>T\u00fcrkiye\u2019nin Avrupa Birli\u011fi yolculu\u011fu, kar\u015f\u0131l\u0131kl\u0131 nedenlerden \u00f6t\u00fcr\u00fc bir s\u00fcredir ilk h\u0131z\u0131n\u0131 yitirmi\u015f gibi g\u00f6r\u00fcn\u00fcyor. Avrupa\u2019da ise y\u00fckselen pop\u00fclist siyasal dalga ve \u0130ngiltere\u2019deki Brexit referandumu da\u011f\u0131lma endi\u015fesini g\u00fcndemin \u00f6nemli bir maddesi haline getirmi\u015f durumda. Benoit Hamon taraf\u0131ndan bir araya getirilen tan\u0131nm\u0131\u015f hukuk\u00e7u, siyaset bilimci ve ekonomistlerden olu\u015fan ekibin kaleme ald\u0131\u011f\u0131 Avrupa\u2019n\u0131n Demokratikle\u015ftirilmesi \u0130\u00e7in Bir Antla\u015fma Teklifi, bu yak\u0131c\u0131 g\u00fcndeme bir yan\u0131t niteli\u011fini ta\u015f\u0131yor. <\/p>\n","protected":false},"excerpt":{"rendered":"<p>T\u00fcrkiye\u2019nin Avrupa Birli\u011fi yolculu\u011fu, kar\u015f\u0131l\u0131kl\u0131 nedenlerden \u00f6t\u00fcr\u00fc bir s\u00fcredir ilk h\u0131z\u0131n\u0131 yitirmi\u015f gibi g\u00f6r\u00fcn\u00fcyor. Avrupa\u2019da ise y\u00fckselen pop\u00fclist siyasal dalga ve \u0130ngiltere\u2019deki Brexit referandumu da\u011f\u0131lma endi\u015fesini<span class=\"excerpt-hellip\"> [\u2026]<\/span><\/p>\n","protected":false},"featured_media":0,"template":"","meta":{"_monsterinsights_skip_tracking":false,"_monsterinsights_sitenote_active":false,"_monsterinsights_sitenote_note":"","_monsterinsights_sitenote_category":0},"product_brand":[],"product_cat":[13590,12337],"product_tag":[],"class_list":{"0":"post-710308","1":"product","2":"type-product","3":"status-publish","5":"product_cat-arastirma-inceleme-politika-siyaset","6":"product_cat-politika-siyaset","7":"pa_cilt-ciltsiz","8":"pa_tur-kitap","9":"pa_yayinevi-is-bankasi-kultur-yayinlari","10":"pa_yazar-stephanie-hennette-thomas-piketty-guillaume-sacriste-antoine-vauchez","12":"first","13":"instock","14":"sale","15":"shipping-taxable","16":"purchasable","17":"product-type-simple"},"_links":{"self":[{"href":"https:\/\/roveyayinevi.com.tr\/index.php\/wp-json\/wp\/v2\/product\/710308","targetHints":{"allow":["GET"]}}],"collection":[{"href":"https:\/\/roveyayinevi.com.tr\/index.php\/wp-json\/wp\/v2\/product"}],"about":[{"href":"https:\/\/roveyayinevi.com.tr\/index.php\/wp-json\/wp\/v2\/types\/product"}],"wp:attachment":[{"href":"https:\/\/roveyayinevi.com.tr\/index.php\/wp-json\/wp\/v2\/media?parent=710308"}],"wp:term":[{"taxonomy":"product_brand","embeddable":true,"href":"https:\/\/roveyayinevi.com.tr\/index.php\/wp-json\/wp\/v2\/product_brand?post=710308"},{"taxonomy":"product_cat","embeddable":true,"href":"https:\/\/roveyayinevi.com.tr\/index.php\/wp-json\/wp\/v2\/product_cat?post=710308"},{"taxonomy":"product_tag","embeddable":true,"href":"https:\/\/roveyayinevi.com.tr\/index.php\/wp-json\/wp\/v2\/product_tag?post=710308"}],"curies":[{"name":"wp","href":"https:\/\/api.w.org\/{rel}","templated":true}]}}