{"id":710306,"date":"2025-08-27T16:34:29","date_gmt":"2025-08-27T13:34:29","guid":{"rendered":"https:\/\/roveyayinevi.com.tr\/index.php\/urun\/denizler-altinda-yirmi-bin-fersah-kisaltilmis-metin\/"},"modified":"2026-04-16T02:19:14","modified_gmt":"2026-04-15T23:19:14","slug":"denizler-altinda-yirmi-bin-fersah-kisaltilmis-metin","status":"publish","type":"product","link":"https:\/\/roveyayinevi.com.tr\/index.php\/urun\/denizler-altinda-yirmi-bin-fersah-kisaltilmis-metin\/","title":{"rendered":"Denizler Alt\u0131nda Yirmi Bin Fersah ( K\u0131salt\u0131lm\u0131\u015f Metin )"},"content":{"rendered":"<p>Okyanuslarda tuhaf bir karma\u015fa ya\u015fan\u0131yordu. Ne oldu\u011fu bir t\u00fcrl\u00fc tahmin edilemeyen devasa bir yarat\u0131k, gemilere \u00e7arp\u0131yor, imk\u00e2ns\u0131z h\u0131zlarla hareket edebiliyor, hatta denize \u0131\u015f\u0131k sa\u00e7\u0131yordu. O d\u00f6nemin teknolojisi bunun insan yap\u0131m\u0131 bir ara\u00e7 olmas\u0131 i\u00e7in \u00e7ok yetersizdi, bu nedenle ortak d\u00fc\u015f\u00fcnce bu canavar\u0131n a\u015f\u0131r\u0131 geli\u015fmi\u015f bir deniz gergedan\u0131 oldu\u011fuydu. Sonunda hayvan\u0131n yakalanmas\u0131 i\u00e7in bir gemi haz\u0131rland\u0131 ve okyanusa a\u00e7\u0131ld\u0131. Ekipte do\u011fa bilimci Pierre Aronnax ve yard\u0131mc\u0131s\u0131 ile \u00fcnl\u00fc balina avc\u0131s\u0131 Ned Land de yer al\u0131yordu. Gemi g\u00fcnlerce denizlerde dola\u015ft\u0131, ancak hayvan ortada yoktu. Umutlar\u0131n t\u00fckendi\u011fi ve d\u00f6n\u00fc\u015f konu\u015fmalar\u0131n\u0131n yap\u0131ld\u0131\u011f\u0131 noktada, dev deniz canavar\u0131 kar\u015f\u0131lar\u0131na \u00e7\u0131kt\u0131. Ancak hi\u00e7bir \u015fey d\u00fc\u015f\u00fcnd\u00fckleri gibi de\u011fildi ve as\u0131l macera bu andan sonra ba\u015flayacakt\u0131. E\u011flenceli, heyecanl\u0131, harika bir macera!..<\/p>\n","protected":false},"excerpt":{"rendered":"<p>Okyanuslarda tuhaf bir karma\u015fa ya\u015fan\u0131yordu. Ne oldu\u011fu bir t\u00fcrl\u00fc tahmin edilemeyen devasa bir yarat\u0131k, gemilere \u00e7arp\u0131yor, imk\u00e2ns\u0131z h\u0131zlarla hareket edebiliyor, hatta denize \u0131\u015f\u0131k sa\u00e7\u0131yordu. O d\u00f6nemin<span class=\"excerpt-hellip\"> [\u2026]<\/span><\/p>\n","protected":false},"featured_media":0,"template":"","meta":{"_monsterinsights_skip_tracking":false,"_monsterinsights_sitenote_active":false,"_monsterinsights_sitenote_note":"","_monsterinsights_sitenote_category":0},"product_brand":[],"product_cat":[12274,12284],"product_tag":[],"class_list":{"0":"post-710306","1":"product","2":"type-product","3":"status-publish","5":"product_cat-cocuk-ve-genclik-kitaplari","6":"product_cat-hikayeler","7":"pa_cilt-ciltsiz","8":"pa_tur-kitap","9":"pa_yayinevi-is-bankasi-kultur-yayinlari","10":"pa_yazar-jules-verne","12":"first","13":"instock","14":"sale","15":"shipping-taxable","16":"purchasable","17":"product-type-simple"},"_links":{"self":[{"href":"https:\/\/roveyayinevi.com.tr\/index.php\/wp-json\/wp\/v2\/product\/710306","targetHints":{"allow":["GET"]}}],"collection":[{"href":"https:\/\/roveyayinevi.com.tr\/index.php\/wp-json\/wp\/v2\/product"}],"about":[{"href":"https:\/\/roveyayinevi.com.tr\/index.php\/wp-json\/wp\/v2\/types\/product"}],"wp:attachment":[{"href":"https:\/\/roveyayinevi.com.tr\/index.php\/wp-json\/wp\/v2\/media?parent=710306"}],"wp:term":[{"taxonomy":"product_brand","embeddable":true,"href":"https:\/\/roveyayinevi.com.tr\/index.php\/wp-json\/wp\/v2\/product_brand?post=710306"},{"taxonomy":"product_cat","embeddable":true,"href":"https:\/\/roveyayinevi.com.tr\/index.php\/wp-json\/wp\/v2\/product_cat?post=710306"},{"taxonomy":"product_tag","embeddable":true,"href":"https:\/\/roveyayinevi.com.tr\/index.php\/wp-json\/wp\/v2\/product_tag?post=710306"}],"curies":[{"name":"wp","href":"https:\/\/api.w.org\/{rel}","templated":true}]}}