{"id":710305,"date":"2025-08-27T16:34:28","date_gmt":"2025-08-27T13:34:28","guid":{"rendered":"https:\/\/roveyayinevi.com.tr\/index.php\/urun\/balonla-bes-hafta-kisaltilmis-metin-100-temel-eser\/"},"modified":"2026-04-16T02:19:14","modified_gmt":"2026-04-15T23:19:14","slug":"balonla-bes-hafta-kisaltilmis-metin-100-temel-eser","status":"publish","type":"product","link":"https:\/\/roveyayinevi.com.tr\/index.php\/urun\/balonla-bes-hafta-kisaltilmis-metin-100-temel-eser\/","title":{"rendered":"Balonla Be\u015f Hafta (K\u0131salt\u0131lm\u0131\u015f Metin) 100 Temel Eser"},"content":{"rendered":"<p>Kraliyet Co\u011frafya Derne\u011fi\u2019nin 14 Ocak 1862 tarihindeki toplant\u0131s\u0131nda yap\u0131lan a\u00e7\u0131klama, bilim d\u00fcnyas\u0131nda b\u00fcy\u00fck bir heyecan dalgas\u0131 yaratt\u0131. Doktor Fergusson, Afrika k\u0131tas\u0131n\u0131 boydan boya ge\u00e7meyi planl\u0131yordu. Tabii bu, pek de yeni bir fikir de\u011fildi. O g\u00fcne kadar bir\u00e7ok cesur k\u00e2\u015fif, gizemli k\u0131tan\u0131n s\u0131rlar\u0131n\u0131 ortaya \u00e7\u0131karmak i\u00e7in yollara d\u00fc\u015fm\u00fc\u015f ve b\u00fcy\u00fck bir b\u00f6l\u00fcm\u00fc de bu yolda hayat\u0131n\u0131 kaybetmi\u015fti. Baz\u0131 k\u00e2\u015fifler ise gezilerini belli bir alanla s\u0131n\u0131rlam\u0131\u015f ve sadece birka\u00e7 b\u00f6lgeyi ge\u00e7ebilmi\u015flerdi. Doktor Fergusson yolculu\u011funa Hint Okyanusu\u2019ndan ba\u015flayacak, k\u0131tay\u0131 ba\u015ftan ba\u015fa ge\u00e7ecekve Atlantik Okyanusu\u2019na ula\u015facakt\u0131. Doktor\u2019un fikri \u00e7\u0131lg\u0131nl\u0131k olarak kabul edildi. O g\u00fcn\u00fcn \u015fartlar\u0131nda b\u00fcy\u00fck bir ordu bile bu yolculu\u011fu tamamlayamazd\u0131. Asl\u0131nda Doktor Fergusson\u2019un plan\u0131 insanlar\u0131n d\u00fc\u015f\u00fcnd\u00fc\u011f\u00fcnden \u00e7ok daha \u00e7\u0131lg\u0131nd\u0131, \u00e7\u00fcnk\u00fc \u00fcnl\u00fc k\u00e2\u015fif b\u00fct\u00fcn k\u0131tay\u0131 bir s\u0131cak hava balonuyla ge\u00e7meyi d\u00fc\u015f\u00fcn\u00fcyordu. E\u011flenceli, heyecanl\u0131, harika bir macera!.. <\/p>\n","protected":false},"excerpt":{"rendered":"<p>Kraliyet Co\u011frafya Derne\u011fi\u2019nin 14 Ocak 1862 tarihindeki toplant\u0131s\u0131nda yap\u0131lan a\u00e7\u0131klama, bilim d\u00fcnyas\u0131nda b\u00fcy\u00fck bir heyecan dalgas\u0131 yaratt\u0131. Doktor Fergusson, Afrika k\u0131tas\u0131n\u0131 boydan boya ge\u00e7meyi planl\u0131yordu. Tabii<span class=\"excerpt-hellip\"> [\u2026]<\/span><\/p>\n","protected":false},"featured_media":0,"template":"","meta":{"_monsterinsights_skip_tracking":false,"_monsterinsights_sitenote_active":false,"_monsterinsights_sitenote_note":"","_monsterinsights_sitenote_category":0},"product_brand":[],"product_cat":[12274,12284],"product_tag":[],"class_list":{"0":"post-710305","1":"product","2":"type-product","3":"status-publish","5":"product_cat-cocuk-ve-genclik-kitaplari","6":"product_cat-hikayeler","7":"pa_cilt-ciltsiz","8":"pa_tur-kitap","9":"pa_yayinevi-is-bankasi-kultur-yayinlari","10":"pa_yazar-jules-verne","12":"first","13":"instock","14":"sale","15":"shipping-taxable","16":"purchasable","17":"product-type-simple"},"_links":{"self":[{"href":"https:\/\/roveyayinevi.com.tr\/index.php\/wp-json\/wp\/v2\/product\/710305","targetHints":{"allow":["GET"]}}],"collection":[{"href":"https:\/\/roveyayinevi.com.tr\/index.php\/wp-json\/wp\/v2\/product"}],"about":[{"href":"https:\/\/roveyayinevi.com.tr\/index.php\/wp-json\/wp\/v2\/types\/product"}],"wp:attachment":[{"href":"https:\/\/roveyayinevi.com.tr\/index.php\/wp-json\/wp\/v2\/media?parent=710305"}],"wp:term":[{"taxonomy":"product_brand","embeddable":true,"href":"https:\/\/roveyayinevi.com.tr\/index.php\/wp-json\/wp\/v2\/product_brand?post=710305"},{"taxonomy":"product_cat","embeddable":true,"href":"https:\/\/roveyayinevi.com.tr\/index.php\/wp-json\/wp\/v2\/product_cat?post=710305"},{"taxonomy":"product_tag","embeddable":true,"href":"https:\/\/roveyayinevi.com.tr\/index.php\/wp-json\/wp\/v2\/product_tag?post=710305"}],"curies":[{"name":"wp","href":"https:\/\/api.w.org\/{rel}","templated":true}]}}