{"id":710303,"date":"2025-08-27T16:34:27","date_gmt":"2025-08-27T13:34:27","guid":{"rendered":"https:\/\/roveyayinevi.com.tr\/index.php\/urun\/fe-to-ana-dava-iddianamesi-cati-iddianame\/"},"modified":"2026-04-16T02:19:14","modified_gmt":"2026-04-15T23:19:14","slug":"fe-to-ana-dava-iddianamesi-cati-iddianame","status":"publish","type":"product","link":"https:\/\/roveyayinevi.com.tr\/index.php\/urun\/fe-to-ana-dava-iddianamesi-cati-iddianame\/","title":{"rendered":"FE T\u00d6 Ana Dava \u0130ddianamesi (\u00c7at\u0131 \u0130ddianame)"},"content":{"rendered":"<p>Bu kitap, F etullah G\u00fclen ba\u015fta olmak \u00fczere 73 san\u0131\u011f\u0131n yarg\u0131land\u0131\u011f\u0131 Ankara 4. A\u011f\u0131r Ceza Mahkemesi taraf\u0131ndan g\u00f6r\u00fclen F etullah\u00e7\u0131 Ter\u00f6r \u00d6rg\u00fct\u00fc (FE*T\u00d6) ana davas\u0131 i\u00e7in haz\u0131rlanan \u00e7at\u0131 iddianamenin t\u0131pk\u0131bas\u0131m\u0131d\u0131r.\u0130ddianame, T\u00fcrkiye&#8217;de Gladyo&#8217;nun 50 y\u0131ll\u0131k ge\u00e7mi\u015fini g\u00f6zler \u00f6n\u00fcne sererken, FE*T\u00d6&#8217;n\u00fcn nas\u0131l bir su\u00e7 \u00f6rg\u00fct\u00fc oldu\u011funu ve i\u015fledi\u011fi su\u00e7lar\u0131 b\u00fct\u00fcn ba\u011flant\u0131lar\u0131yla ortaya koyuyor. <\/p>\n","protected":false},"excerpt":{"rendered":"<p>Bu kitap, F etullah G\u00fclen ba\u015fta olmak \u00fczere 73 san\u0131\u011f\u0131n yarg\u0131land\u0131\u011f\u0131 Ankara 4. A\u011f\u0131r Ceza Mahkemesi taraf\u0131ndan g\u00f6r\u00fclen F etullah\u00e7\u0131 Ter\u00f6r \u00d6rg\u00fct\u00fc (FE*T\u00d6) ana davas\u0131 i\u00e7in<span class=\"excerpt-hellip\"> [\u2026]<\/span><\/p>\n","protected":false},"featured_media":0,"template":"","meta":{"_monsterinsights_skip_tracking":false,"_monsterinsights_sitenote_active":false,"_monsterinsights_sitenote_note":"","_monsterinsights_sitenote_category":0},"product_brand":[],"product_cat":[12337,14543],"product_tag":[],"class_list":{"0":"post-710303","1":"product","2":"type-product","3":"status-publish","5":"product_cat-politika-siyaset","6":"product_cat-turkiye-siyaseti-ve-politikasi","7":"pa_cilt-ciltsiz","8":"pa_tur-kitap","9":"pa_yayinevi-kaynak-yayinlari","10":"pa_yazar-muhammed-gomuk","12":"first","13":"instock","14":"sale","15":"shipping-taxable","16":"purchasable","17":"product-type-simple"},"_links":{"self":[{"href":"https:\/\/roveyayinevi.com.tr\/index.php\/wp-json\/wp\/v2\/product\/710303","targetHints":{"allow":["GET"]}}],"collection":[{"href":"https:\/\/roveyayinevi.com.tr\/index.php\/wp-json\/wp\/v2\/product"}],"about":[{"href":"https:\/\/roveyayinevi.com.tr\/index.php\/wp-json\/wp\/v2\/types\/product"}],"wp:attachment":[{"href":"https:\/\/roveyayinevi.com.tr\/index.php\/wp-json\/wp\/v2\/media?parent=710303"}],"wp:term":[{"taxonomy":"product_brand","embeddable":true,"href":"https:\/\/roveyayinevi.com.tr\/index.php\/wp-json\/wp\/v2\/product_brand?post=710303"},{"taxonomy":"product_cat","embeddable":true,"href":"https:\/\/roveyayinevi.com.tr\/index.php\/wp-json\/wp\/v2\/product_cat?post=710303"},{"taxonomy":"product_tag","embeddable":true,"href":"https:\/\/roveyayinevi.com.tr\/index.php\/wp-json\/wp\/v2\/product_tag?post=710303"}],"curies":[{"name":"wp","href":"https:\/\/api.w.org\/{rel}","templated":true}]}}