{"id":710299,"date":"2025-08-27T16:34:25","date_gmt":"2025-08-27T13:34:25","guid":{"rendered":"https:\/\/roveyayinevi.com.tr\/index.php\/urun\/fikirden-isletmeye-isim-girisim\/"},"modified":"2026-04-16T02:19:14","modified_gmt":"2026-04-15T23:19:14","slug":"fikirden-isletmeye-isim-girisim","status":"publish","type":"product","link":"https:\/\/roveyayinevi.com.tr\/index.php\/urun\/fikirden-isletmeye-isim-girisim\/","title":{"rendered":"Fikirden \u0130\u015fletmeye \u0130\u015fim Giri\u015fim"},"content":{"rendered":"<p>\u0130\u00e7indekiler 1-Ya\u015fam\u0131n Kendisi: Giri\u015fimcilik 2-Kendini Tan\u0131ma Sanat\u0131 3-\u0130nsan\u0131 Tan\u0131ma Sanat\u0131 4-Her \u0130\u015fin Ba\u015f\u0131 Fikir 5- Anlam Yarat Sende Kazan 6-Mavi Okyanus Stratejisi 7-Her \u0130\u015fletme bir Canl\u0131d\u0131r 8-Y\u00f6netim ve S\u00fcre\u00e7leri 9-Do\u011fru \u0130leti\u015fim Kazand\u0131r\u0131r 10-R\u00fczgar\u0131n\u0131 Kendin Yarat 11-\u00dcretim ve S\u00fcre\u00e7leri 12-M\u00fc\u015fteri \u0130li\u015fkileri Y\u00f6netimi <\/p>\n","protected":false},"excerpt":{"rendered":"<p>\u0130\u00e7indekiler 1-Ya\u015fam\u0131n Kendisi: Giri\u015fimcilik 2-Kendini Tan\u0131ma Sanat\u0131 3-\u0130nsan\u0131 Tan\u0131ma Sanat\u0131 4-Her \u0130\u015fin Ba\u015f\u0131 Fikir 5- Anlam Yarat Sende Kazan 6-Mavi Okyanus Stratejisi 7-Her \u0130\u015fletme bir Canl\u0131d\u0131r<span class=\"excerpt-hellip\"> [\u2026]<\/span><\/p>\n","protected":false},"featured_media":0,"template":"","meta":{"_monsterinsights_skip_tracking":false,"_monsterinsights_sitenote_active":false,"_monsterinsights_sitenote_note":"","_monsterinsights_sitenote_category":0},"product_brand":[],"product_cat":[12573,12566],"product_tag":[],"class_list":{"0":"post-710299","1":"product","2":"type-product","3":"status-publish","5":"product_cat-akademik-kitaplar","6":"product_cat-egitim","7":"pa_cilt-ciltsiz","8":"pa_tur-kitap","9":"pa_yayinevi-gazi-kitabevi","10":"pa_yazar-senem-kilic","12":"first","13":"instock","14":"sale","15":"shipping-taxable","16":"purchasable","17":"product-type-simple"},"_links":{"self":[{"href":"https:\/\/roveyayinevi.com.tr\/index.php\/wp-json\/wp\/v2\/product\/710299","targetHints":{"allow":["GET"]}}],"collection":[{"href":"https:\/\/roveyayinevi.com.tr\/index.php\/wp-json\/wp\/v2\/product"}],"about":[{"href":"https:\/\/roveyayinevi.com.tr\/index.php\/wp-json\/wp\/v2\/types\/product"}],"wp:attachment":[{"href":"https:\/\/roveyayinevi.com.tr\/index.php\/wp-json\/wp\/v2\/media?parent=710299"}],"wp:term":[{"taxonomy":"product_brand","embeddable":true,"href":"https:\/\/roveyayinevi.com.tr\/index.php\/wp-json\/wp\/v2\/product_brand?post=710299"},{"taxonomy":"product_cat","embeddable":true,"href":"https:\/\/roveyayinevi.com.tr\/index.php\/wp-json\/wp\/v2\/product_cat?post=710299"},{"taxonomy":"product_tag","embeddable":true,"href":"https:\/\/roveyayinevi.com.tr\/index.php\/wp-json\/wp\/v2\/product_tag?post=710299"}],"curies":[{"name":"wp","href":"https:\/\/api.w.org\/{rel}","templated":true}]}}