{"id":710296,"date":"2025-08-27T16:34:23","date_gmt":"2025-08-27T13:34:23","guid":{"rendered":"https:\/\/roveyayinevi.com.tr\/index.php\/urun\/kelebek-ile-keman\/"},"modified":"2026-04-16T02:19:14","modified_gmt":"2026-04-15T23:19:14","slug":"kelebek-ile-keman","status":"publish","type":"product","link":"https:\/\/roveyayinevi.com.tr\/index.php\/urun\/kelebek-ile-keman\/","title":{"rendered":"Kelebek ile Keman"},"content":{"rendered":"<p>Y\u00fcre\u011finin en \u0131ss\u0131z k\u00f6\u015fesinde bile bir kelebe\u011fin umuda kanat \u00e7\u0131rpt\u0131\u011f\u0131n\u0131 duyabilirsin\u2026Manhattan\u2019da bir sanat galerisi i\u015fleten Sera James\u2019in \u00e7ocuklu\u011fundan bu yana i\u00e7inde ta\u015f\u0131d\u0131\u011f\u0131 tek bir tutkusu vard\u0131r. H\u00fcz\u00fcnl\u00fc mavi g\u00f6zlere sahip, g\u00fczel bir keman virt\u00fc\u00f6z\u00fcn\u00fc tasvir eden gizemli tabloyu yeniden g\u00f6rmek\u2026Ara\u015ft\u0131rmalar\u0131 onu tablonun s\u0131rr\u0131n\u0131 \u00e7\u00f6zmesinde yard\u0131mc\u0131 olabilecek birine g\u00f6t\u00fcrecektir. S\u00f6z konusu resimdeki k\u0131z\u0131n hik\u00e2yesini ise birlikte \u00f6\u011freneceklerdir. Avusturyal\u0131 keman virt\u00fc\u00f6z\u00fc Adele Von Bron\u2019un hik\u00e2yesini\u20261942 y\u0131l\u0131nda y\u00fcksek r\u00fctbeli bir Nazi subay\u0131n\u0131n k\u0131z\u0131 olan Adele, hayallerini ve y\u00fcre\u011finde saklad\u0131\u011f\u0131 a\u015fk\u0131 riske atarak Viyena\u2019daki masum insanlara ka\u00e7mas\u0131 i\u00e7in yard\u0131m ediyordur. Ancak kendisini tel \u00f6rg\u00fclerle \u00e7evrili bir toplama kamp\u0131nda bulacakt\u0131r. Ve esir keman\u0131n g\u00f6zya\u015flar\u0131 art\u0131k ne\u015feyle de\u011fil, hayatlar\u0131 gaz odas\u0131nda son bulan masumlar i\u00e7in h\u00fcz\u00fcnle akacakt\u0131r.Sera, Adele\u2019in y\u00fcrek burkan bu hik\u00e2yesinin ayr\u0131nt\u0131lar\u0131n\u0131 ke\u015ffettik\u00e7e umudun yok oldu\u011fu yerlerde bile g\u00fczelliklerin a\u00e7abildi\u011fini \u00f6\u011frenecektir. T\u0131pk\u0131 toplama kamp\u0131nda ve kendi kederli kalbinde a\u00e7abildikleri gibi\u2026Kelebek ile Keman, sava\u015f\u0131n \u00fcrk\u00fct\u00fcc\u00fc yan\u0131n\u0131, sonsuz fedak\u00e2rl\u0131\u011f\u0131 ve inanc\u0131n y\u00fcceli\u011fini muhte\u015fem bir dille ortaya koyan bir ba\u015fyap\u0131t. A\u011flayan keman\u0131n sesine kulak verin\u2026\u201cFarkl\u0131 ko\u015fullar alt\u0131nda ya\u015fanan zorluklar\u0131 ve inanc\u0131n g\u00fcc\u00fcn\u00fc anlatan muhte\u015fem bir ba\u015fyap\u0131t. \u0130kinci D\u00fcnya Sava\u015f\u0131 d\u00f6nemine ilgi duyuyorsan\u0131z, dahas\u0131 Ellen Marie Wiseman\u2019\u0131n Erik A\u011fac\u0131 adl\u0131 eserini be\u011fendiyseniz bu kitap da tam size g\u00f6re.\u201d <\/p>\n","protected":false},"excerpt":{"rendered":"<p>Y\u00fcre\u011finin en \u0131ss\u0131z k\u00f6\u015fesinde bile bir kelebe\u011fin umuda kanat \u00e7\u0131rpt\u0131\u011f\u0131n\u0131 duyabilirsin\u2026Manhattan\u2019da bir sanat galerisi i\u015fleten Sera James\u2019in \u00e7ocuklu\u011fundan bu yana i\u00e7inde ta\u015f\u0131d\u0131\u011f\u0131 tek bir tutkusu vard\u0131r.<span class=\"excerpt-hellip\"> [\u2026]<\/span><\/p>\n","protected":false},"featured_media":0,"template":"","meta":{"_monsterinsights_skip_tracking":false,"_monsterinsights_sitenote_active":false,"_monsterinsights_sitenote_note":"","_monsterinsights_sitenote_category":0},"product_brand":[],"product_cat":[12291,12711],"product_tag":[],"class_list":{"0":"post-710296","1":"product","2":"type-product","3":"status-publish","5":"product_cat-edebiyat","6":"product_cat-roman-oyku","7":"pa_cilt-ciltsiz","8":"pa_tur-kitap","9":"pa_yayinevi-arkadya-yayinlari","10":"pa_yazar-kristy-cambron","12":"first","13":"instock","14":"sale","15":"shipping-taxable","16":"purchasable","17":"product-type-simple"},"_links":{"self":[{"href":"https:\/\/roveyayinevi.com.tr\/index.php\/wp-json\/wp\/v2\/product\/710296","targetHints":{"allow":["GET"]}}],"collection":[{"href":"https:\/\/roveyayinevi.com.tr\/index.php\/wp-json\/wp\/v2\/product"}],"about":[{"href":"https:\/\/roveyayinevi.com.tr\/index.php\/wp-json\/wp\/v2\/types\/product"}],"wp:attachment":[{"href":"https:\/\/roveyayinevi.com.tr\/index.php\/wp-json\/wp\/v2\/media?parent=710296"}],"wp:term":[{"taxonomy":"product_brand","embeddable":true,"href":"https:\/\/roveyayinevi.com.tr\/index.php\/wp-json\/wp\/v2\/product_brand?post=710296"},{"taxonomy":"product_cat","embeddable":true,"href":"https:\/\/roveyayinevi.com.tr\/index.php\/wp-json\/wp\/v2\/product_cat?post=710296"},{"taxonomy":"product_tag","embeddable":true,"href":"https:\/\/roveyayinevi.com.tr\/index.php\/wp-json\/wp\/v2\/product_tag?post=710296"}],"curies":[{"name":"wp","href":"https:\/\/api.w.org\/{rel}","templated":true}]}}