{"id":710295,"date":"2025-08-27T16:34:23","date_gmt":"2025-08-27T13:34:23","guid":{"rendered":"https:\/\/roveyayinevi.com.tr\/index.php\/urun\/gokkusagi-mavi-seri-kucuk-kadinlar\/"},"modified":"2026-04-16T02:19:14","modified_gmt":"2026-04-15T23:19:14","slug":"gokkusagi-mavi-seri-kucuk-kadinlar","status":"publish","type":"product","link":"https:\/\/roveyayinevi.com.tr\/index.php\/urun\/gokkusagi-mavi-seri-kucuk-kadinlar\/","title":{"rendered":"G\u00f6kku\u015fa\u011f\u0131 Mavi Seri &#8211; K\u00fc\u00e7\u00fck Kad\u0131nlar"},"content":{"rendered":"<p>K\u00fc\u00e7\u00fck Kad\u0131nlar, Louisa May Alcott\u2019un eserinden uyarlanm\u0131\u015ft\u0131r. D\u00f6rt k\u0131z karde\u015fin duygu ve heyecan dolu maceralar\u0131n\u0131 bir solukta okuyacaks\u0131n\u0131z. Aksilikler Meg, Jo, Beth ve Amy\u2019i rahat b\u0131rakm\u0131yor. Hastal\u0131k kap\u0131y\u0131 \u00e7al\u0131yor, sinirler geriliyor, derken hayatlar\u0131ndaki kap\u0131lar yepyeni deneyimlere ve mutlulu\u011fa a\u00e7\u0131l\u0131yor. <\/p>\n","protected":false},"excerpt":{"rendered":"<p>K\u00fc\u00e7\u00fck Kad\u0131nlar, Louisa May Alcott\u2019un eserinden uyarlanm\u0131\u015ft\u0131r. D\u00f6rt k\u0131z karde\u015fin duygu ve heyecan dolu maceralar\u0131n\u0131 bir solukta okuyacaks\u0131n\u0131z. Aksilikler Meg, Jo, Beth ve Amy\u2019i rahat b\u0131rakm\u0131yor.<span class=\"excerpt-hellip\"> [\u2026]<\/span><\/p>\n","protected":false},"featured_media":0,"template":"","meta":{"_monsterinsights_skip_tracking":false,"_monsterinsights_sitenote_active":false,"_monsterinsights_sitenote_note":"","_monsterinsights_sitenote_category":0},"product_brand":[],"product_cat":[12274,12284],"product_tag":[],"class_list":{"0":"post-710295","1":"product","2":"type-product","3":"status-publish","5":"product_cat-cocuk-ve-genclik-kitaplari","6":"product_cat-hikayeler","7":"pa_cilt-ciltsiz","8":"pa_tur-kitap","9":"pa_yayinevi-arkadas-yayinlari","10":"pa_yazar-louisa-m-alcott","12":"first","13":"instock","14":"sale","15":"shipping-taxable","16":"purchasable","17":"product-type-simple"},"_links":{"self":[{"href":"https:\/\/roveyayinevi.com.tr\/index.php\/wp-json\/wp\/v2\/product\/710295","targetHints":{"allow":["GET"]}}],"collection":[{"href":"https:\/\/roveyayinevi.com.tr\/index.php\/wp-json\/wp\/v2\/product"}],"about":[{"href":"https:\/\/roveyayinevi.com.tr\/index.php\/wp-json\/wp\/v2\/types\/product"}],"wp:attachment":[{"href":"https:\/\/roveyayinevi.com.tr\/index.php\/wp-json\/wp\/v2\/media?parent=710295"}],"wp:term":[{"taxonomy":"product_brand","embeddable":true,"href":"https:\/\/roveyayinevi.com.tr\/index.php\/wp-json\/wp\/v2\/product_brand?post=710295"},{"taxonomy":"product_cat","embeddable":true,"href":"https:\/\/roveyayinevi.com.tr\/index.php\/wp-json\/wp\/v2\/product_cat?post=710295"},{"taxonomy":"product_tag","embeddable":true,"href":"https:\/\/roveyayinevi.com.tr\/index.php\/wp-json\/wp\/v2\/product_tag?post=710295"}],"curies":[{"name":"wp","href":"https:\/\/api.w.org\/{rel}","templated":true}]}}