{"id":710292,"date":"2025-08-27T16:34:21","date_gmt":"2025-08-27T13:34:21","guid":{"rendered":"https:\/\/roveyayinevi.com.tr\/index.php\/urun\/kulkedisi-serisi-1-renkli-dusler-sahnesi\/"},"modified":"2026-04-16T02:18:57","modified_gmt":"2026-04-15T23:18:57","slug":"kulkedisi-serisi-1-renkli-dusler-sahnesi","status":"publish","type":"product","link":"https:\/\/roveyayinevi.com.tr\/index.php\/urun\/kulkedisi-serisi-1-renkli-dusler-sahnesi\/","title":{"rendered":"K\u00fclkedisi Serisi 1 &#8211; Renkli D\u00fc\u015fler Sahnesi"},"content":{"rendered":"<p>MODERN K\u00dcLKED\u0130S\u0130 MASALINA HO\u015e GELD\u0130N\u0130Z\u2026   HAYAT SANA L\u0130MON VER\u0130YORSA L\u0130MONATA YAP DERLER. PEL\u0130N \u0130SE L\u0130MONATA YAPMAK YER\u0130NE KEND\u0130 G\u00d6KKU\u015eA\u011eINA B\u0130R RENK DAHA EKLEMEY\u0130 TERC\u0130H EDER VE K\u00dcLKED\u0130S\u0130 OLARAK ANILDI\u011eI \u015eU HAYATI RENKL\u0130 D\u00dc\u015eLERLE DOLU B\u0130R SAHNEYE \u00c7EV\u0130R\u0130R.   Yat\u0131l\u0131 okulda okuyan liseli bir gen\u00e7 k\u0131zken, K\u0131rm\u0131z\u0131 Ba\u015fl\u0131kl\u0131 Cad\u0131 dedi\u011fi \u00fcvey karde\u015fi y\u00fcz\u00fcnden kendisini bir anda, y\u0131llar \u00f6nce ka\u00e7t\u0131\u011f\u0131 Z\u00fcmr\u00fct Evleri&#8217;nde bulur. Uzakta kalan dostlar\u0131n\u0131n hasreti, s\u0131nav tela\u015f\u0131, ilk a\u015fk ve a\u00e7\u0131\u011fa \u00e7\u0131kmas\u0131 gereken s\u0131rlar derken, t\u00fcm bu s\u0131k\u0131nt\u0131larla ba\u015f edebilmenin en g\u00fczel yolunun onlarla oynamak oldu\u011funu ke\u015ffeder.   PEK\u0130, SEN BU E\u011eLENCE VE DOSTLUK DOLU RENKL\u0130 D\u00dc\u015eLER SAHNES\u0130&#8217;NDE B\u0130R \u0130ZLEY\u0130C\u0130 OLMAYA HAZIR MISIN? <\/p>\n","protected":false},"excerpt":{"rendered":"<p>MODERN K\u00dcLKED\u0130S\u0130 MASALINA HO\u015e GELD\u0130N\u0130Z\u2026 HAYAT SANA L\u0130MON VER\u0130YORSA L\u0130MONATA YAP DERLER. PEL\u0130N \u0130SE L\u0130MONATA YAPMAK YER\u0130NE KEND\u0130 G\u00d6KKU\u015eA\u011eINA B\u0130R RENK DAHA EKLEMEY\u0130 TERC\u0130H EDER VE<span class=\"excerpt-hellip\"> [\u2026]<\/span><\/p>\n","protected":false},"featured_media":0,"template":"","meta":{"_monsterinsights_skip_tracking":false,"_monsterinsights_sitenote_active":false,"_monsterinsights_sitenote_note":"","_monsterinsights_sitenote_category":0},"product_brand":[],"product_cat":[12291,12711],"product_tag":[],"class_list":{"0":"post-710292","1":"product","2":"type-product","3":"status-publish","5":"product_cat-edebiyat","6":"product_cat-roman-oyku","7":"pa_cilt-ciltli","8":"pa_tur-kitap","9":"pa_yayinevi-ephesus-yayinlari","10":"pa_yazar-meryem-nart","12":"first","13":"instock","14":"sale","15":"shipping-taxable","16":"purchasable","17":"product-type-simple"},"_links":{"self":[{"href":"https:\/\/roveyayinevi.com.tr\/index.php\/wp-json\/wp\/v2\/product\/710292","targetHints":{"allow":["GET"]}}],"collection":[{"href":"https:\/\/roveyayinevi.com.tr\/index.php\/wp-json\/wp\/v2\/product"}],"about":[{"href":"https:\/\/roveyayinevi.com.tr\/index.php\/wp-json\/wp\/v2\/types\/product"}],"wp:attachment":[{"href":"https:\/\/roveyayinevi.com.tr\/index.php\/wp-json\/wp\/v2\/media?parent=710292"}],"wp:term":[{"taxonomy":"product_brand","embeddable":true,"href":"https:\/\/roveyayinevi.com.tr\/index.php\/wp-json\/wp\/v2\/product_brand?post=710292"},{"taxonomy":"product_cat","embeddable":true,"href":"https:\/\/roveyayinevi.com.tr\/index.php\/wp-json\/wp\/v2\/product_cat?post=710292"},{"taxonomy":"product_tag","embeddable":true,"href":"https:\/\/roveyayinevi.com.tr\/index.php\/wp-json\/wp\/v2\/product_tag?post=710292"}],"curies":[{"name":"wp","href":"https:\/\/api.w.org\/{rel}","templated":true}]}}