{"id":710291,"date":"2025-08-27T16:34:21","date_gmt":"2025-08-27T13:34:21","guid":{"rendered":"https:\/\/roveyayinevi.com.tr\/index.php\/urun\/tirpanli-adam\/"},"modified":"2026-04-16T02:18:57","modified_gmt":"2026-04-15T23:18:57","slug":"tirpanli-adam","status":"publish","type":"product","link":"https:\/\/roveyayinevi.com.tr\/index.php\/urun\/tirpanli-adam\/","title":{"rendered":"T\u0131rpanl\u0131 Adam"},"content":{"rendered":"<p>\u201cHasat, t\u0131rpanl\u0131 adam\u0131n onu \u00f6nemsemesinden ba\u015fka, ne umut edebilir?\u201dK\u00fclt yazar S\u00f6r Terry Pratchett\u2019\u0131n, d\u00fcnya \u00e7ap\u0131nda 85 milyonun \u00fczerinde satan 41 kitapl\u0131k \u201cDiskD\u00fcnya\u201d serisi, \u00e7ok ama \u00e7ok uzaklardaki k\u00fc\u00e7\u00fck bir \u00e7iftli\u011fe g\u00f6\u00e7en ve t\u0131rpan\u0131yla ar\u015fa y\u00fckselen T\u0131rpanl\u0131 Adam&#8217;\u0131n s\u0131ra d\u0131\u015f\u0131 hik\u00e2yesi ile yoluna devam ediyor.Efsane dizinin, hararetli bir kaos ortam\u0131nda ge\u00e7en on birinci kitab\u0131nda; her dem zalim, mecaz \u00fcstad\u0131 \u00d6l\u00fcm bir kez daha Ankh-Morpork semalar\u0131nda kol geziyor.\u201c\u00d6l\u00fcm, olmak zorunda. Canl\u0131 olman\u0131n tek anlam\u0131 bu. Canl\u0131s\u0131n ve sonra \u00f6l\u00fcyorsun. \u00d6l\u00fcm duramaz.\u201dAma durdu. Ger\u00e7ekten durdu ve o ihti\u015fam\u0131yla g\u00f6z kama\u015ft\u0131ran DiskD\u00fcnya \u0131\u015f\u0131k h\u0131z\u0131yla alt\u00fcst oldu. Emeklili\u011fi istendi\u011fi i\u00e7in sessiz sedas\u0131z kay\u0131plara kar\u0131\u015fan ve kendine yeni me\u015fgaleler aramaya koyulan \u00d6l\u00fcm bir an \u00f6nce g\u00f6revinin ba\u015f\u0131na d\u00f6nmeli. \u00c7\u00fcnk\u00fc \u00f6l\u00fcm\u00fcn olmad\u0131\u011f\u0131 yerde ya\u015fam olur ve\u2026 o da oldu. Hem de \u00e7ok fazla&#8230; Ve bu \u00f6yle bir ya\u015fam g\u00fcc\u00fcyd\u00fc ki \u015fehrin bile hayat\u0131n\u0131 s\u00f6m\u00fcrmekle tehdit ediyordu.Ankh-Morpork\u2019u ve DiskD\u00fcnya\u2019y\u0131 sapland\u0131klar\u0131 k\u00f6t\u00fcc\u00fcl ya\u015fam formundan kurtarabilmek i\u00e7in herkes teyakkuzda. B\u00fcy\u00fcc\u00fcler, hortlaklar, \u00f6lmemi\u015fler ve \u00d6l\u00fcm g\u00f6rev ba\u015f\u0131nda! \u00dcstelik cepheler farkl\u0131 olsa da bu sefer herkes birlikte \u00e7al\u0131\u015fmak zorunda.Niran El\u00e7i\u2019nin p\u00fcr\u00fczs\u00fcz T\u00fcrk\u00e7esi ve Delidolu\u2019nun \u00f6zenli bask\u0131s\u0131yla okurlar\u0131n\u0131n be\u011fenisine sunulan T\u0131rpanl\u0131 Adam, ya\u015fam enerjileri s\u0131f\u0131r\u0131n da alt\u0131nda olan bir avu\u00e7 ilgin\u00e7 ve \u00f6l\u00fcms\u00fcz &#8220;\u00f6teki&#8221;nin, apans\u0131z ortadan yok olan \u00d6l\u00fcm&#8217;\u00fcn pe\u015fine d\u00fc\u015ferken sergiledikleri ak\u0131l almaz m\u00fccadeleyi anlat\u0131rken, d\u00fc\u015f\u00fcnsel imgelemelerle bezeli, muzip, n\u00fcktedan ve bir o kadar da abs\u00fcrt bir d\u00fcnyan\u0131n kap\u0131lar\u0131n\u0131 aral\u0131yor.O zaman hasat zaman\u0131!..\u00d6ld\u00fck m\u00fc? Evet! G\u00f6\u00e7t\u00fck m\u00fc? Hay\u0131r! <\/p>\n","protected":false},"excerpt":{"rendered":"<p>\u201cHasat, t\u0131rpanl\u0131 adam\u0131n onu \u00f6nemsemesinden ba\u015fka, ne umut edebilir?\u201dK\u00fclt yazar S\u00f6r Terry Pratchett\u2019\u0131n, d\u00fcnya \u00e7ap\u0131nda 85 milyonun \u00fczerinde satan 41 kitapl\u0131k \u201cDiskD\u00fcnya\u201d serisi, \u00e7ok ama \u00e7ok<span class=\"excerpt-hellip\"> [\u2026]<\/span><\/p>\n","protected":false},"featured_media":0,"template":"","meta":{"_monsterinsights_skip_tracking":false,"_monsterinsights_sitenote_active":false,"_monsterinsights_sitenote_note":"","_monsterinsights_sitenote_category":0},"product_brand":[],"product_cat":[12291,14777],"product_tag":[],"class_list":{"0":"post-710291","1":"product","2":"type-product","3":"status-publish","5":"product_cat-edebiyat","6":"product_cat-fantastik","7":"pa_cilt-ciltsiz","8":"pa_tur-kitap","9":"pa_yayinevi-delidolu","10":"pa_yazar-terry-pratchett","12":"first","13":"instock","14":"sale","15":"shipping-taxable","16":"purchasable","17":"product-type-simple"},"_links":{"self":[{"href":"https:\/\/roveyayinevi.com.tr\/index.php\/wp-json\/wp\/v2\/product\/710291","targetHints":{"allow":["GET"]}}],"collection":[{"href":"https:\/\/roveyayinevi.com.tr\/index.php\/wp-json\/wp\/v2\/product"}],"about":[{"href":"https:\/\/roveyayinevi.com.tr\/index.php\/wp-json\/wp\/v2\/types\/product"}],"wp:attachment":[{"href":"https:\/\/roveyayinevi.com.tr\/index.php\/wp-json\/wp\/v2\/media?parent=710291"}],"wp:term":[{"taxonomy":"product_brand","embeddable":true,"href":"https:\/\/roveyayinevi.com.tr\/index.php\/wp-json\/wp\/v2\/product_brand?post=710291"},{"taxonomy":"product_cat","embeddable":true,"href":"https:\/\/roveyayinevi.com.tr\/index.php\/wp-json\/wp\/v2\/product_cat?post=710291"},{"taxonomy":"product_tag","embeddable":true,"href":"https:\/\/roveyayinevi.com.tr\/index.php\/wp-json\/wp\/v2\/product_tag?post=710291"}],"curies":[{"name":"wp","href":"https:\/\/api.w.org\/{rel}","templated":true}]}}