{"id":710290,"date":"2025-08-27T16:34:20","date_gmt":"2025-08-27T13:34:20","guid":{"rendered":"https:\/\/roveyayinevi.com.tr\/index.php\/urun\/cin-ruyasi-cin-ve-dunyanin-geri-kalani-icin-ne-anlama-geliyor\/"},"modified":"2026-04-16T02:18:57","modified_gmt":"2026-04-15T23:18:57","slug":"cin-ruyasi-cin-ve-dunyanin-geri-kalani-icin-ne-anlama-geliyor","status":"publish","type":"product","link":"https:\/\/roveyayinevi.com.tr\/index.php\/urun\/cin-ruyasi-cin-ve-dunyanin-geri-kalani-icin-ne-anlama-geliyor\/","title":{"rendered":"\u00c7in R\u00fcyas\u0131 (\u00c7in ve D\u00fcnya\u2019n\u0131n Geri Kalan\u0131 \u0130\u00e7in Ne Anlama Geliyor ?)"},"content":{"rendered":"<p>\u00c7in R\u00fcyas\u0131 s\u00f6z\u00fc ilk kez Kas\u0131m 2012\u2019de Xi Jinping taraf\u0131ndan dillendirildi. Amac\u0131 sadece \u00c7in\u2019in ald\u0131\u011f\u0131 yolu i\u015faret etmek de\u011fil, s\u00f6m\u00fcrge s\u00fcrecinden ge\u00e7mi\u015f ya da yar\u0131 s\u00f6m\u00fcrge \u00fclkelere de ilham vermekti.\u0130\u015fgale u\u011frayan her halk, bir a\u015fa\u011f\u0131lanma ile kar\u015f\u0131 kar\u015f\u0131ya kal\u0131r. Bu alg\u0131, halk\u0131n m\u00fccadele ve \u00f6zg\u00fcvenini erozyona u\u011frat\u0131r. 1840 Afyon Sava\u015f\u0131\u2019ndan sonra \u00c7in\u2019in de ya\u015fad\u0131\u011f\u0131 s\u00fcre\u00e7 budur. Ancak \u00fczerinden bu \u00f6tekile\u015ftirmeyi atan \u00c7in, mesafe katetmek i\u00e7in hangi yollardan y\u00fcr\u00fcd\u00fc, nas\u0131l m\u00fccadele etti; bahsedilen r\u00fcya budur.\u00c7in\u2019in \u00f6zellikle son senelerde g\u00f6sterdi\u011fi \u00e7\u0131k\u0131\u015f, do\u011fal olarak baz\u0131 \u00e7evreleri tedirgin etmi\u015ftir. \u00c7in\u2019in bir tehdit, gelecekte bat\u0131 toplumunun yerini ikame edecek bir g\u00fc\u00e7 olaca\u011f\u0131 alg\u0131s\u0131 yayg\u0131nla\u015fm\u0131\u015ft\u0131r. \u00c7in R\u00fcyas\u0131 bu d\u00fc\u015f\u00fcncede olanlara bir cevapt\u0131r. Al\u0131\u015f\u0131lagelmi\u015f ve s\u00f6m\u00fcr\u00fc \u00fczerine kurulmu\u015f g\u00fcn\u00fcm\u00fcz modern d\u00fcnyas\u0131na, alternatif bir ya\u015fay\u0131\u015f ve ili\u015fkiler a\u011f\u0131 sunmaktad\u0131r.Bir \u00c7in deyi\u015fi, y\u00fcz kilometre gidecek biri, doksan\u0131nc\u0131 kilometreyi yolun yar\u0131s\u0131 saymal\u0131d\u0131r der. Ger\u00e7ekten de sona yakla\u015ft\u0131k\u00e7a, i\u015fler daha da zorla\u015f\u0131r. Engeller ve tuzaklar artar.Ba\u015fka bir d\u00fcnya m\u00fcmk\u00fcnd\u00fcr slogandan \u00f6te, \u00f6zg\u00fcr bir ya\u015fam aray\u0131\u015f\u0131d\u0131r. Bu nedenle her deneyim, yak\u0131ndan izlenmeyi, derinlemesine analiz edilmeyi ve sonras\u0131nda ele\u015ftirilmeyi hak eder. \u00c7in R\u00fcyas\u0131 bu s\u00fcrece olumlu katk\u0131 yapacakt\u0131r.\u201c\u00c7inlilerin her zaman b\u00fcy\u00fck hayalleri olmu\u015ftur. Ka\u011f\u0131t yap\u0131m\u0131, barut, ta\u015f\u0131nabilir daktilo ve pusula gibi eski icatlar, yenilik, bilim ve teknolojiye yapt\u0131\u011f\u0131 modern katk\u0131lar kendi halk\u0131na ve d\u00fcnyan\u0131n geri kalan\u0131ndaki halklara fayda sa\u011flam\u0131\u015ft\u0131r. Ulusal istikrar, bar\u0131\u015f ve halk\u0131n refah\u0131 i\u00e7in u\u011fra\u015fman\u0131n yan\u0131nda \u00c7in R\u00fcyas\u0131 k\u00fcresel bar\u0131\u015f\u0131 da aktif olarak destekliyor.\u201dMohammed SacketArap Birli\u011finin eski \u00c7in B\u00fcy\u00fckel\u00e7isi <\/p>\n","protected":false},"excerpt":{"rendered":"<p>\u00c7in R\u00fcyas\u0131 s\u00f6z\u00fc ilk kez Kas\u0131m 2012\u2019de Xi Jinping taraf\u0131ndan dillendirildi. Amac\u0131 sadece \u00c7in\u2019in ald\u0131\u011f\u0131 yolu i\u015faret etmek de\u011fil, s\u00f6m\u00fcrge s\u00fcrecinden ge\u00e7mi\u015f ya da yar\u0131 s\u00f6m\u00fcrge<span class=\"excerpt-hellip\"> [\u2026]<\/span><\/p>\n","protected":false},"featured_media":0,"template":"","meta":{"_monsterinsights_skip_tracking":false,"_monsterinsights_sitenote_active":false,"_monsterinsights_sitenote_note":"","_monsterinsights_sitenote_category":0},"product_brand":[],"product_cat":[13590,12337],"product_tag":[],"class_list":{"0":"post-710290","1":"product","2":"type-product","3":"status-publish","5":"product_cat-arastirma-inceleme-politika-siyaset","6":"product_cat-politika-siyaset","7":"pa_cilt-ciltsiz","8":"pa_tur-kitap","9":"pa_yayinevi-yeni-insan-yayinlari","10":"pa_yazar-ren-xiaosi","12":"first","13":"instock","14":"sale","15":"shipping-taxable","16":"purchasable","17":"product-type-simple"},"_links":{"self":[{"href":"https:\/\/roveyayinevi.com.tr\/index.php\/wp-json\/wp\/v2\/product\/710290","targetHints":{"allow":["GET"]}}],"collection":[{"href":"https:\/\/roveyayinevi.com.tr\/index.php\/wp-json\/wp\/v2\/product"}],"about":[{"href":"https:\/\/roveyayinevi.com.tr\/index.php\/wp-json\/wp\/v2\/types\/product"}],"wp:attachment":[{"href":"https:\/\/roveyayinevi.com.tr\/index.php\/wp-json\/wp\/v2\/media?parent=710290"}],"wp:term":[{"taxonomy":"product_brand","embeddable":true,"href":"https:\/\/roveyayinevi.com.tr\/index.php\/wp-json\/wp\/v2\/product_brand?post=710290"},{"taxonomy":"product_cat","embeddable":true,"href":"https:\/\/roveyayinevi.com.tr\/index.php\/wp-json\/wp\/v2\/product_cat?post=710290"},{"taxonomy":"product_tag","embeddable":true,"href":"https:\/\/roveyayinevi.com.tr\/index.php\/wp-json\/wp\/v2\/product_tag?post=710290"}],"curies":[{"name":"wp","href":"https:\/\/api.w.org\/{rel}","templated":true}]}}