{"id":710288,"date":"2025-08-27T16:34:19","date_gmt":"2025-08-27T13:34:19","guid":{"rendered":"https:\/\/roveyayinevi.com.tr\/index.php\/urun\/kucuk-mitologya-sozlugu\/"},"modified":"2026-04-16T02:18:55","modified_gmt":"2026-04-15T23:18:55","slug":"kucuk-mitologya-sozlugu","status":"publish","type":"product","link":"https:\/\/roveyayinevi.com.tr\/index.php\/urun\/kucuk-mitologya-sozlugu\/","title":{"rendered":"K\u00fc\u00e7\u00fck Mitologya S\u00f6zl\u00fc\u011f\u00fc"},"content":{"rendered":"<p>\u0130lk bask\u0131s\u0131 1957 y\u0131l\u0131nda yap\u0131lan K\u00fc\u00e7\u00fck Mitologya S\u00f6zl\u00fc\u011f\u00fc, Beh\u00e7et Necatigil taraf\u0131ndan, ba\u015fta \u0130lyada ve Odysseia olmak \u00fczere, Yunan ve Latin klasiklerinde ge\u00e7en Eski Yunan efsaneleri ve bu efsanelerle ilgili adlar\u0131n ve olaylar\u0131n \u00f6zetlenmesi, hat\u0131rlanmas\u0131 ve aralar\u0131ndaki ba\u011flant\u0131lar\u0131n g\u00f6sterilmesi amac\u0131yla haz\u0131rlanm\u0131\u015ft\u0131r.   Mitolojiyle ilgili az say\u0131da kayna\u011fa ula\u015f\u0131labilen bir d\u00f6nemde \u00f6nemli bir e\u011fitim arac\u0131 olma i\u015flevi g\u00f6ren s\u00f6zl\u00fck, bug\u00fcn de de\u011ferini korumakta ve mitolojinin zengin d\u00fcnyas\u0131na Beh\u00e7et Necatigil\u2019in kaleminden farkl\u0131 bir ilk ad\u0131m at\u0131lmas\u0131n\u0131 sa\u011flamaktad\u0131r. <\/p>\n","protected":false},"excerpt":{"rendered":"<p>\u0130lk bask\u0131s\u0131 1957 y\u0131l\u0131nda yap\u0131lan K\u00fc\u00e7\u00fck Mitologya S\u00f6zl\u00fc\u011f\u00fc, Beh\u00e7et Necatigil taraf\u0131ndan, ba\u015fta \u0130lyada ve Odysseia olmak \u00fczere, Yunan ve Latin klasiklerinde ge\u00e7en Eski Yunan efsaneleri ve<span class=\"excerpt-hellip\"> [\u2026]<\/span><\/p>\n","protected":false},"featured_media":0,"template":"","meta":{"_monsterinsights_skip_tracking":false,"_monsterinsights_sitenote_active":false,"_monsterinsights_sitenote_note":"","_monsterinsights_sitenote_category":0},"product_brand":[],"product_cat":[12718,12858],"product_tag":[],"class_list":{"0":"post-710288","1":"product","2":"type-product","3":"status-publish","5":"product_cat-din","6":"product_cat-mitolojiler","7":"pa_cilt-ciltsiz","8":"pa_tur-kitap","9":"pa_yayinevi-yapi-kredi-yayinlari","10":"pa_yazar-behcet-necatigil","12":"first","13":"instock","14":"sale","15":"shipping-taxable","16":"purchasable","17":"product-type-simple"},"_links":{"self":[{"href":"https:\/\/roveyayinevi.com.tr\/index.php\/wp-json\/wp\/v2\/product\/710288","targetHints":{"allow":["GET"]}}],"collection":[{"href":"https:\/\/roveyayinevi.com.tr\/index.php\/wp-json\/wp\/v2\/product"}],"about":[{"href":"https:\/\/roveyayinevi.com.tr\/index.php\/wp-json\/wp\/v2\/types\/product"}],"wp:attachment":[{"href":"https:\/\/roveyayinevi.com.tr\/index.php\/wp-json\/wp\/v2\/media?parent=710288"}],"wp:term":[{"taxonomy":"product_brand","embeddable":true,"href":"https:\/\/roveyayinevi.com.tr\/index.php\/wp-json\/wp\/v2\/product_brand?post=710288"},{"taxonomy":"product_cat","embeddable":true,"href":"https:\/\/roveyayinevi.com.tr\/index.php\/wp-json\/wp\/v2\/product_cat?post=710288"},{"taxonomy":"product_tag","embeddable":true,"href":"https:\/\/roveyayinevi.com.tr\/index.php\/wp-json\/wp\/v2\/product_tag?post=710288"}],"curies":[{"name":"wp","href":"https:\/\/api.w.org\/{rel}","templated":true}]}}