{"id":710286,"date":"2025-08-27T16:34:18","date_gmt":"2025-08-27T13:34:18","guid":{"rendered":"https:\/\/roveyayinevi.com.tr\/index.php\/urun\/haydi-serisi-2\/"},"modified":"2026-04-16T02:18:55","modified_gmt":"2026-04-15T23:18:55","slug":"haydi-serisi-2","status":"publish","type":"product","link":"https:\/\/roveyayinevi.com.tr\/index.php\/urun\/haydi-serisi-2\/","title":{"rendered":"Haydi Serisi 2"},"content":{"rendered":"<p>Yap\u0131 Kredi Yay\u0131nlar\u0131, Faz\u0131l H\u00fcsn\u00fc Da\u011flarca\u2019n\u0131n \u00f6l\u00fcm\u00fcn\u00fcn ard\u0131ndan kitaplar\u0131na girmemi\u015f \u015fiirleri \u201cKa\u00e7aklar\u201d \u00fcst ba\u015fl\u0131\u011f\u0131yla yay\u0131mlamaya ba\u015flam\u0131\u015ft\u0131. \u0130\u015fte bu \u201cHaydi 2\u201d kitab\u0131, \u201cKa\u00e7aklar\u201d dizisinin ikinci cildidir. Ayn\u0131 zamanda Da\u011flarca\u2019n\u0131n 1968\u2019de yay\u0131mlanan \u201cHaydi\u201d adl\u0131 d\u00f6rtl\u00fcklerden olu\u015fan kitab\u0131n\u0131n devam\u0131 niteli\u011findedir. Bu kitapla, Da\u011flarca\u2019n\u0131n kamuya a\u00e7\u0131lmam\u0131\u015f ar\u015fivlerinde oldu\u011fu bilinen b\u00fcy\u00fck bir \u201cd\u00f6rtl\u00fck\u201d toplam\u0131 g\u00fcn y\u00fcz\u00fcne \u00e7\u0131k\u0131yor. <\/p>\n","protected":false},"excerpt":{"rendered":"<p>Yap\u0131 Kredi Yay\u0131nlar\u0131, Faz\u0131l H\u00fcsn\u00fc Da\u011flarca\u2019n\u0131n \u00f6l\u00fcm\u00fcn\u00fcn ard\u0131ndan kitaplar\u0131na girmemi\u015f \u015fiirleri \u201cKa\u00e7aklar\u201d \u00fcst ba\u015fl\u0131\u011f\u0131yla yay\u0131mlamaya ba\u015flam\u0131\u015ft\u0131. \u0130\u015fte bu \u201cHaydi 2\u201d kitab\u0131, \u201cKa\u00e7aklar\u201d dizisinin ikinci cildidir. Ayn\u0131<span class=\"excerpt-hellip\"> [\u2026]<\/span><\/p>\n","protected":false},"featured_media":0,"template":"","meta":{"_monsterinsights_skip_tracking":false,"_monsterinsights_sitenote_active":false,"_monsterinsights_sitenote_note":"","_monsterinsights_sitenote_category":0},"product_brand":[],"product_cat":[12291,12509],"product_tag":[],"class_list":{"0":"post-710286","1":"product","2":"type-product","3":"status-publish","5":"product_cat-edebiyat","6":"product_cat-siir","7":"pa_cilt-ciltsiz","8":"pa_tur-kitap","9":"pa_yayinevi-yapi-kredi-yayinlari","10":"pa_yazar-fazil-husnu-daglarca","12":"first","13":"instock","14":"sale","15":"shipping-taxable","16":"purchasable","17":"product-type-simple"},"_links":{"self":[{"href":"https:\/\/roveyayinevi.com.tr\/index.php\/wp-json\/wp\/v2\/product\/710286","targetHints":{"allow":["GET"]}}],"collection":[{"href":"https:\/\/roveyayinevi.com.tr\/index.php\/wp-json\/wp\/v2\/product"}],"about":[{"href":"https:\/\/roveyayinevi.com.tr\/index.php\/wp-json\/wp\/v2\/types\/product"}],"wp:attachment":[{"href":"https:\/\/roveyayinevi.com.tr\/index.php\/wp-json\/wp\/v2\/media?parent=710286"}],"wp:term":[{"taxonomy":"product_brand","embeddable":true,"href":"https:\/\/roveyayinevi.com.tr\/index.php\/wp-json\/wp\/v2\/product_brand?post=710286"},{"taxonomy":"product_cat","embeddable":true,"href":"https:\/\/roveyayinevi.com.tr\/index.php\/wp-json\/wp\/v2\/product_cat?post=710286"},{"taxonomy":"product_tag","embeddable":true,"href":"https:\/\/roveyayinevi.com.tr\/index.php\/wp-json\/wp\/v2\/product_tag?post=710286"}],"curies":[{"name":"wp","href":"https:\/\/api.w.org\/{rel}","templated":true}]}}