{"id":710285,"date":"2025-08-27T16:34:17","date_gmt":"2025-08-27T13:34:17","guid":{"rendered":"https:\/\/roveyayinevi.com.tr\/index.php\/urun\/iran-gul-bulbul-ve-siir-ulkesi\/"},"modified":"2026-04-16T02:18:55","modified_gmt":"2026-04-15T23:18:55","slug":"iran-gul-bulbul-ve-siir-ulkesi","status":"publish","type":"product","link":"https:\/\/roveyayinevi.com.tr\/index.php\/urun\/iran-gul-bulbul-ve-siir-ulkesi\/","title":{"rendered":"\u0130ran &#8211; G\u00fcl, B\u00fclb\u00fcl ve \u015eiir \u00dclkesi"},"content":{"rendered":"<p>Kadim medeniyetlerin efsunlu co\u011frafyas\u0131   Bir \u201charici\u201d (yabanc\u0131) olmama ra\u011fmen \u0130ran\u2019da kendimi hi\u00e7 \u201co, \u00f6teki, onlardan\u201d hissetmedim. Orada bulundu\u011fum s\u00fcrece hep; vaktiyle bir s\u00fcre bulundu\u011fum ancak uzun bir zamand\u0131r uzak kald\u0131\u011f\u0131m bir co\u011frafyaya tekrar d\u00f6nm\u00fc\u015f\u00fcm gibi bir hisse kap\u0131ld\u0131m. Her yer, her \u015fey ve herkes pek bir a\u015fina geldi. \u00dclke ve insanlar\u0131yla olan tarihsel, k\u00fclt\u00fcrel akrabal\u0131\u011f\u0131 ve co\u011frafi yak\u0131nl\u0131\u011f\u0131 her zaman ve her durumda hissettim. Bu nedenle her \u0130ran seyahatimden, ruhum ziyadesiyle dinlenmi\u015f d\u00f6nd\u00fcm.   \u0130ran&#8230; \u015eiirin ve g\u00fcllerin \u00fclkesi&#8230; \u0130nsan\u0131n ruhunu dinlendiren bah\u00e7elerden sesleniyor Firdevsi, Haf\u0131z, Sadi, \u015eehriyar, Furu\u011f&#8230; Tebriz, Tahran, Kum, Me\u015fhed, Ni\u015fabur, Ka\u015fan, \u0130sfahan, \u015eiraz, Persepolis, Yezd, Bem&#8230; Seyyah Fazl\u0131 Bulut, kadim bir k\u00fclt\u00fcr\u00fcn izini s\u00fcr\u00fcyor, hep uzaktan bak\u0131p g\u00f6remedi\u011fimiz \u201c\u00f6teki \u0130ran\u201d\u0131 anlat\u0131yor&#8230; <\/p>\n","protected":false},"excerpt":{"rendered":"<p>Kadim medeniyetlerin efsunlu co\u011frafyas\u0131 Bir \u201charici\u201d (yabanc\u0131) olmama ra\u011fmen \u0130ran\u2019da kendimi hi\u00e7 \u201co, \u00f6teki, onlardan\u201d hissetmedim. Orada bulundu\u011fum s\u00fcrece hep; vaktiyle bir s\u00fcre bulundu\u011fum ancak uzun<span class=\"excerpt-hellip\"> [\u2026]<\/span><\/p>\n","protected":false},"featured_media":0,"template":"","meta":{"_monsterinsights_skip_tracking":false,"_monsterinsights_sitenote_active":false,"_monsterinsights_sitenote_note":"","_monsterinsights_sitenote_category":0},"product_brand":[],"product_cat":[12274,14573],"product_tag":[],"class_list":{"0":"post-710285","1":"product","2":"type-product","3":"status-publish","5":"product_cat-cocuk-ve-genclik-kitaplari","6":"product_cat-referans-kitaplar-cocuk-ve-genclik-kitaplari","7":"pa_cilt-ciltsiz","8":"pa_tur-kitap","9":"pa_yayinevi-dogan-kitap","10":"pa_yazar-fazli-bulut","12":"first","13":"instock","14":"sale","15":"shipping-taxable","16":"purchasable","17":"product-type-simple"},"_links":{"self":[{"href":"https:\/\/roveyayinevi.com.tr\/index.php\/wp-json\/wp\/v2\/product\/710285","targetHints":{"allow":["GET"]}}],"collection":[{"href":"https:\/\/roveyayinevi.com.tr\/index.php\/wp-json\/wp\/v2\/product"}],"about":[{"href":"https:\/\/roveyayinevi.com.tr\/index.php\/wp-json\/wp\/v2\/types\/product"}],"wp:attachment":[{"href":"https:\/\/roveyayinevi.com.tr\/index.php\/wp-json\/wp\/v2\/media?parent=710285"}],"wp:term":[{"taxonomy":"product_brand","embeddable":true,"href":"https:\/\/roveyayinevi.com.tr\/index.php\/wp-json\/wp\/v2\/product_brand?post=710285"},{"taxonomy":"product_cat","embeddable":true,"href":"https:\/\/roveyayinevi.com.tr\/index.php\/wp-json\/wp\/v2\/product_cat?post=710285"},{"taxonomy":"product_tag","embeddable":true,"href":"https:\/\/roveyayinevi.com.tr\/index.php\/wp-json\/wp\/v2\/product_tag?post=710285"}],"curies":[{"name":"wp","href":"https:\/\/api.w.org\/{rel}","templated":true}]}}