{"id":710283,"date":"2025-08-27T16:34:17","date_gmt":"2025-08-27T13:34:17","guid":{"rendered":"https:\/\/roveyayinevi.com.tr\/index.php\/urun\/turkiye-fotograf-rehberi-turkish-photography-guide\/"},"modified":"2026-04-16T02:18:55","modified_gmt":"2026-04-15T23:18:55","slug":"turkiye-fotograf-rehberi-turkish-photography-guide","status":"publish","type":"product","link":"https:\/\/roveyayinevi.com.tr\/index.php\/urun\/turkiye-fotograf-rehberi-turkish-photography-guide\/","title":{"rendered":"T\u00fcrkiye Foto\u011fraf Rehberi (Turkish Photography Guide)"},"content":{"rendered":"<p>Faruk Akba\u015f, y\u0131llar s\u00fcren bir u\u011fra\u015f\u0131n sonunda, ya\u015fad\u0131\u011f\u0131m\u0131z bu renkli co\u011frafyan\u0131n, Foto\u011fraf \u00dclkesi T\u00fcrkiye\u2019nin yol haritas\u0131n\u0131 \u00e7\u0131kar\u0131yor \u00f6n\u00fcm\u00fcze. T\u00fcm c\u00f6mertli\u011fiyle g\u00fczelliklerini sunan bu e\u015fsiz topraklar\u0131n ve insanlar\u0131n\u0131n \u015fa\u015f\u0131rt\u0131c\u0131 \u00f6yk\u00fclerini karelere s\u0131\u011fd\u0131rman\u0131n yollar\u0131n\u0131 a\u00e7\u0131yor. Van G\u00f6l\u00fc\u2019nden do\u011fan tarifsiz g\u00fczellikteki g\u00fcne\u015fin de, Kar\u00e7al Da\u011flar\u0131\u2019ndaki insan\u0131 sarsan kar denizinin de foto\u011fraf\u00e7a re\u00e7etesini yaz\u0131yor. T\u00fcrkiye\u2019yi tan\u0131mak ve anlamak i\u00e7in en anlaml\u0131 ve \u00e7arp\u0131c\u0131 yolu bizlere \u00f6neriyor. Foto\u011fraf ve gezi tutkunlar\u0131na bir ba\u015fucu kitab\u0131 veriyor. After an endeavor of years, Faruk Akba\u015f provides us with a road map of this colorful geography we are blessed with, Turkey, the Country of Photography. He shows us the ways to summarize in shots the amazing stories of this unique land that generously bestows all its beauty on us, as well as the people living here. He gives us prescriptions for recording the incredible sunrise at Lake Van and the bewitching sea of snow at Kar\u00e7al Mountains in photographs. He provides us with the most meaningful and striking way to get to know and understand Turkey. For fans of photography and travel, this is a spectacular reference book. <\/p>\n","protected":false},"excerpt":{"rendered":"<p>Faruk Akba\u015f, y\u0131llar s\u00fcren bir u\u011fra\u015f\u0131n sonunda, ya\u015fad\u0131\u011f\u0131m\u0131z bu renkli co\u011frafyan\u0131n, Foto\u011fraf \u00dclkesi T\u00fcrkiye\u2019nin yol haritas\u0131n\u0131 \u00e7\u0131kar\u0131yor \u00f6n\u00fcm\u00fcze. T\u00fcm c\u00f6mertli\u011fiyle g\u00fczelliklerini sunan bu e\u015fsiz topraklar\u0131n ve<span class=\"excerpt-hellip\"> [\u2026]<\/span><\/p>\n","protected":false},"featured_media":0,"template":"","meta":{"_monsterinsights_skip_tracking":false,"_monsterinsights_sitenote_active":false,"_monsterinsights_sitenote_note":"","_monsterinsights_sitenote_category":0},"product_brand":[],"product_cat":[12409,12408],"product_tag":[],"class_list":{"0":"post-710283","1":"product","2":"type-product","3":"status-publish","5":"product_cat-fotograf-sinema-tiyatro","6":"product_cat-sanat","7":"pa_cilt-ciltsiz","8":"pa_tur-kitap","9":"pa_yayinevi-say-yayinlari","10":"pa_yazar-faruk-akbas","12":"first","13":"instock","14":"sale","15":"shipping-taxable","16":"purchasable","17":"product-type-simple"},"_links":{"self":[{"href":"https:\/\/roveyayinevi.com.tr\/index.php\/wp-json\/wp\/v2\/product\/710283","targetHints":{"allow":["GET"]}}],"collection":[{"href":"https:\/\/roveyayinevi.com.tr\/index.php\/wp-json\/wp\/v2\/product"}],"about":[{"href":"https:\/\/roveyayinevi.com.tr\/index.php\/wp-json\/wp\/v2\/types\/product"}],"wp:attachment":[{"href":"https:\/\/roveyayinevi.com.tr\/index.php\/wp-json\/wp\/v2\/media?parent=710283"}],"wp:term":[{"taxonomy":"product_brand","embeddable":true,"href":"https:\/\/roveyayinevi.com.tr\/index.php\/wp-json\/wp\/v2\/product_brand?post=710283"},{"taxonomy":"product_cat","embeddable":true,"href":"https:\/\/roveyayinevi.com.tr\/index.php\/wp-json\/wp\/v2\/product_cat?post=710283"},{"taxonomy":"product_tag","embeddable":true,"href":"https:\/\/roveyayinevi.com.tr\/index.php\/wp-json\/wp\/v2\/product_tag?post=710283"}],"curies":[{"name":"wp","href":"https:\/\/api.w.org\/{rel}","templated":true}]}}