{"id":710282,"date":"2025-08-27T16:34:16","date_gmt":"2025-08-27T13:34:16","guid":{"rendered":"https:\/\/roveyayinevi.com.tr\/index.php\/urun\/kim-kimdi-serisi-jules-verne\/"},"modified":"2026-04-16T02:18:54","modified_gmt":"2026-04-15T23:18:54","slug":"kim-kimdi-serisi-jules-verne","status":"publish","type":"product","link":"https:\/\/roveyayinevi.com.tr\/index.php\/urun\/kim-kimdi-serisi-jules-verne\/","title":{"rendered":"Kim Kimdi? Serisi &#8211; Jules Verne"},"content":{"rendered":"<p>Hayal g\u00fcc\u00fc \u00e7ok geni\u015f olan, yaramaz bir Frans\u0131z \u00e7ocukTarih \u00f6ncesi canavarlar, s\u0131cak hava balonu yar\u0131\u015flar\u0131 ve deniz canavarlar\u0131 hakk\u0131nda yazm\u0131\u015f yetenekli bir adam\u201cBilim kurgunun babas\u0131\u201d olarak an\u0131lan, \u00fcnl\u00fc bir yazarYukar\u0131dakilerin hepsi!Ger\u00e7ek Jules Verne\u2019i, bu e\u011flenceli, heyecanl\u0131 ve resimli biyografisinde \u00e7ok daha yak\u0131ndan tan\u0131y\u0131n! <\/p>\n","protected":false},"excerpt":{"rendered":"<p>Hayal g\u00fcc\u00fc \u00e7ok geni\u015f olan, yaramaz bir Frans\u0131z \u00e7ocukTarih \u00f6ncesi canavarlar, s\u0131cak hava balonu yar\u0131\u015flar\u0131 ve deniz canavarlar\u0131 hakk\u0131nda yazm\u0131\u015f yetenekli bir adam\u201cBilim kurgunun babas\u0131\u201d olarak<span class=\"excerpt-hellip\"> [\u2026]<\/span><\/p>\n","protected":false},"featured_media":0,"template":"","meta":{"_monsterinsights_skip_tracking":false,"_monsterinsights_sitenote_active":false,"_monsterinsights_sitenote_note":"","_monsterinsights_sitenote_category":0},"product_brand":[],"product_cat":[13829,12274],"product_tag":[],"class_list":{"0":"post-710282","1":"product","2":"type-product","3":"status-publish","5":"product_cat-bilimsel-kitaplar","6":"product_cat-cocuk-ve-genclik-kitaplari","7":"pa_cilt-ciltsiz","8":"pa_tur-kitap","9":"pa_yayinevi-beyaz-balina-yayinlari","10":"pa_yazar-james-buckley","12":"first","13":"instock","14":"sale","15":"shipping-taxable","16":"purchasable","17":"product-type-simple"},"_links":{"self":[{"href":"https:\/\/roveyayinevi.com.tr\/index.php\/wp-json\/wp\/v2\/product\/710282","targetHints":{"allow":["GET"]}}],"collection":[{"href":"https:\/\/roveyayinevi.com.tr\/index.php\/wp-json\/wp\/v2\/product"}],"about":[{"href":"https:\/\/roveyayinevi.com.tr\/index.php\/wp-json\/wp\/v2\/types\/product"}],"wp:attachment":[{"href":"https:\/\/roveyayinevi.com.tr\/index.php\/wp-json\/wp\/v2\/media?parent=710282"}],"wp:term":[{"taxonomy":"product_brand","embeddable":true,"href":"https:\/\/roveyayinevi.com.tr\/index.php\/wp-json\/wp\/v2\/product_brand?post=710282"},{"taxonomy":"product_cat","embeddable":true,"href":"https:\/\/roveyayinevi.com.tr\/index.php\/wp-json\/wp\/v2\/product_cat?post=710282"},{"taxonomy":"product_tag","embeddable":true,"href":"https:\/\/roveyayinevi.com.tr\/index.php\/wp-json\/wp\/v2\/product_tag?post=710282"}],"curies":[{"name":"wp","href":"https:\/\/api.w.org\/{rel}","templated":true}]}}