{"id":710281,"date":"2025-08-27T16:34:15","date_gmt":"2025-08-27T13:34:15","guid":{"rendered":"https:\/\/roveyayinevi.com.tr\/index.php\/urun\/kim-kimdi-serisi-isaac-newton\/"},"modified":"2026-04-16T02:18:54","modified_gmt":"2026-04-15T23:18:54","slug":"kim-kimdi-serisi-isaac-newton","status":"publish","type":"product","link":"https:\/\/roveyayinevi.com.tr\/index.php\/urun\/kim-kimdi-serisi-isaac-newton\/","title":{"rendered":"Kim Kimdi? Serisi &#8211; Isaac Newton"},"content":{"rendered":"<p>Arkada\u015f\u0131 olmayan, yaln\u0131z bir \u00e7ocuk.Y\u0131llarca, s\u0131radan metalleri alt\u0131na d\u00f6n\u00fc\u015ft\u00fcrmeye \u00e7al\u0131\u015fan gizemli bir adam.T\u00fcm zamanlar\u0131n en b\u00fcy\u00fck d\u00e2hilerinden biri.Yukar\u0131dakilerin hepsi!Bu e\u011flenceli, heyecanl\u0131, resimli biyografide ger\u00e7ek Isaac Newton hakk\u0131nda daha \u00e7ok \u015fey \u00f6\u011frenin! <\/p>\n","protected":false},"excerpt":{"rendered":"<p>Arkada\u015f\u0131 olmayan, yaln\u0131z bir \u00e7ocuk.Y\u0131llarca, s\u0131radan metalleri alt\u0131na d\u00f6n\u00fc\u015ft\u00fcrmeye \u00e7al\u0131\u015fan gizemli bir adam.T\u00fcm zamanlar\u0131n en b\u00fcy\u00fck d\u00e2hilerinden biri.Yukar\u0131dakilerin hepsi!Bu e\u011flenceli, heyecanl\u0131, resimli biyografide ger\u00e7ek Isaac Newton<span class=\"excerpt-hellip\"> [\u2026]<\/span><\/p>\n","protected":false},"featured_media":0,"template":"","meta":{"_monsterinsights_skip_tracking":false,"_monsterinsights_sitenote_active":false,"_monsterinsights_sitenote_note":"","_monsterinsights_sitenote_category":0},"product_brand":[],"product_cat":[13829,12274],"product_tag":[],"class_list":{"0":"post-710281","1":"product","2":"type-product","3":"status-publish","5":"product_cat-bilimsel-kitaplar","6":"product_cat-cocuk-ve-genclik-kitaplari","7":"pa_cilt-ciltsiz","8":"pa_tur-kitap","9":"pa_yayinevi-beyaz-balina-yayinlari","10":"pa_yazar-janet-b-pascal","12":"first","13":"instock","14":"sale","15":"shipping-taxable","16":"purchasable","17":"product-type-simple"},"_links":{"self":[{"href":"https:\/\/roveyayinevi.com.tr\/index.php\/wp-json\/wp\/v2\/product\/710281","targetHints":{"allow":["GET"]}}],"collection":[{"href":"https:\/\/roveyayinevi.com.tr\/index.php\/wp-json\/wp\/v2\/product"}],"about":[{"href":"https:\/\/roveyayinevi.com.tr\/index.php\/wp-json\/wp\/v2\/types\/product"}],"wp:attachment":[{"href":"https:\/\/roveyayinevi.com.tr\/index.php\/wp-json\/wp\/v2\/media?parent=710281"}],"wp:term":[{"taxonomy":"product_brand","embeddable":true,"href":"https:\/\/roveyayinevi.com.tr\/index.php\/wp-json\/wp\/v2\/product_brand?post=710281"},{"taxonomy":"product_cat","embeddable":true,"href":"https:\/\/roveyayinevi.com.tr\/index.php\/wp-json\/wp\/v2\/product_cat?post=710281"},{"taxonomy":"product_tag","embeddable":true,"href":"https:\/\/roveyayinevi.com.tr\/index.php\/wp-json\/wp\/v2\/product_tag?post=710281"}],"curies":[{"name":"wp","href":"https:\/\/api.w.org\/{rel}","templated":true}]}}