{"id":710279,"date":"2025-08-27T16:34:14","date_gmt":"2025-08-27T13:34:14","guid":{"rendered":"https:\/\/roveyayinevi.com.tr\/index.php\/urun\/zulum-2\/"},"modified":"2026-04-16T02:18:54","modified_gmt":"2026-04-15T23:18:54","slug":"zulum-2","status":"publish","type":"product","link":"https:\/\/roveyayinevi.com.tr\/index.php\/urun\/zulum-2\/","title":{"rendered":"Zul\u00fcm"},"content":{"rendered":"<p>Sizin hukukunuz, d\u00fcnyadaki hi\u00e7bir hukuk, bir insan\u0131n vicdan\u0131ndan daha b\u00fcy\u00fck de\u011fildir. Ben vicdan\u0131m\u0131n temizli\u011fiyle burada dimdik duruyorum! Hayat\u0131m\u0131n sonuna kadar da dururum.Ben hasretten yaprak d\u00f6kmesinler diye burada g\u00f6\u011fs\u00fcm\u00fcn \u00fcst\u00fcnde saklad\u0131\u011f\u0131m fesle\u011fenleri, yarime g\u00f6nderiyorum.Ben memleketimin fesle\u011fenine, topra\u011f\u0131na, insan\u0131na a\u015fkla ba\u011fl\u0131y\u0131m, a\u015fk! Beni bu topraklardan kimse s\u00f6k\u00fcp atamaz. Beni zindanlar, h\u00fccreler bu topraklardan s\u00f6k\u00fcp atamaz. Tecritler v\u0131z gelir. Ancak fa\u015fistler d\u00fc\u015f\u00fcnceden korkar. Ancak al\u00e7aklar insanlara tuzak kurar.Fa\u015fizme ve al\u00e7akl\u0131\u011fa art\u0131k izin vermeyin&#8230; <\/p>\n","protected":false},"excerpt":{"rendered":"<p>Sizin hukukunuz, d\u00fcnyadaki hi\u00e7bir hukuk, bir insan\u0131n vicdan\u0131ndan daha b\u00fcy\u00fck de\u011fildir. Ben vicdan\u0131m\u0131n temizli\u011fiyle burada dimdik duruyorum! Hayat\u0131m\u0131n sonuna kadar da dururum.Ben hasretten yaprak d\u00f6kmesinler diye<span class=\"excerpt-hellip\"> [\u2026]<\/span><\/p>\n","protected":false},"featured_media":0,"template":"","meta":{"_monsterinsights_skip_tracking":false,"_monsterinsights_sitenote_active":false,"_monsterinsights_sitenote_note":"","_monsterinsights_sitenote_category":0},"product_brand":[],"product_cat":[13590,12337],"product_tag":[],"class_list":{"0":"post-710279","1":"product","2":"type-product","3":"status-publish","5":"product_cat-arastirma-inceleme-politika-siyaset","6":"product_cat-politika-siyaset","7":"pa_cilt-ciltsiz","8":"pa_tur-kitap","9":"pa_yayinevi-halk-kitabevi","10":"pa_yazar-tuncay-ozkan","12":"first","13":"instock","14":"sale","15":"shipping-taxable","16":"purchasable","17":"product-type-simple"},"_links":{"self":[{"href":"https:\/\/roveyayinevi.com.tr\/index.php\/wp-json\/wp\/v2\/product\/710279","targetHints":{"allow":["GET"]}}],"collection":[{"href":"https:\/\/roveyayinevi.com.tr\/index.php\/wp-json\/wp\/v2\/product"}],"about":[{"href":"https:\/\/roveyayinevi.com.tr\/index.php\/wp-json\/wp\/v2\/types\/product"}],"wp:attachment":[{"href":"https:\/\/roveyayinevi.com.tr\/index.php\/wp-json\/wp\/v2\/media?parent=710279"}],"wp:term":[{"taxonomy":"product_brand","embeddable":true,"href":"https:\/\/roveyayinevi.com.tr\/index.php\/wp-json\/wp\/v2\/product_brand?post=710279"},{"taxonomy":"product_cat","embeddable":true,"href":"https:\/\/roveyayinevi.com.tr\/index.php\/wp-json\/wp\/v2\/product_cat?post=710279"},{"taxonomy":"product_tag","embeddable":true,"href":"https:\/\/roveyayinevi.com.tr\/index.php\/wp-json\/wp\/v2\/product_tag?post=710279"}],"curies":[{"name":"wp","href":"https:\/\/api.w.org\/{rel}","templated":true}]}}