{"id":710275,"date":"2025-08-27T16:34:12","date_gmt":"2025-08-27T13:34:12","guid":{"rendered":"https:\/\/roveyayinevi.com.tr\/index.php\/urun\/ahfa\/"},"modified":"2026-04-16T02:18:54","modified_gmt":"2026-04-15T23:18:54","slug":"ahfa","status":"publish","type":"product","link":"https:\/\/roveyayinevi.com.tr\/index.php\/urun\/ahfa\/","title":{"rendered":"Ahfa"},"content":{"rendered":"<p>A\u015fk, kald\u0131 mele\u011fin kanatlar\u0131nda Bir \u00e7ocu\u011fun gizli d\u00fc\u015flerinde, hat\u0131ralar\u0131nda Art\u0131k a\u015fk 3. tekil \u015fah\u0131slarda A\u015fk, sat\u0131r aralar\u0131nda. 15 <\/p>\n","protected":false},"excerpt":{"rendered":"<p>A\u015fk, kald\u0131 mele\u011fin kanatlar\u0131nda Bir \u00e7ocu\u011fun gizli d\u00fc\u015flerinde, hat\u0131ralar\u0131nda Art\u0131k a\u015fk 3. tekil \u015fah\u0131slarda A\u015fk, sat\u0131r aralar\u0131nda. 15<\/p>\n","protected":false},"featured_media":0,"template":"","meta":{"_monsterinsights_skip_tracking":false,"_monsterinsights_sitenote_active":false,"_monsterinsights_sitenote_note":"","_monsterinsights_sitenote_category":0},"product_brand":[],"product_cat":[12291,12509],"product_tag":[],"class_list":{"0":"post-710275","1":"product","2":"type-product","3":"status-publish","5":"product_cat-edebiyat","6":"product_cat-siir","7":"pa_cilt-ciltsiz","8":"pa_tur-kitap","9":"pa_yayinevi-ephesus-yayinlari","10":"pa_yazar-semih-ozturk","12":"first","13":"instock","14":"sale","15":"shipping-taxable","16":"purchasable","17":"product-type-simple"},"_links":{"self":[{"href":"https:\/\/roveyayinevi.com.tr\/index.php\/wp-json\/wp\/v2\/product\/710275","targetHints":{"allow":["GET"]}}],"collection":[{"href":"https:\/\/roveyayinevi.com.tr\/index.php\/wp-json\/wp\/v2\/product"}],"about":[{"href":"https:\/\/roveyayinevi.com.tr\/index.php\/wp-json\/wp\/v2\/types\/product"}],"wp:attachment":[{"href":"https:\/\/roveyayinevi.com.tr\/index.php\/wp-json\/wp\/v2\/media?parent=710275"}],"wp:term":[{"taxonomy":"product_brand","embeddable":true,"href":"https:\/\/roveyayinevi.com.tr\/index.php\/wp-json\/wp\/v2\/product_brand?post=710275"},{"taxonomy":"product_cat","embeddable":true,"href":"https:\/\/roveyayinevi.com.tr\/index.php\/wp-json\/wp\/v2\/product_cat?post=710275"},{"taxonomy":"product_tag","embeddable":true,"href":"https:\/\/roveyayinevi.com.tr\/index.php\/wp-json\/wp\/v2\/product_tag?post=710275"}],"curies":[{"name":"wp","href":"https:\/\/api.w.org\/{rel}","templated":true}]}}