{"id":710274,"date":"2025-08-27T16:34:12","date_gmt":"2025-08-27T13:34:12","guid":{"rendered":"https:\/\/roveyayinevi.com.tr\/index.php\/urun\/gundelik-hayata-direnmek\/"},"modified":"2026-04-16T02:18:54","modified_gmt":"2026-04-15T23:18:54","slug":"gundelik-hayata-direnmek","status":"publish","type":"product","link":"https:\/\/roveyayinevi.com.tr\/index.php\/urun\/gundelik-hayata-direnmek\/","title":{"rendered":"G\u00fcndelik Hayata Direnmek"},"content":{"rendered":"<p>\u201c\u00dclkemizde tiyatro alan\u0131nda e\u011fitim veren pek \u00e7ok kurumun e\u011fitiminde de verdi\u011fi dersler ve akademik \u00e7al\u0131\u015fmalar\u0131yla tart\u0131\u015f\u0131lmaz bir yeri ve a\u011f\u0131rl\u0131\u011f\u0131\u201d vard\u0131r diyen sanat\u00e7\u0131 ve tiyatroculardan sonra Karacabey i\u00e7in \u00f6\u011frencileri, \u00fcniversiteden ihra\u00e7 edildi\u011fini \u00f6\u011frenince \u015f\u00f6yle dediler:  \u201cS\u00fcreyya Hoca\u2019n\u0131n kurdu\u011fu bir c\u00fcmle bile etmezsiniz\u201d. \u2022  \u201cDireni\u015f, sadece b\u00fcy\u00fck politik karar anlar\u0131n\u0131n e\u015flik edicisi de\u011fildir, direni\u015f asl\u0131nda bir formun d\u0131\u015f\u0131na \u00e7\u0131kmak i\u00e7in verilen kocaman bir m\u00fccadeledir, evde \u00e7ocu\u011funuza bakarken, i\u015f yerinizde i\u015finizi yaparken hatta al\u0131\u015fveri\u015f yaparken bile bir formun i\u00e7inde oldu\u011funuza ay\u0131lmad\u0131k\u00e7a kulland\u0131\u011f\u0131n\u0131z b\u00fct\u00fcn muhalif s\u00f6zc\u00fckler k\u0131r\u0131k cam par\u00e7alar\u0131 gibi a\u011fz\u0131n\u0131za batar ve kanat\u0131r dilinizi\u201d. \u2022 Bel\u00e2gat ustas\u0131 S\u00fcreyya Karacabey\u2019in altm\u0131\u015f sekiz yaz\u0131s\u0131n\u0131 bir araya getiren bu kitap, g\u00fcndelik hayata direni\u015fi temsil eden bir kurgu \u015faheseridir. Yazar\u0131n d\u00fc\u015f\u00fcnsel izle\u011findeki tutarl\u0131l\u0131\u011f\u0131n kendili\u011finden ve organik halinin ka\u00e7\u0131n\u0131lmaz sonucu olarak yaratt\u0131\u011f\u0131 kurgu, hem T\u00fcrkiye\u2019de esasl\u0131 bir gelene\u011fi i\u00e7eren o kadim hegemonik entelijensiya ile uzla\u015fmay\u0131 reddetmesi hem de dolays\u0131z pratik siyasal tutumun daimi p\u00fcritenli\u011finden azade kalmay\u0131 tercih etmesi nedeniyle e\u015fsiz bir k\u00fclt\u00fcr sosyolojisi ve tarih ele\u015ftirisi sunuyor. Altm\u0131\u015f sekiz \u201ck\u00fc\u00e7\u00fck\u201d somut olay\u0131 de\u011ferlendiren birbirinden ba\u011f\u0131ms\u0131z altm\u0131\u015f sekiz yaz\u0131n\u0131n kurdu\u011fu b\u00fct\u00fcnl\u00fck, ya\u015fad\u0131\u011f\u0131m\u0131z d\u00fcnyan\u0131n ger\u00e7e\u011fine ili\u015fkin daha y\u00fcksek bir somutlu\u011fu g\u00f6steriyor. Her \u00fcr\u00fcn i\u00e7erdi\u011fi olaya has s\u00f6ylem ve ba\u011flam\u0131 arac\u0131l\u0131\u011f\u0131yla di\u011fer \u00fcr\u00fcnleri ayd\u0131nlatma, g\u00f6sterme ve tamamlama i\u015flevini de \u00fcstleniyor. Kitab\u0131n kurgusu da burada ortaya \u00e7\u0131k\u0131yor zaten. Her \u00fcr\u00fcn\u00fcn arg\u00fcman\u0131, ba\u011f\u0131ms\u0131z olan di\u011fer \u00fcr\u00fcnlerdeki arg\u00fcmanlarla \u00f6rt\u00fc\u015ferek kendine has bir hakikati in\u015fa ediyor. Kitap \u201cd\u0131\u015flama mant\u0131klar\u0131\u201dn\u0131n T\u00fcrkiye\u2019deki i\u015fleyi\u015f bi\u00e7imlerini anlamam\u0131z\u0131 ve g\u00f6rmemizi sa\u011flayan bir d\u00fczenek sunuyor. G\u00fcnl\u00fck hayatla \u00f6r\u00fclm\u00fc\u015f olan ve sadece iktidara \u00f6zg\u00fc olamayan d\u0131\u015flama mant\u0131klar\u0131n\u0131 g\u00f6steriyor ve teker teker te\u015fhir ediyor. \u201cG\u00fcndelik Hayata Direnmek\u201d ayr\u0131ca b\u00fcy\u00fck anlat\u0131lar\u0131n o teorik diliyle, g\u00fcndelik hayat\u0131n vahametini d\u0131\u015fa vuran o s\u0131radan insan\u0131n ac\u0131s\u0131n\u0131n-saf ac\u0131 dili aras\u0131ndaki kal\u0131n duvarlar\u0131 y\u0131kma i\u015fini de \u00fcstleniyor. G\u00fcndelik hayattaki s\u0131radan ac\u0131n\u0131n s\u0131radanla\u015ft\u0131r\u0131lma, perdelenme s\u00fcre\u00e7lerine itiraz\u0131 dile getiriyor. Tabi\u00ee bu kitap, \u201corta\u201d-s\u0131n\u0131flara mahk\u00fbm olduklar\u0131 araftan \u00e7\u0131kma yollar\u0131n\u0131 da g\u00f6steriyor. \u2022 Evlerinizi kaleleriniz olarak kutsar ve size \u00f6\u011fretilmi\u015f ak\u0131llarla i\u00e7ine girer, nesnelerden medet umar ve infilak etmi\u015f kalbinizi g\u00f6rmezsiniz. Rahat\u0131 sevmenin, k\u00fc\u00e7\u00fck d\u00fczenleriniz bozulmas\u0131n diye verdi\u011finiz \u00f6d\u00fcnlerin asl\u0131nda sistemle ittifak\u0131n en karanl\u0131k b\u00f6lgeleri oldu\u011funu d\u00fc\u015f\u00fcnmezsiniz. \u2022 \u201cHayattan el \u00e7ektirme stratejisi olarak a\u015fk\u0131n patolojisi ba\u015fl\u0131kl\u0131 \u00e7al\u0131\u015fmamla \u2026 kariyerimi peki\u015ftirdim. Bunlar\u0131 niye anlat\u0131yorum, kar\u015f\u0131n\u0131zda konunun uzman\u0131 var dikkatle dinleyin diye.\u201d. \u201cBask\u0131 bi\u00e7imlerine kar\u015f\u0131 \u00e7\u0131karken sessizce baban\u0131za, kocan\u0131za, kar\u0131n\u0131za, \u00e7ocu\u011funuza g\u00fcndelik hayat\u0131n b\u00fct\u00fcn bask\u0131c\u0131 iktidarlar\u0131na tap\u0131nmay\u0131 s\u00fcrd\u00fcr\u00fcrs\u00fcn\u00fcz&#8230;.\u201d <\/p>\n","protected":false},"excerpt":{"rendered":"<p>\u201c\u00dclkemizde tiyatro alan\u0131nda e\u011fitim veren pek \u00e7ok kurumun e\u011fitiminde de verdi\u011fi dersler ve akademik \u00e7al\u0131\u015fmalar\u0131yla tart\u0131\u015f\u0131lmaz bir yeri ve a\u011f\u0131rl\u0131\u011f\u0131\u201d vard\u0131r diyen sanat\u00e7\u0131 ve tiyatroculardan sonra<span class=\"excerpt-hellip\"> [\u2026]<\/span><\/p>\n","protected":false},"featured_media":0,"template":"","meta":{"_monsterinsights_skip_tracking":false,"_monsterinsights_sitenote_active":false,"_monsterinsights_sitenote_note":"","_monsterinsights_sitenote_category":0},"product_brand":[],"product_cat":[12274,14573],"product_tag":[],"class_list":{"0":"post-710274","1":"product","2":"type-product","3":"status-publish","5":"product_cat-cocuk-ve-genclik-kitaplari","6":"product_cat-referans-kitaplar-cocuk-ve-genclik-kitaplari","7":"pa_cilt-ciltsiz","8":"pa_tur-kitap","9":"pa_yayinevi-epos-yayinlari","10":"pa_yazar-sureyya-karacabey","12":"first","13":"instock","14":"sale","15":"shipping-taxable","16":"purchasable","17":"product-type-simple"},"_links":{"self":[{"href":"https:\/\/roveyayinevi.com.tr\/index.php\/wp-json\/wp\/v2\/product\/710274","targetHints":{"allow":["GET"]}}],"collection":[{"href":"https:\/\/roveyayinevi.com.tr\/index.php\/wp-json\/wp\/v2\/product"}],"about":[{"href":"https:\/\/roveyayinevi.com.tr\/index.php\/wp-json\/wp\/v2\/types\/product"}],"wp:attachment":[{"href":"https:\/\/roveyayinevi.com.tr\/index.php\/wp-json\/wp\/v2\/media?parent=710274"}],"wp:term":[{"taxonomy":"product_brand","embeddable":true,"href":"https:\/\/roveyayinevi.com.tr\/index.php\/wp-json\/wp\/v2\/product_brand?post=710274"},{"taxonomy":"product_cat","embeddable":true,"href":"https:\/\/roveyayinevi.com.tr\/index.php\/wp-json\/wp\/v2\/product_cat?post=710274"},{"taxonomy":"product_tag","embeddable":true,"href":"https:\/\/roveyayinevi.com.tr\/index.php\/wp-json\/wp\/v2\/product_tag?post=710274"}],"curies":[{"name":"wp","href":"https:\/\/api.w.org\/{rel}","templated":true}]}}