{"id":710273,"date":"2025-08-27T16:34:11","date_gmt":"2025-08-27T13:34:11","guid":{"rendered":"https:\/\/roveyayinevi.com.tr\/index.php\/urun\/cocuklar-icin-resimli-buyuk-sozluk-resimli-1000-sozcuk\/"},"modified":"2026-04-16T02:18:54","modified_gmt":"2026-04-15T23:18:54","slug":"cocuklar-icin-resimli-buyuk-sozluk-resimli-1000-sozcuk","status":"publish","type":"product","link":"https:\/\/roveyayinevi.com.tr\/index.php\/urun\/cocuklar-icin-resimli-buyuk-sozluk-resimli-1000-sozcuk\/","title":{"rendered":"\u00c7ocuklar \u0130\u00e7in Resimli B\u00fcy\u00fck S\u00f6zl\u00fck (Resimli 1000 S\u00f6zc\u00fck)"},"content":{"rendered":"<p>Okul\u00f6ncesi \u00e7ocuklar i\u00e7in e\u011flenceli bir kaynak kitap\u20261000 s\u00f6zc\u00fck ve resimden olu\u015fan bu kitab\u0131 \u00e7ocu\u011funuzla birlikte okurken, g\u00f6rd\u00fckleri hakk\u0131nda onu konu\u015fmaya y\u00f6nlendirin.B\u00f6ylece hem anlat\u0131m becerisini geli\u015ftirmesini, hem de kolay ve zevkli bir \u015fekilde yeni s\u00f6zc\u00fckler \u00f6\u011frenmesini sa\u011flayabilirsiniz. <\/p>\n","protected":false},"excerpt":{"rendered":"<p>Okul\u00f6ncesi \u00e7ocuklar i\u00e7in e\u011flenceli bir kaynak kitap\u20261000 s\u00f6zc\u00fck ve resimden olu\u015fan bu kitab\u0131 \u00e7ocu\u011funuzla birlikte okurken, g\u00f6rd\u00fckleri hakk\u0131nda onu konu\u015fmaya y\u00f6nlendirin.B\u00f6ylece hem anlat\u0131m becerisini geli\u015ftirmesini, hem<span class=\"excerpt-hellip\"> [\u2026]<\/span><\/p>\n","protected":false},"featured_media":0,"template":"","meta":{"_monsterinsights_skip_tracking":false,"_monsterinsights_sitenote_active":false,"_monsterinsights_sitenote_note":"","_monsterinsights_sitenote_category":0},"product_brand":[],"product_cat":[15192,12274],"product_tag":[],"class_list":{"0":"post-710273","1":"product","2":"type-product","3":"status-publish","5":"product_cat-1-3-yas-kitaplari","6":"product_cat-cocuk-ve-genclik-kitaplari","7":"pa_cilt-ciltsiz","8":"pa_tur-kitap","9":"pa_yayinevi-remzi-kitabevi","10":"pa_yazar-kolektif","12":"first","13":"instock","14":"sale","15":"shipping-taxable","16":"purchasable","17":"product-type-simple"},"_links":{"self":[{"href":"https:\/\/roveyayinevi.com.tr\/index.php\/wp-json\/wp\/v2\/product\/710273","targetHints":{"allow":["GET"]}}],"collection":[{"href":"https:\/\/roveyayinevi.com.tr\/index.php\/wp-json\/wp\/v2\/product"}],"about":[{"href":"https:\/\/roveyayinevi.com.tr\/index.php\/wp-json\/wp\/v2\/types\/product"}],"wp:attachment":[{"href":"https:\/\/roveyayinevi.com.tr\/index.php\/wp-json\/wp\/v2\/media?parent=710273"}],"wp:term":[{"taxonomy":"product_brand","embeddable":true,"href":"https:\/\/roveyayinevi.com.tr\/index.php\/wp-json\/wp\/v2\/product_brand?post=710273"},{"taxonomy":"product_cat","embeddable":true,"href":"https:\/\/roveyayinevi.com.tr\/index.php\/wp-json\/wp\/v2\/product_cat?post=710273"},{"taxonomy":"product_tag","embeddable":true,"href":"https:\/\/roveyayinevi.com.tr\/index.php\/wp-json\/wp\/v2\/product_tag?post=710273"}],"curies":[{"name":"wp","href":"https:\/\/api.w.org\/{rel}","templated":true}]}}