{"id":710271,"date":"2025-08-27T16:34:10","date_gmt":"2025-08-27T13:34:10","guid":{"rendered":"https:\/\/roveyayinevi.com.tr\/index.php\/urun\/sis-skeleton-crew\/"},"modified":"2025-11-20T04:20:15","modified_gmt":"2025-11-20T01:20:15","slug":"sis-skeleton-crew","status":"publish","type":"product","link":"https:\/\/roveyayinevi.com.tr\/index.php\/urun\/sis-skeleton-crew\/","title":{"rendered":"Sis (Skeleton Crew)"},"content":{"rendered":"<p>Stephen King\u2019in sadece \u201ckorku ve gerilim romanlar\u0131n\u0131n b\u00fcy\u00fck ustas\u0131\u201d olmad\u0131\u011f\u0131n\u0131, s\u0131n\u0131r tan\u0131mayan hayal g\u00fcc\u00fcn\u00fcn ve yarat\u0131c\u0131l\u0131\u011f\u0131- n\u0131n k\u0131sa \u00f6yk\u00fcy\u00fc de kapsad\u0131\u011f\u0131n\u0131 g\u00f6steren bir yap\u0131t var elinizde. King\u2019in ya\u015fam\u0131n\u0131n farkl\u0131 d\u00f6nemlerinde kaleme ald\u0131\u011f\u0131, b\u00fcy\u00fcleyi- ci ve \u00fcrpertici yirmi iki \u00f6yk\u00fc&#8230; \u00d6nce kasaban\u0131n, sonra kentlerin \u00fczerine bir karabasan gibi \u00e7\u00f6ken sis ve i\u00e7inde saklad\u0131\u011f\u0131 korkun\u00e7 yarat\u0131klar; u\u011fursuz g\u00fc\u00e7leriyle her harekete ge\u00e7i\u015finde \u00f6l\u00fcm\u00fc \u00e7a\u011f\u0131ran, \u00fcrk\u00fct\u00fcc\u00fc bir oyuncak maymun; \u0131ss\u0131z bir g\u00f6l\u00fcn ortas\u0131nda, bir raft\u0131n \u00fcst\u00fcnde, a\u00e7g\u00f6zl\u00fc bir su canavar\u0131yla ba\u015f ba\u015fa kalm\u0131\u015f d\u00f6rt \u00fcniversite \u00f6\u011frencisi; on be\u015f ya\u015f\u0131ndaki ye\u011feninin \u00f6lmeden \u00f6nce \u201cicat etti\u011fi\u201d gizemli bir bilgisayarla hayat\u0131n\u0131n seyrini de\u011fi\u015ftirmeye soyunan mutsuz bir adam&#8230; ve di\u011ferleri.<\/p>\n","protected":false},"excerpt":{"rendered":"<p>Stephen King\u2019in sadece \u201ckorku ve gerilim romanlar\u0131n\u0131n b\u00fcy\u00fck ustas\u0131\u201d olmad\u0131\u011f\u0131n\u0131, s\u0131n\u0131r tan\u0131mayan hayal g\u00fcc\u00fcn\u00fcn ve yarat\u0131c\u0131l\u0131\u011f\u0131- n\u0131n k\u0131sa \u00f6yk\u00fcy\u00fc de kapsad\u0131\u011f\u0131n\u0131 g\u00f6steren bir yap\u0131t var elinizde.<span class=\"excerpt-hellip\"> [\u2026]<\/span><\/p>\n","protected":false},"featured_media":0,"template":"","meta":{"_monsterinsights_skip_tracking":false,"_monsterinsights_sitenote_active":false,"_monsterinsights_sitenote_note":"","_monsterinsights_sitenote_category":0},"product_brand":[],"product_cat":[12291,17033],"product_tag":[],"class_list":{"0":"post-710271","1":"product","2":"type-product","3":"status-publish","5":"product_cat-edebiyat","6":"product_cat-korku-gerilim","7":"pa_cilt-ciltsiz","8":"pa_tur-kitap","9":"pa_yayinevi-altin-kitaplar","10":"pa_yazar-stephen-king","12":"first","13":"instock","14":"sale","15":"shipping-taxable","16":"purchasable","17":"product-type-simple"},"_links":{"self":[{"href":"https:\/\/roveyayinevi.com.tr\/index.php\/wp-json\/wp\/v2\/product\/710271","targetHints":{"allow":["GET"]}}],"collection":[{"href":"https:\/\/roveyayinevi.com.tr\/index.php\/wp-json\/wp\/v2\/product"}],"about":[{"href":"https:\/\/roveyayinevi.com.tr\/index.php\/wp-json\/wp\/v2\/types\/product"}],"wp:attachment":[{"href":"https:\/\/roveyayinevi.com.tr\/index.php\/wp-json\/wp\/v2\/media?parent=710271"}],"wp:term":[{"taxonomy":"product_brand","embeddable":true,"href":"https:\/\/roveyayinevi.com.tr\/index.php\/wp-json\/wp\/v2\/product_brand?post=710271"},{"taxonomy":"product_cat","embeddable":true,"href":"https:\/\/roveyayinevi.com.tr\/index.php\/wp-json\/wp\/v2\/product_cat?post=710271"},{"taxonomy":"product_tag","embeddable":true,"href":"https:\/\/roveyayinevi.com.tr\/index.php\/wp-json\/wp\/v2\/product_tag?post=710271"}],"curies":[{"name":"wp","href":"https:\/\/api.w.org\/{rel}","templated":true}]}}