{"id":710270,"date":"2025-08-27T16:34:10","date_gmt":"2025-08-27T13:34:10","guid":{"rendered":"https:\/\/roveyayinevi.com.tr\/index.php\/urun\/kahramanlik-akademim-cilt-3\/"},"modified":"2025-12-30T10:08:45","modified_gmt":"2025-12-30T07:08:45","slug":"kahramanlik-akademim-cilt-3","status":"publish","type":"product","link":"https:\/\/roveyayinevi.com.tr\/index.php\/urun\/kahramanlik-akademim-cilt-3\/","title":{"rendered":"Kahramanl\u0131k Akademim Cilt 3"},"content":{"rendered":"<p>K\u00f6t\u00fc adamlar birli\u011fi diye bir \u015fey duymad\u0131m ama, All Might\u2019\u0131 \u00f6ld\u00fcrmeye mi gelmi\u015fler?! Deku cidden zor bir durumda\u2026 Hah! O pislikler \u00e7etesi \u015fimdiden kazanm\u0131\u015f gibi seviniyor mu?! O geri zekal\u0131lar\u0131n hepsini ezip ge\u00e7ece\u011fim! Plus Ultra! <\/p>\n","protected":false},"excerpt":{"rendered":"<p>K\u00f6t\u00fc adamlar birli\u011fi diye bir \u015fey duymad\u0131m ama, All Might\u2019\u0131 \u00f6ld\u00fcrmeye mi gelmi\u015fler?! Deku cidden zor bir durumda\u2026 Hah! O pislikler \u00e7etesi \u015fimdiden kazanm\u0131\u015f gibi seviniyor<span class=\"excerpt-hellip\"> [\u2026]<\/span><\/p>\n","protected":false},"featured_media":0,"template":"","meta":{"_monsterinsights_skip_tracking":false,"_monsterinsights_sitenote_active":false,"_monsterinsights_sitenote_note":"","_monsterinsights_sitenote_category":0},"product_brand":[],"product_cat":[12689,12274],"product_tag":[],"class_list":{"0":"post-710270","1":"product","2":"type-product","3":"status-publish","5":"product_cat-cizgi-roman-cocuk-ve-genclik-kitaplari","6":"product_cat-cocuk-ve-genclik-kitaplari","7":"pa_cilt-ciltsiz","8":"pa_tur-kitap","9":"pa_yayinevi-gerekli-seyler-yayincilik","10":"pa_yazar-kohei-horikosi","12":"first","13":"instock","14":"sale","15":"shipping-taxable","16":"purchasable","17":"product-type-simple"},"_links":{"self":[{"href":"https:\/\/roveyayinevi.com.tr\/index.php\/wp-json\/wp\/v2\/product\/710270","targetHints":{"allow":["GET"]}}],"collection":[{"href":"https:\/\/roveyayinevi.com.tr\/index.php\/wp-json\/wp\/v2\/product"}],"about":[{"href":"https:\/\/roveyayinevi.com.tr\/index.php\/wp-json\/wp\/v2\/types\/product"}],"wp:attachment":[{"href":"https:\/\/roveyayinevi.com.tr\/index.php\/wp-json\/wp\/v2\/media?parent=710270"}],"wp:term":[{"taxonomy":"product_brand","embeddable":true,"href":"https:\/\/roveyayinevi.com.tr\/index.php\/wp-json\/wp\/v2\/product_brand?post=710270"},{"taxonomy":"product_cat","embeddable":true,"href":"https:\/\/roveyayinevi.com.tr\/index.php\/wp-json\/wp\/v2\/product_cat?post=710270"},{"taxonomy":"product_tag","embeddable":true,"href":"https:\/\/roveyayinevi.com.tr\/index.php\/wp-json\/wp\/v2\/product_tag?post=710270"}],"curies":[{"name":"wp","href":"https:\/\/api.w.org\/{rel}","templated":true}]}}