{"id":710269,"date":"2025-08-27T16:34:09","date_gmt":"2025-08-27T13:34:09","guid":{"rendered":"https:\/\/roveyayinevi.com.tr\/index.php\/urun\/uncanny-inhumans-serisi-2-sessiz-oda\/"},"modified":"2025-08-28T19:00:28","modified_gmt":"2025-08-28T16:00:28","slug":"uncanny-inhumans-serisi-2-sessiz-oda","status":"publish","type":"product","link":"https:\/\/roveyayinevi.com.tr\/index.php\/urun\/uncanny-inhumans-serisi-2-sessiz-oda\/","title":{"rendered":"Uncanny Inhumans Serisi 2 &#8211; Sessiz Oda"},"content":{"rendered":"<p>Eski Inhuman Kral\u0131 Black Bolt\u2019un yeni bir taht\u0131 var.Sessiz Oda\u2019ya ho\u015f geldiniz.Ama isim sizi \u015fa\u015f\u0131rtmas\u0131n &#8211; Marvel Evreni\u2019nin en yeni gece mek\u00e2n\u0131nda i\u015fler olduk\u00e7a kar\u0131\u015facak.\u00c7\u00f6z\u00fclmesi gereken bir h\u0131rs\u0131zl\u0131k, kul\u00fcb\u00fcn i\u00e7inde bir kavga ve iki dahi k\u00f6t\u00fc adam\u0131n bir poker oyununu \u00f6l\u00fcm\u00fcne restle\u015fmeye \u00e7evirmesi sorunlar\u0131 var. Black Bolt\u2019un mek\u00e2n\u0131nda d\u00fczeni sa\u011flamak i\u00e7in a\u011f\u0131r toplar\u0131n\u0131 kullanmas\u0131nda ise \u015fa\u015f\u0131lacak bir \u015fey yok! Bu s\u0131rada Prens Ahura bir koltuk m\u00fccadelesine giriyor, Reader en yak\u0131n arkada\u015f\u0131ndan ayr\u0131l\u0131yor ve Inhuman dedektif Frank McGee de Ennilux\u2019\u0131n devrik liderinin pe\u015findeydi. Ancak herkesin akl\u0131ndaki esas soru \u015fu <\/p>\n","protected":false},"excerpt":{"rendered":"<p>Eski Inhuman Kral\u0131 Black Bolt\u2019un yeni bir taht\u0131 var.Sessiz Oda\u2019ya ho\u015f geldiniz.Ama isim sizi \u015fa\u015f\u0131rtmas\u0131n &#8211; Marvel Evreni\u2019nin en yeni gece mek\u00e2n\u0131nda i\u015fler olduk\u00e7a kar\u0131\u015facak.\u00c7\u00f6z\u00fclmesi gereken<span class=\"excerpt-hellip\"> [\u2026]<\/span><\/p>\n","protected":false},"featured_media":0,"template":"","meta":{"_monsterinsights_skip_tracking":false,"_monsterinsights_sitenote_active":false,"_monsterinsights_sitenote_note":"","_monsterinsights_sitenote_category":0},"product_brand":[],"product_cat":[12689,12274],"product_tag":[],"class_list":{"0":"post-710269","1":"product","2":"type-product","3":"status-publish","5":"product_cat-cizgi-roman-cocuk-ve-genclik-kitaplari","6":"product_cat-cocuk-ve-genclik-kitaplari","7":"pa_cilt-ciltsiz","8":"pa_tur-kitap","9":"pa_yayinevi-gerekli-seyler-yayincilik","10":"pa_yazar-charles-soule","12":"first","13":"instock","14":"sale","15":"shipping-taxable","16":"purchasable","17":"product-type-simple"},"_links":{"self":[{"href":"https:\/\/roveyayinevi.com.tr\/index.php\/wp-json\/wp\/v2\/product\/710269","targetHints":{"allow":["GET"]}}],"collection":[{"href":"https:\/\/roveyayinevi.com.tr\/index.php\/wp-json\/wp\/v2\/product"}],"about":[{"href":"https:\/\/roveyayinevi.com.tr\/index.php\/wp-json\/wp\/v2\/types\/product"}],"wp:attachment":[{"href":"https:\/\/roveyayinevi.com.tr\/index.php\/wp-json\/wp\/v2\/media?parent=710269"}],"wp:term":[{"taxonomy":"product_brand","embeddable":true,"href":"https:\/\/roveyayinevi.com.tr\/index.php\/wp-json\/wp\/v2\/product_brand?post=710269"},{"taxonomy":"product_cat","embeddable":true,"href":"https:\/\/roveyayinevi.com.tr\/index.php\/wp-json\/wp\/v2\/product_cat?post=710269"},{"taxonomy":"product_tag","embeddable":true,"href":"https:\/\/roveyayinevi.com.tr\/index.php\/wp-json\/wp\/v2\/product_tag?post=710269"}],"curies":[{"name":"wp","href":"https:\/\/api.w.org\/{rel}","templated":true}]}}