{"id":710268,"date":"2025-08-27T16:34:08","date_gmt":"2025-08-27T13:34:08","guid":{"rendered":"https:\/\/roveyayinevi.com.tr\/index.php\/urun\/atsinegi\/"},"modified":"2026-04-16T02:18:54","modified_gmt":"2026-04-15T23:18:54","slug":"atsinegi","status":"publish","type":"product","link":"https:\/\/roveyayinevi.com.tr\/index.php\/urun\/atsinegi\/","title":{"rendered":"Atsine\u011fi"},"content":{"rendered":"<p>Atsine\u011fi, klasik romanlar\u0131n o hi\u00e7bir \u015feyle de\u011fi\u015ftirilemez okuma keyfini sunan, okurunu roman kahramanlar\u0131yla birlikte \u201cya\u015fam\u0131n ve m\u00fccadelenin ta ortas\u0131na f\u0131rlatan\u201d bir yap\u0131t. \u0130rlandal\u0131 yazar Ethel Lilian Voynich, \u0130talya\u2019n\u0131n 19. y\u00fczy\u0131ldaki birlik ve ba\u011f\u0131ms\u0131zl\u0131k m\u00fccadelesinden heyecan dolu bir kesite odaklan\u0131rken; devrimci \u00e7evrelerdeki tart\u0131\u015fmalar\u0131, kahramanlar\u0131n\u0131n d\u00f6n\u00fc\u015f\u00fcm\u00fcn\u00fc, baba-o\u011ful aras\u0131na giren dinsel meseleleri ve derinden derine ilerleyen bir a\u015fk ili\u015fkisini s\u00fcr\u00fckleyici bir dille anlat\u0131yor. Bir d\u00f6nem \u00f6zellikle Sovyet Rusya ve \u00c7in Halk Cumhuriyeti\u2019nde \u00e7ok pop\u00fcler olan Atsine\u011f, Bol\u015fevik Devrimi\u2019nin ard\u0131ndan okuma programlar\u0131na al\u0131n\u0131yor, bask\u0131 \u00fcst\u00fcne bask\u0131 yap\u0131yor, iki bu\u00e7uk milyon sat\u0131\u015f rakam\u0131na ula\u015f\u0131yor. Bernard Shaw\u2019un 1898\u2019deki ilk tiyatro uyarlamas\u0131ndan bug\u00fcne, onlarca tiyatro oyununa, filme, opera ve baleye, m\u00fczikallere, televizyon dizilerine esin veriyor. Atsine\u011fi\u2019nden hareketle \u00e7evrilen Rus filmlerinden birinin m\u00fczi\u011fini \u00fcnl\u00fc besteci \u015eostakovi\u00e7 yaz\u0131yor ve Atsine\u011fi S\u00fciti\u2019nin \u00f6zellikle \u201cRomans\u201d b\u00f6l\u00fcm\u00fc, bug\u00fcn h\u00e2l\u00e2 pop\u00fclerli\u011fini koruyor. Soluk solu\u011fa ya\u015fanan kavgalar\u0131, insan\u0131n i\u00e7ine i\u015fleyen h\u00fcz\u00fcnl\u00fc a\u015fklar\u0131, da\u011flar\u0131n gizli ge\u00e7itlerindeki saklanma kabiliyetinden kentteki kalem\u015forluk yetene\u011fine uzanan kahramanl\u0131klar\u0131, reform ve devrim tart\u0131\u015fmalar\u0131, baba-o\u011ful \u00e7at\u0131\u015fmalar\u0131, yeralt\u0131 \u00e7al\u0131\u015fmalar\u0131, silahl\u0131 komplolar\u0131, karanl\u0131k zindanlar\u0131, hayal k\u0131r\u0131kl\u0131klar\u0131, y\u0131lg\u0131nl\u0131klar\u0131 ve en karanl\u0131k anda yeniden \u00e7ak\u0131veren devrimci umut k\u0131v\u0131lc\u0131mlar\u0131yla anlat\u0131lan, \u201cbizim hik\u00e2yemiz\u201d! <\/p>\n","protected":false},"excerpt":{"rendered":"<p>Atsine\u011fi, klasik romanlar\u0131n o hi\u00e7bir \u015feyle de\u011fi\u015ftirilemez okuma keyfini sunan, okurunu roman kahramanlar\u0131yla birlikte \u201cya\u015fam\u0131n ve m\u00fccadelenin ta ortas\u0131na f\u0131rlatan\u201d bir yap\u0131t. \u0130rlandal\u0131 yazar Ethel Lilian<span class=\"excerpt-hellip\"> [\u2026]<\/span><\/p>\n","protected":false},"featured_media":0,"template":"","meta":{"_monsterinsights_skip_tracking":false,"_monsterinsights_sitenote_active":false,"_monsterinsights_sitenote_note":"","_monsterinsights_sitenote_category":0},"product_brand":[],"product_cat":[12291,12711],"product_tag":[],"class_list":{"0":"post-710268","1":"product","2":"type-product","3":"status-publish","5":"product_cat-edebiyat","6":"product_cat-roman-oyku","7":"pa_cilt-ciltsiz","8":"pa_tur-kitap","9":"pa_yayinevi-yordam-kitap","10":"pa_yazar-ethel-l-voynich","12":"first","13":"instock","14":"sale","15":"shipping-taxable","16":"purchasable","17":"product-type-simple"},"_links":{"self":[{"href":"https:\/\/roveyayinevi.com.tr\/index.php\/wp-json\/wp\/v2\/product\/710268","targetHints":{"allow":["GET"]}}],"collection":[{"href":"https:\/\/roveyayinevi.com.tr\/index.php\/wp-json\/wp\/v2\/product"}],"about":[{"href":"https:\/\/roveyayinevi.com.tr\/index.php\/wp-json\/wp\/v2\/types\/product"}],"wp:attachment":[{"href":"https:\/\/roveyayinevi.com.tr\/index.php\/wp-json\/wp\/v2\/media?parent=710268"}],"wp:term":[{"taxonomy":"product_brand","embeddable":true,"href":"https:\/\/roveyayinevi.com.tr\/index.php\/wp-json\/wp\/v2\/product_brand?post=710268"},{"taxonomy":"product_cat","embeddable":true,"href":"https:\/\/roveyayinevi.com.tr\/index.php\/wp-json\/wp\/v2\/product_cat?post=710268"},{"taxonomy":"product_tag","embeddable":true,"href":"https:\/\/roveyayinevi.com.tr\/index.php\/wp-json\/wp\/v2\/product_tag?post=710268"}],"curies":[{"name":"wp","href":"https:\/\/api.w.org\/{rel}","templated":true}]}}