{"id":710266,"date":"2025-08-27T16:34:07","date_gmt":"2025-08-27T13:34:07","guid":{"rendered":"https:\/\/roveyayinevi.com.tr\/index.php\/urun\/duman-3\/"},"modified":"2026-04-12T02:21:58","modified_gmt":"2026-04-11T23:21:58","slug":"duman-3","status":"publish","type":"product","link":"https:\/\/roveyayinevi.com.tr\/index.php\/urun\/duman-3\/","title":{"rendered":"Duman"},"content":{"rendered":"<p>Birdenbire ona her \u015fey bir duman gibi g\u00f6r\u00fcnd\u00fc: Kendi ya\u015fa m\u0131, Rus ya\u015fa m\u0131, insan ya\u015fa m\u0131, hele Rus ya\u015fa m\u0131 ona t\u00fcm\u00fcyle bir duman gibi g\u00f6r\u00fcnd\u00fc. \u2018Her \u015fey duman ve buhar,\u2019 diye d\u00fc\u015f\u00fcn\u00fcyordu. Sanki her \u015fey durmadan de\u011fi\u015fiyordu. Her yerde yeni y\u00fczler, yeni bi\u00e7imler g\u00f6r\u00fcn\u00fcyor, sanki olaylar birbirini koval\u0131yordu. Oysa asl\u0131nda her \u015fey ayn\u0131yd\u0131. Her \u015feyde bir hareket, bir acelecilik g\u00f6ze \u00e7arp\u0131yor, her \u015fey hi\u00e7bir iz b\u0131rakmadan, hi\u00e7bir \u015feye eri\u015fmeden yitip gidiyordu. \ufffc<\/p>\n","protected":false},"excerpt":{"rendered":"<p>Birdenbire ona her \u015fey bir duman gibi g\u00f6r\u00fcnd\u00fc: Kendi ya\u015fa m\u0131, Rus ya\u015fa m\u0131, insan ya\u015fa m\u0131, hele Rus ya\u015fa m\u0131 ona t\u00fcm\u00fcyle bir duman gibi<span class=\"excerpt-hellip\"> [\u2026]<\/span><\/p>\n","protected":false},"featured_media":0,"template":"","meta":{"_monsterinsights_skip_tracking":false,"_monsterinsights_sitenote_active":false,"_monsterinsights_sitenote_note":"","_monsterinsights_sitenote_category":0},"product_brand":[],"product_cat":[12291,12711],"product_tag":[],"class_list":{"0":"post-710266","1":"product","2":"type-product","3":"status-publish","5":"product_cat-edebiyat","6":"product_cat-roman-oyku","7":"pa_cilt-ciltsiz","8":"pa_tur-kitap","9":"pa_yayinevi-yordam-kitap","10":"pa_yazar-ivan-sergeyevic-turgenyev","12":"first","13":"instock","14":"sale","15":"shipping-taxable","16":"purchasable","17":"product-type-simple"},"_links":{"self":[{"href":"https:\/\/roveyayinevi.com.tr\/index.php\/wp-json\/wp\/v2\/product\/710266","targetHints":{"allow":["GET"]}}],"collection":[{"href":"https:\/\/roveyayinevi.com.tr\/index.php\/wp-json\/wp\/v2\/product"}],"about":[{"href":"https:\/\/roveyayinevi.com.tr\/index.php\/wp-json\/wp\/v2\/types\/product"}],"wp:attachment":[{"href":"https:\/\/roveyayinevi.com.tr\/index.php\/wp-json\/wp\/v2\/media?parent=710266"}],"wp:term":[{"taxonomy":"product_brand","embeddable":true,"href":"https:\/\/roveyayinevi.com.tr\/index.php\/wp-json\/wp\/v2\/product_brand?post=710266"},{"taxonomy":"product_cat","embeddable":true,"href":"https:\/\/roveyayinevi.com.tr\/index.php\/wp-json\/wp\/v2\/product_cat?post=710266"},{"taxonomy":"product_tag","embeddable":true,"href":"https:\/\/roveyayinevi.com.tr\/index.php\/wp-json\/wp\/v2\/product_tag?post=710266"}],"curies":[{"name":"wp","href":"https:\/\/api.w.org\/{rel}","templated":true}]}}