{"id":710263,"date":"2025-08-27T16:34:05","date_gmt":"2025-08-27T13:34:05","guid":{"rendered":"https:\/\/roveyayinevi.com.tr\/index.php\/urun\/enin-problemleri\/"},"modified":"2026-04-16T02:18:54","modified_gmt":"2026-04-15T23:18:54","slug":"enin-problemleri","status":"publish","type":"product","link":"https:\/\/roveyayinevi.com.tr\/index.php\/urun\/enin-problemleri\/","title":{"rendered":"E&#8217;nin Problemleri"},"content":{"rendered":"<p>\u201cHer \u015fey matematik dersinde ba\u015flad\u0131. Daha do\u011frusu matematik dersinin bitmesine yedi dakika kala&#8230; E defterini kapatm\u0131\u015f, kolundaki saate bak\u0131yor, fark\u0131nda olmadan saniyeleri say\u0131yor ve i\u00e7ten i\u00e7e, s\u00f6zl\u00fcden kurtuldu\u011funu d\u00fc\u015f\u00fcn\u00fcyordu.\u201d Oysa E, matematikte belki de s\u0131n\u0131f\u0131n en iyisiydi. \u00d6yleyse bu korkusunun sebebi neydi? E\u2019nin problemleri bu kadarla da kalm\u0131yordu asl\u0131nda. Peki bunca problemi nas\u0131l \u00e7\u00f6zecekti? <\/p>\n","protected":false},"excerpt":{"rendered":"<p>\u201cHer \u015fey matematik dersinde ba\u015flad\u0131. Daha do\u011frusu matematik dersinin bitmesine yedi dakika kala&#8230; E defterini kapatm\u0131\u015f, kolundaki saate bak\u0131yor, fark\u0131nda olmadan saniyeleri say\u0131yor ve i\u00e7ten i\u00e7e,<span class=\"excerpt-hellip\"> [\u2026]<\/span><\/p>\n","protected":false},"featured_media":0,"template":"","meta":{"_monsterinsights_skip_tracking":false,"_monsterinsights_sitenote_active":false,"_monsterinsights_sitenote_note":"","_monsterinsights_sitenote_category":0},"product_brand":[],"product_cat":[12274,12284],"product_tag":[],"class_list":{"0":"post-710263","1":"product","2":"type-product","3":"status-publish","5":"product_cat-cocuk-ve-genclik-kitaplari","6":"product_cat-hikayeler","7":"pa_cilt-ciltsiz","8":"pa_tur-kitap","9":"pa_yayinevi-kirmizi-kedi-yayinevi","10":"pa_yazar-nazli-deniz-guler","12":"first","13":"instock","14":"sale","15":"shipping-taxable","16":"purchasable","17":"product-type-simple"},"_links":{"self":[{"href":"https:\/\/roveyayinevi.com.tr\/index.php\/wp-json\/wp\/v2\/product\/710263","targetHints":{"allow":["GET"]}}],"collection":[{"href":"https:\/\/roveyayinevi.com.tr\/index.php\/wp-json\/wp\/v2\/product"}],"about":[{"href":"https:\/\/roveyayinevi.com.tr\/index.php\/wp-json\/wp\/v2\/types\/product"}],"wp:attachment":[{"href":"https:\/\/roveyayinevi.com.tr\/index.php\/wp-json\/wp\/v2\/media?parent=710263"}],"wp:term":[{"taxonomy":"product_brand","embeddable":true,"href":"https:\/\/roveyayinevi.com.tr\/index.php\/wp-json\/wp\/v2\/product_brand?post=710263"},{"taxonomy":"product_cat","embeddable":true,"href":"https:\/\/roveyayinevi.com.tr\/index.php\/wp-json\/wp\/v2\/product_cat?post=710263"},{"taxonomy":"product_tag","embeddable":true,"href":"https:\/\/roveyayinevi.com.tr\/index.php\/wp-json\/wp\/v2\/product_tag?post=710263"}],"curies":[{"name":"wp","href":"https:\/\/api.w.org\/{rel}","templated":true}]}}