{"id":710262,"date":"2025-08-27T16:34:05","date_gmt":"2025-08-27T13:34:05","guid":{"rendered":"https:\/\/roveyayinevi.com.tr\/index.php\/urun\/iktisada-farkli-bir-giris-giris-iktisadi-ogrencileri-ve-iktisada-ilgi-duyanlar-icin-yardimci-kitap\/"},"modified":"2026-04-16T02:18:54","modified_gmt":"2026-04-15T23:18:54","slug":"iktisada-farkli-bir-giris-giris-iktisadi-ogrencileri-ve-iktisada-ilgi-duyanlar-icin-yardimci-kitap","status":"publish","type":"product","link":"https:\/\/roveyayinevi.com.tr\/index.php\/urun\/iktisada-farkli-bir-giris-giris-iktisadi-ogrencileri-ve-iktisada-ilgi-duyanlar-icin-yardimci-kitap\/","title":{"rendered":"\u0130ktisada (Farkl\u0131 Bir) Giri\u015f &#8211; Giri\u015f \u0130ktisad\u0131 \u00d6\u011frencileri ve \u0130ktisada \u0130lgi Duyanlar \u0130\u00e7in Yard\u0131mc\u0131 Kitap"},"content":{"rendered":"<p>Bir \u201ciktisada giri\u015f\u201d dersinden ve kitab\u0131ndan beklenenleri en geni\u015f kapsam\u0131yla i\u00e7eren bir temel eser&#8230; Bu alandaki geleneksel-al\u0131\u015f\u0131lagelmi\u015f konseptleri ele\u015ftirel bir bak\u0131\u015fla geli\u015ftirip geni\u015fleterek, iktisat biliminin b\u00fct\u00fcn dallar\u0131 hakk\u0131nda geni\u015f bir bak\u0131\u015f a\u00e7\u0131s\u0131 sunuyor. Kitab\u0131n \u201ciktisada farkl\u0131 bir giri\u015f\u201d olmas\u0131ndaki farkl\u0131l\u0131k, bu \u201ctam te\u015fekk\u00fcll\u00fc\u201d yap\u0131s\u0131ndan geliyor. Kitab\u0131 farkl\u0131 k\u0131lan bir ba\u015fka \u00f6zelli\u011fi, T\u00fcrkiye\u2019de iktisat biliminin b\u00fcy\u00fck ustalar\u0131ndan birinin, Fikret \u015eenses\u2019in birikiminin \u00fcr\u00fcn\u00fc olmas\u0131d\u0131r.Konunun d\u00fc\u015f\u00fcnsel arka plan\u0131n\u0131 \u00e7er\u00e7eveleyen bir \u201ciktisadi d\u00fc\u015f\u00fcnce tarihi\u201d b\u00f6l\u00fcm\u00fc (Emre \u00d6z\u00e7elik\u2019in katk\u0131s\u0131yla)&#8230; D\u00fcnya ekonomisinin -e\u015fitsizlik ve az geli\u015fmi\u015flik ba\u015fta olmak \u00fczere- yap\u0131sal sorunlar\u0131na ve temel geli\u015fmelerine bir bak\u0131\u015f&#8230; N\u00fcfustan d\u0131\u015f ticarete, fiyat endeksleri ve enflasyondan \u00f6demeler dengesine, b\u00fct\u00e7eden bankac\u0131l\u0131\u011fa, i\u015fg\u00fcc\u00fc piyasalar\u0131ndan gelir da\u011f\u0131l\u0131m\u0131 ve yoksullu\u011fa, temel g\u00f6stergeleriyle T\u00fcrkiye ekonomisi&#8230; T\u00fcrkiye ekonomisinin tarihsel geli\u015fimi&#8230; S\u00f6zel ve say\u0131sal g\u00f6r\u00fcn\u00fcm\u00fcyle mikroekonomik ve makroekonomik kavramlar&#8230; G\u00fcncel olaylar \u0131\u015f\u0131\u011f\u0131nda iktisat&#8230;Hem kapsam\u0131 hem rahat diliyle, sadece giri\u015f iktisad\u0131 \u00f6\u011frencilerine de\u011fil, yazar\u0131n\u0131n belirtti\u011fi gibi, \u201ciktisada ilgi duyanlara\u201d da yard\u0131mc\u0131 olacak bir kitap.. <\/p>\n","protected":false},"excerpt":{"rendered":"<p>Bir \u201ciktisada giri\u015f\u201d dersinden ve kitab\u0131ndan beklenenleri en geni\u015f kapsam\u0131yla i\u00e7eren bir temel eser&#8230; Bu alandaki geleneksel-al\u0131\u015f\u0131lagelmi\u015f konseptleri ele\u015ftirel bir bak\u0131\u015fla geli\u015ftirip geni\u015fleterek, iktisat biliminin b\u00fct\u00fcn<span class=\"excerpt-hellip\"> [\u2026]<\/span><\/p>\n","protected":false},"featured_media":0,"template":"","meta":{"_monsterinsights_skip_tracking":false,"_monsterinsights_sitenote_active":false,"_monsterinsights_sitenote_note":"","_monsterinsights_sitenote_category":0},"product_brand":[],"product_cat":[12573,12566],"product_tag":[],"class_list":{"0":"post-710262","1":"product","2":"type-product","3":"status-publish","5":"product_cat-akademik-kitaplar","6":"product_cat-egitim","7":"pa_cilt-ciltsiz","8":"pa_tur-kitap","9":"pa_yayinevi-iletisim-yayinlari","10":"pa_yazar-fikret-senses","12":"first","13":"instock","14":"sale","15":"shipping-taxable","16":"purchasable","17":"product-type-simple"},"_links":{"self":[{"href":"https:\/\/roveyayinevi.com.tr\/index.php\/wp-json\/wp\/v2\/product\/710262","targetHints":{"allow":["GET"]}}],"collection":[{"href":"https:\/\/roveyayinevi.com.tr\/index.php\/wp-json\/wp\/v2\/product"}],"about":[{"href":"https:\/\/roveyayinevi.com.tr\/index.php\/wp-json\/wp\/v2\/types\/product"}],"wp:attachment":[{"href":"https:\/\/roveyayinevi.com.tr\/index.php\/wp-json\/wp\/v2\/media?parent=710262"}],"wp:term":[{"taxonomy":"product_brand","embeddable":true,"href":"https:\/\/roveyayinevi.com.tr\/index.php\/wp-json\/wp\/v2\/product_brand?post=710262"},{"taxonomy":"product_cat","embeddable":true,"href":"https:\/\/roveyayinevi.com.tr\/index.php\/wp-json\/wp\/v2\/product_cat?post=710262"},{"taxonomy":"product_tag","embeddable":true,"href":"https:\/\/roveyayinevi.com.tr\/index.php\/wp-json\/wp\/v2\/product_tag?post=710262"}],"curies":[{"name":"wp","href":"https:\/\/api.w.org\/{rel}","templated":true}]}}