{"id":710261,"date":"2025-08-27T16:34:04","date_gmt":"2025-08-27T13:34:04","guid":{"rendered":"https:\/\/roveyayinevi.com.tr\/index.php\/urun\/kozmopolitizm-dunya-yurttasliginin-felsefesi\/"},"modified":"2026-04-16T02:18:54","modified_gmt":"2026-04-15T23:18:54","slug":"kozmopolitizm-dunya-yurttasliginin-felsefesi","status":"publish","type":"product","link":"https:\/\/roveyayinevi.com.tr\/index.php\/urun\/kozmopolitizm-dunya-yurttasliginin-felsefesi\/","title":{"rendered":"Kozmopolitizm (D\u00fcnya Yurtta\u015fl\u0131\u011f\u0131n\u0131n Felsefesi)"},"content":{"rendered":"<p>Kozmopolitizm, ulusal topluluklarda oldu\u011fu gibi, insanl\u0131k toplulu\u011funda da bir arada var olma al\u0131\u015fkanl\u0131klar\u0131 geli\u015ftirmemiz gerekti\u011fi \u015feklindeki basit d\u00fc\u015f\u00fcnceyle ba\u015flar: Eski anlam\u0131yla s\u00f6yle\u015fi, birlikte ya\u015fama ve ortakla\u015fma. D\u00fcnya n\u00fcfusunun 21. y\u00fczy\u0131l\u0131n ortalar\u0131nda yakla\u015f\u0131k dokuz milyara ula\u015fmas\u0131 bekleniyor. Toplumlar\u0131n birbirinden bir bal pete\u011fi misali temiz ve d\u00fczg\u00fcn bir \u015fekilde ayr\u0131ld\u0131\u011f\u0131 bir d\u00fcnya art\u0131k ciddi bir se\u00e7enek de\u011fildir. Ka\u00e7\u0131n\u0131lmaz son: \u0130ster ho\u015fumuza gitsin, ister gitmesin, \u201cyabanc\u0131lar\u201dla diyalog art\u0131k bir zorunluluktur. Kwame Anthony Appiah, soyut g\u00f6r\u00fcnen \u201cde\u011ferler ne kadar ger\u00e7ektir?\u201d \u201cFarkl\u0131l\u0131ktan s\u00f6z etti\u011fimizde neden bahsediyoruz?\u201d Ahlak ile davran\u0131\u015f ne zaman \u00e7at\u0131\u015f\u0131r?\u201d \u201cK\u00fclt\u00fcre sahip olunabilir mi?\u201d gibi sorulara, insanlar\u0131n ya\u015famlar\u0131nda kar\u015f\u0131la\u015ft\u0131\u011f\u0131 somut \u00f6rneklerden yola \u00e7\u0131karak samimi cevaplar ar\u0131yor. Bat\u0131 d\u00fc\u015f\u00fcn\u00fcndeki \u201cbiz\u201d ve \u201conlar\u201d b\u00f6l\u00fcnm\u00fc\u015fl\u00fc\u011f\u00fcne dayal\u0131, farkl\u0131l\u0131klar\u0131 \u00f6ne \u00e7\u0131karan yakla\u015f\u0131m\u0131 reddediyor, \u201cmedeniyetler \u00e7at\u0131\u015fmas\u0131\u201d tezine kar\u015f\u0131 \u201cdiyalog\u201d kavram\u0131n\u0131 ve k\u00fclt\u00fcrler aras\u0131 kar\u015f\u0131l\u0131kl\u0131 anlay\u0131\u015f fikrini \u00f6n plana \u00e7\u0131kararak kafalardaki b\u00f6l\u00fcnm\u00fc\u015fl\u00fc\u011f\u00fc biraz da olsun zorla\u015ft\u0131rmay\u0131 umuyor. <\/p>\n","protected":false},"excerpt":{"rendered":"<p>Kozmopolitizm, ulusal topluluklarda oldu\u011fu gibi, insanl\u0131k toplulu\u011funda da bir arada var olma al\u0131\u015fkanl\u0131klar\u0131 geli\u015ftirmemiz gerekti\u011fi \u015feklindeki basit d\u00fc\u015f\u00fcnceyle ba\u015flar: Eski anlam\u0131yla s\u00f6yle\u015fi, birlikte ya\u015fama ve ortakla\u015fma.<span class=\"excerpt-hellip\"> [\u2026]<\/span><\/p>\n","protected":false},"featured_media":0,"template":"","meta":{"_monsterinsights_skip_tracking":false,"_monsterinsights_sitenote_active":false,"_monsterinsights_sitenote_note":"","_monsterinsights_sitenote_category":0},"product_brand":[],"product_cat":[15319,12388],"product_tag":[],"class_list":{"0":"post-710261","1":"product","2":"type-product","3":"status-publish","5":"product_cat-etik","6":"product_cat-felsefe","7":"pa_cilt-ciltsiz","8":"pa_tur-kitap","9":"pa_yayinevi-nika-yayinevi","10":"pa_yazar-kwame-anthony-appiah","12":"first","13":"instock","14":"sale","15":"shipping-taxable","16":"purchasable","17":"product-type-simple"},"_links":{"self":[{"href":"https:\/\/roveyayinevi.com.tr\/index.php\/wp-json\/wp\/v2\/product\/710261","targetHints":{"allow":["GET"]}}],"collection":[{"href":"https:\/\/roveyayinevi.com.tr\/index.php\/wp-json\/wp\/v2\/product"}],"about":[{"href":"https:\/\/roveyayinevi.com.tr\/index.php\/wp-json\/wp\/v2\/types\/product"}],"wp:attachment":[{"href":"https:\/\/roveyayinevi.com.tr\/index.php\/wp-json\/wp\/v2\/media?parent=710261"}],"wp:term":[{"taxonomy":"product_brand","embeddable":true,"href":"https:\/\/roveyayinevi.com.tr\/index.php\/wp-json\/wp\/v2\/product_brand?post=710261"},{"taxonomy":"product_cat","embeddable":true,"href":"https:\/\/roveyayinevi.com.tr\/index.php\/wp-json\/wp\/v2\/product_cat?post=710261"},{"taxonomy":"product_tag","embeddable":true,"href":"https:\/\/roveyayinevi.com.tr\/index.php\/wp-json\/wp\/v2\/product_tag?post=710261"}],"curies":[{"name":"wp","href":"https:\/\/api.w.org\/{rel}","templated":true}]}}