{"id":710260,"date":"2025-08-27T16:34:04","date_gmt":"2025-08-27T13:34:04","guid":{"rendered":"https:\/\/roveyayinevi.com.tr\/index.php\/urun\/samanizm-icinizdeki-saman-gucunu-uyandirip-gelistirme-rehberi\/"},"modified":"2026-04-16T02:18:54","modified_gmt":"2026-04-15T23:18:54","slug":"samanizm-icinizdeki-saman-gucunu-uyandirip-gelistirme-rehberi","status":"publish","type":"product","link":"https:\/\/roveyayinevi.com.tr\/index.php\/urun\/samanizm-icinizdeki-saman-gucunu-uyandirip-gelistirme-rehberi\/","title":{"rendered":"\u015eamanizm &#8211; \u0130\u00e7inizdeki \u015eaman G\u00fcc\u00fcn\u00fc Uyand\u0131r\u0131p Geli\u015ftirme Rehberi"},"content":{"rendered":"<p>\u015eamanizm, d\u00fcnyadaki en eski ve kal\u0131c\u0131 ruhsal bilgelik gelene\u011fidir ve bug\u00fcn d\u00fcnyan\u0131n d\u00f6rt bir yan\u0131nda g\u00f6r\u00fclen psiko-sprit\u00fcel uyan\u0131\u015fta b\u00fcy\u00fck bir rol oynar. \u015eamanizm g\u00fcn\u00fcm\u00fcz\u00fcn ayr\u0131\u015fm\u0131\u015f, par\u00e7alanm\u0131\u015f d\u00fcnyas\u0131nda gereksinim duydu\u011fumuz ba\u011flant\u0131 ve taml\u0131k hissini bize sunabilir. Christa Mackinnon bu kitapta okuyucular\u0131n\u0131 bir\u00e7ok \u015famanik ara\u00e7 ve uygulamayla tan\u0131\u015ft\u0131r\u0131yor. Aralar\u0131nda seremoniler, trans yolculuklar\u0131, vizyonlar, do\u011fa \u00e7al\u0131\u015fmalar\u0131, davul \u00e7alma, dans etme ve l\u00fcsid r\u00fcya g\u00f6rme gibi tekniklerin de yer ald\u0131\u011f\u0131 bu uygulamalar \u015fifa bulman\u0131za, bilincinizi geni\u015fletmenize ve en y\u00fcksek potansiyelinizi hayata ge\u00e7irmenize yard\u0131mc\u0131 olacak. Son derece uygulanabilir ve pratik olan bu rehberde bulacaklar\u0131n\u0131zdan baz\u0131lar\u0131: *Sunak yapmak,*Ufak seremoniler d\u00fczenlemek,*Ruhsal yard\u0131mc\u0131larla ba\u011flant\u0131ya ge\u00e7mek,*Atasal \u00e7al\u0131\u015fmalarda bulunmak,\u2026ve \u00e7ok daha fazlas\u0131! Bu uygulamalar sayesinde k\u00f6klerinize d\u00f6nmeyi, ruhunuzu varl\u0131\u011f\u0131n\u0131z\u0131n merkezine yerle\u015ftirmeyi ve ya\u015fam\u0131n\u0131zda \u00f6zg\u00fcn bir i\u00e7g\u00f6r\u00fc, ama\u00e7 ve anlam yaratmay\u0131 \u00f6\u011freneceksiniz. Temel Bilgiler Serisi birinci s\u0131n\u0131f uzmanlar\u0131n, ya\u015fam\u0131n\u0131z\u0131 iyile\u015ftirecek \u00f6nemli konulardaki bilgilerini sizlerle payla\u015ft\u0131\u011f\u0131 yepyeni bir seri. Ya\u015fam kalitenizi art\u0131racak yeni bir beceri edinmek istiyorsan\u0131z, pratik ve hedefe odakl\u0131 bilgileriyle Temel Bilgiler Serisi tam size g\u00f6re! <\/p>\n","protected":false},"excerpt":{"rendered":"<p>\u015eamanizm, d\u00fcnyadaki en eski ve kal\u0131c\u0131 ruhsal bilgelik gelene\u011fidir ve bug\u00fcn d\u00fcnyan\u0131n d\u00f6rt bir yan\u0131nda g\u00f6r\u00fclen psiko-sprit\u00fcel uyan\u0131\u015fta b\u00fcy\u00fck bir rol oynar. \u015eamanizm g\u00fcn\u00fcm\u00fcz\u00fcn ayr\u0131\u015fm\u0131\u015f, par\u00e7alanm\u0131\u015f<span class=\"excerpt-hellip\"> [\u2026]<\/span><\/p>\n","protected":false},"featured_media":0,"template":"","meta":{"_monsterinsights_skip_tracking":false,"_monsterinsights_sitenote_active":false,"_monsterinsights_sitenote_note":"","_monsterinsights_sitenote_category":0},"product_brand":[],"product_cat":[12364,12376],"product_tag":[],"class_list":{"0":"post-710260","1":"product","2":"type-product","3":"status-publish","5":"product_cat-genel-konular","6":"product_cat-kisisel-gelisim","7":"pa_cilt-ciltsiz","8":"pa_tur-kitap","9":"pa_yayinevi-ganj-yayinevi","10":"pa_yazar-christa-mackinnon","12":"first","13":"instock","14":"sale","15":"shipping-taxable","16":"purchasable","17":"product-type-simple"},"_links":{"self":[{"href":"https:\/\/roveyayinevi.com.tr\/index.php\/wp-json\/wp\/v2\/product\/710260","targetHints":{"allow":["GET"]}}],"collection":[{"href":"https:\/\/roveyayinevi.com.tr\/index.php\/wp-json\/wp\/v2\/product"}],"about":[{"href":"https:\/\/roveyayinevi.com.tr\/index.php\/wp-json\/wp\/v2\/types\/product"}],"wp:attachment":[{"href":"https:\/\/roveyayinevi.com.tr\/index.php\/wp-json\/wp\/v2\/media?parent=710260"}],"wp:term":[{"taxonomy":"product_brand","embeddable":true,"href":"https:\/\/roveyayinevi.com.tr\/index.php\/wp-json\/wp\/v2\/product_brand?post=710260"},{"taxonomy":"product_cat","embeddable":true,"href":"https:\/\/roveyayinevi.com.tr\/index.php\/wp-json\/wp\/v2\/product_cat?post=710260"},{"taxonomy":"product_tag","embeddable":true,"href":"https:\/\/roveyayinevi.com.tr\/index.php\/wp-json\/wp\/v2\/product_tag?post=710260"}],"curies":[{"name":"wp","href":"https:\/\/api.w.org\/{rel}","templated":true}]}}