{"id":710258,"date":"2025-08-27T16:34:03","date_gmt":"2025-08-27T13:34:03","guid":{"rendered":"https:\/\/roveyayinevi.com.tr\/index.php\/urun\/istiklal-harbi-garp-cephesi\/"},"modified":"2026-04-16T02:18:54","modified_gmt":"2026-04-15T23:18:54","slug":"istiklal-harbi-garp-cephesi","status":"publish","type":"product","link":"https:\/\/roveyayinevi.com.tr\/index.php\/urun\/istiklal-harbi-garp-cephesi\/","title":{"rendered":"\u0130stiklal Harbi (Garp Cephesi)"},"content":{"rendered":"<p>&#8220;Hayat\u0131m\u0131 yoklad\u0131\u011f\u0131m zaman birini di\u011ferine \u00fcst\u00fc tutamayaca\u011f\u0131m hadiseler az de\u011fildir. Ama hi\u00e7 zihin yormadan ve emek sarfetmeden en m\u00fcstesnas\u0131 ve azametlisi \u015fudur: Atat\u00fcrk, T\u00fcrk milletinin kurtulu\u015funun ancak b\u00fcy\u00fck bir askeri zaferle m\u00fcmk\u00fcn oldu\u011funu, uzun ve m\u00fccadele dolu tecr\u00fcbelerden sonra kani olmu\u015f bulunuyordu. \u0130stiklal m\u00fccadelesi y\u0131llar\u0131 \u00e7ok uzad\u0131k\u00e7a esanen milletimizin \u015feref ve kahramanl\u0131k kaynaklar\u0131na dayanarak giri\u015fti\u011fi sava\u015flarda zaman y\u0131pratabilirdi. Bir an geldi ki b\u00fct\u00fcn milli kudretleri y\u0131\u011f\u0131p bu zaferi istihsal elzem oldu. \u0130\u015fte bu takat 25 A\u011fustos ak\u015fam\u0131 Afyon hatt\u0131nda son haddine vard\u0131r\u0131lm\u0131\u015f ve 26 A\u011fustos sabah\u0131 milletimizin talihi denecek ve mukadderat\u0131 tayin edilecekti. O zaman Ba\u015fkomutanl\u0131k karargah\u0131nda harekat dairesinde Garp Cephesi i\u015fleri ile me\u015fgul bir kurmay subayd\u0131m. Ba\u015fkomutan karargah\u0131 25-26 A\u011fustos gecesini Kocatepe&#8217;den uzanan dereler i\u00e7inde ge\u00e7irdi. G\u00fcn do\u011fmadan \u00e7ad\u0131rlardan ayr\u0131ld\u0131k. \u00d6nde Atat\u00fcrk, her ad\u0131mda dikle\u015fen bir tepeye do\u011fru (sava\u015f\u0131 idare yeri olan Kocatepe) ince bir patikadan ve her at\u0131n ba\u015f\u0131 \u00f6n\u00fcndeki at\u0131n kuyru\u011funu \u0131s\u0131r\u0131rcas\u0131na s\u0131klam\u0131\u015f bir kafile halinde ilerliyorduk. Biraz sonra \u0130stiklal M\u00fccadelesi gibi yery\u00fcz\u00fcn\u00fcn m\u00fcstesna eseri olan o hadiseyi yaratabilen T\u00fcrk milletinin son takati b\u00fct\u00fcn bir d\u00fc\u015fmanl\u0131\u011f\u0131n kar\u015f\u0131s\u0131nda harekete ge\u00e7ecekti. Bunda zafer ve bug\u00fcnk\u00fc mesut istikbal g\u00f6r\u00fcnd\u00fc\u011f\u00fc kadar b\u00fcy\u00fck bir felaket tevehh\u00fcm edilebiliyordu. Hi\u00e7 kimse bir di\u011feri ile konu\u015fmuyordu. Ama imanlar kuvvetli&#8230; Do\u011facak sabah\u0131n hay\u0131rl\u0131 bir sabah olaca\u011f\u0131na iman tamd\u0131. \u0130\u015fte ate\u015f ba\u015flay\u0131ncaya kadar ge\u00e7en bu 1-2 saatlik yolculukta ya\u015fad\u0131\u011f\u0131m heyecana \u00f6l\u00fcnceye kadar hi\u00e7bir heyecan ula\u015famayacak san\u0131r\u0131m. O bahtiyar bulunanlar\u0131n hangisine sorarsan\u0131z hepsi ayn\u0131 \u015feyi s\u00f6yler.&#8221; <\/p>\n","protected":false},"excerpt":{"rendered":"<p>&#8220;Hayat\u0131m\u0131 yoklad\u0131\u011f\u0131m zaman birini di\u011ferine \u00fcst\u00fc tutamayaca\u011f\u0131m hadiseler az de\u011fildir. Ama hi\u00e7 zihin yormadan ve emek sarfetmeden en m\u00fcstesnas\u0131 ve azametlisi \u015fudur: Atat\u00fcrk, T\u00fcrk milletinin kurtulu\u015funun<span class=\"excerpt-hellip\"> [\u2026]<\/span><\/p>\n","protected":false},"featured_media":0,"template":"","meta":{"_monsterinsights_skip_tracking":false,"_monsterinsights_sitenote_active":false,"_monsterinsights_sitenote_note":"","_monsterinsights_sitenote_category":0},"product_brand":[],"product_cat":[13517,12304],"product_tag":[],"class_list":{"0":"post-710258","1":"product","2":"type-product","3":"status-publish","5":"product_cat-osmanli-tarihi","6":"product_cat-tarih","7":"pa_cilt-ciltsiz","8":"pa_tur-kitap","9":"pa_yayinevi-yapi-kredi-yayinlari","10":"pa_yazar-cevdet-kerim-incedayi","12":"first","13":"instock","14":"sale","15":"shipping-taxable","16":"purchasable","17":"product-type-simple"},"_links":{"self":[{"href":"https:\/\/roveyayinevi.com.tr\/index.php\/wp-json\/wp\/v2\/product\/710258","targetHints":{"allow":["GET"]}}],"collection":[{"href":"https:\/\/roveyayinevi.com.tr\/index.php\/wp-json\/wp\/v2\/product"}],"about":[{"href":"https:\/\/roveyayinevi.com.tr\/index.php\/wp-json\/wp\/v2\/types\/product"}],"wp:attachment":[{"href":"https:\/\/roveyayinevi.com.tr\/index.php\/wp-json\/wp\/v2\/media?parent=710258"}],"wp:term":[{"taxonomy":"product_brand","embeddable":true,"href":"https:\/\/roveyayinevi.com.tr\/index.php\/wp-json\/wp\/v2\/product_brand?post=710258"},{"taxonomy":"product_cat","embeddable":true,"href":"https:\/\/roveyayinevi.com.tr\/index.php\/wp-json\/wp\/v2\/product_cat?post=710258"},{"taxonomy":"product_tag","embeddable":true,"href":"https:\/\/roveyayinevi.com.tr\/index.php\/wp-json\/wp\/v2\/product_tag?post=710258"}],"curies":[{"name":"wp","href":"https:\/\/api.w.org\/{rel}","templated":true}]}}