{"id":710257,"date":"2025-08-27T16:34:02","date_gmt":"2025-08-27T13:34:02","guid":{"rendered":"https:\/\/roveyayinevi.com.tr\/index.php\/urun\/bilime-yon-verenler-serisi-charles-darwin-super-scientists-charles-darwin\/"},"modified":"2026-04-16T02:18:54","modified_gmt":"2026-04-15T23:18:54","slug":"bilime-yon-verenler-serisi-charles-darwin-super-scientists-charles-darwin","status":"publish","type":"product","link":"https:\/\/roveyayinevi.com.tr\/index.php\/urun\/bilime-yon-verenler-serisi-charles-darwin-super-scientists-charles-darwin\/","title":{"rendered":"Bilime Y\u00f6n Verenler Serisi &#8211; Charles Darwin (Super Scientists &#8211; Charles Darwin)"},"content":{"rendered":"<p>Ya\u015fad\u0131\u011f\u0131m\u0131z evren hakk\u0131ndaki anlay\u0131\u015f\u0131m\u0131z\u0131n \u015fekillenmesine ve bilimin geli\u015fimine \u00f6nemli katk\u0131lar\u0131 bulunan bilim insanlar\u0131n\u0131n hayatlar\u0131, teorileri, \u00e7al\u0131\u015fmalar\u0131\u2026 Bilime Y\u00f6n Verenler dizisinde yer alan kitaplar gen\u00e7 nesillere ilham kayna\u011f\u0131 olacak.Charles Darwin\u2019in ta\u015f ve b\u00f6ceklere kar\u015f\u0131 \u00e7ocukluk g\u00fcnlerinde ba\u015flayan ilgisi, onun HMS Beagle isimli gemiyle bir D\u00fcnya seyahatine \u00e7\u0131kmas\u0131n\u0131 sa\u011flad\u0131. Bu yolculuk boyunca toplad\u0131\u011f\u0131 ve \u0130ngiltere\u2019ye d\u00f6nd\u00fc\u011f\u00fcnde d\u00fczenledi\u011fi binlerce \u00f6rnek sayesinde, Darwin bilim tarihinin en \u00f6nemli teorilerinden biri olan do\u011fal se\u00e7ilimle evrim teorisini geli\u015ftirdi. <\/p>\n","protected":false},"excerpt":{"rendered":"<p>Ya\u015fad\u0131\u011f\u0131m\u0131z evren hakk\u0131ndaki anlay\u0131\u015f\u0131m\u0131z\u0131n \u015fekillenmesine ve bilimin geli\u015fimine \u00f6nemli katk\u0131lar\u0131 bulunan bilim insanlar\u0131n\u0131n hayatlar\u0131, teorileri, \u00e7al\u0131\u015fmalar\u0131\u2026 Bilime Y\u00f6n Verenler dizisinde yer alan kitaplar gen\u00e7 nesillere ilham<span class=\"excerpt-hellip\"> [\u2026]<\/span><\/p>\n","protected":false},"featured_media":0,"template":"","meta":{"_monsterinsights_skip_tracking":false,"_monsterinsights_sitenote_active":false,"_monsterinsights_sitenote_note":"","_monsterinsights_sitenote_category":0},"product_brand":[],"product_cat":[12312,12304],"product_tag":[],"class_list":{"0":"post-710257","1":"product","2":"type-product","3":"status-publish","5":"product_cat-diger","6":"product_cat-tarih","7":"pa_cilt-ciltsiz","8":"pa_tur-kitap","9":"pa_yayinevi-1001-cicek-kitaplar","10":"pa_yazar-sarah-ridley","12":"first","13":"instock","14":"sale","15":"shipping-taxable","16":"purchasable","17":"product-type-simple"},"_links":{"self":[{"href":"https:\/\/roveyayinevi.com.tr\/index.php\/wp-json\/wp\/v2\/product\/710257","targetHints":{"allow":["GET"]}}],"collection":[{"href":"https:\/\/roveyayinevi.com.tr\/index.php\/wp-json\/wp\/v2\/product"}],"about":[{"href":"https:\/\/roveyayinevi.com.tr\/index.php\/wp-json\/wp\/v2\/types\/product"}],"wp:attachment":[{"href":"https:\/\/roveyayinevi.com.tr\/index.php\/wp-json\/wp\/v2\/media?parent=710257"}],"wp:term":[{"taxonomy":"product_brand","embeddable":true,"href":"https:\/\/roveyayinevi.com.tr\/index.php\/wp-json\/wp\/v2\/product_brand?post=710257"},{"taxonomy":"product_cat","embeddable":true,"href":"https:\/\/roveyayinevi.com.tr\/index.php\/wp-json\/wp\/v2\/product_cat?post=710257"},{"taxonomy":"product_tag","embeddable":true,"href":"https:\/\/roveyayinevi.com.tr\/index.php\/wp-json\/wp\/v2\/product_tag?post=710257"}],"curies":[{"name":"wp","href":"https:\/\/api.w.org\/{rel}","templated":true}]}}