{"id":710256,"date":"2025-08-27T16:34:02","date_gmt":"2025-08-27T13:34:02","guid":{"rendered":"https:\/\/roveyayinevi.com.tr\/index.php\/urun\/bilime-yon-verenler-serisi-nicolaus-copernicus-super-scientists-nicolaus-copernicus\/"},"modified":"2026-04-16T02:18:54","modified_gmt":"2026-04-15T23:18:54","slug":"bilime-yon-verenler-serisi-nicolaus-copernicus-super-scientists-nicolaus-copernicus","status":"publish","type":"product","link":"https:\/\/roveyayinevi.com.tr\/index.php\/urun\/bilime-yon-verenler-serisi-nicolaus-copernicus-super-scientists-nicolaus-copernicus\/","title":{"rendered":"Bilime Y\u00f6n Verenler Serisi &#8211; Nicolaus Copernicus (Super Scientists &#8211; Nicolaus Copernicus)"},"content":{"rendered":"<p>Ya\u015fad\u0131\u011f\u0131m\u0131z evren hakk\u0131ndaki anlay\u0131\u015f\u0131m\u0131z\u0131n \u015fekillenmesine ve bilimin geli\u015fimine \u00f6nemli katk\u0131lar\u0131 bulunan bilim insanlar\u0131n\u0131n hayatlar\u0131, teorileri, \u00e7al\u0131\u015fmalar\u0131\u2026 Bilime Y\u00f6n Verenler dizisinde yer alan kitaplar gen\u00e7 nesillere ilham kayna\u011f\u0131 olacak.Nikolas Kopernik gece g\u00f6ky\u00fcz\u00fcn\u00fc g\u00f6zlemledi ve matematik alan\u0131ndaki becerilerini kullanarak Evren\u2019in i\u015fleyi\u015fi hakk\u0131ndaki anlay\u0131\u015f\u0131m\u0131z\u0131n geli\u015fimine b\u00fcy\u00fck katk\u0131da bulundu. Teorileri ya\u015fad\u0131\u011f\u0131 d\u00f6nemde ge\u00e7erli kabul edilen d\u00fc\u015f\u00fcncelere ayk\u0131r\u0131yd\u0131 ve \u00e7al\u0131\u015fmalar\u0131, y\u00fczy\u0131llar boyunca \u00f6nemli bilim insanlar\u0131n\u0131 etkilemeye devam etti. <\/p>\n","protected":false},"excerpt":{"rendered":"<p>Ya\u015fad\u0131\u011f\u0131m\u0131z evren hakk\u0131ndaki anlay\u0131\u015f\u0131m\u0131z\u0131n \u015fekillenmesine ve bilimin geli\u015fimine \u00f6nemli katk\u0131lar\u0131 bulunan bilim insanlar\u0131n\u0131n hayatlar\u0131, teorileri, \u00e7al\u0131\u015fmalar\u0131\u2026 Bilime Y\u00f6n Verenler dizisinde yer alan kitaplar gen\u00e7 nesillere ilham<span class=\"excerpt-hellip\"> [\u2026]<\/span><\/p>\n","protected":false},"featured_media":0,"template":"","meta":{"_monsterinsights_skip_tracking":false,"_monsterinsights_sitenote_active":false,"_monsterinsights_sitenote_note":"","_monsterinsights_sitenote_category":0},"product_brand":[],"product_cat":[12312,12304],"product_tag":[],"class_list":{"0":"post-710256","1":"product","2":"type-product","3":"status-publish","5":"product_cat-diger","6":"product_cat-tarih","7":"pa_cilt-ciltsiz","8":"pa_tur-kitap","9":"pa_yayinevi-1001-cicek-kitaplar","10":"pa_yazar-sarah-ridley","12":"first","13":"instock","14":"sale","15":"shipping-taxable","16":"purchasable","17":"product-type-simple"},"_links":{"self":[{"href":"https:\/\/roveyayinevi.com.tr\/index.php\/wp-json\/wp\/v2\/product\/710256","targetHints":{"allow":["GET"]}}],"collection":[{"href":"https:\/\/roveyayinevi.com.tr\/index.php\/wp-json\/wp\/v2\/product"}],"about":[{"href":"https:\/\/roveyayinevi.com.tr\/index.php\/wp-json\/wp\/v2\/types\/product"}],"wp:attachment":[{"href":"https:\/\/roveyayinevi.com.tr\/index.php\/wp-json\/wp\/v2\/media?parent=710256"}],"wp:term":[{"taxonomy":"product_brand","embeddable":true,"href":"https:\/\/roveyayinevi.com.tr\/index.php\/wp-json\/wp\/v2\/product_brand?post=710256"},{"taxonomy":"product_cat","embeddable":true,"href":"https:\/\/roveyayinevi.com.tr\/index.php\/wp-json\/wp\/v2\/product_cat?post=710256"},{"taxonomy":"product_tag","embeddable":true,"href":"https:\/\/roveyayinevi.com.tr\/index.php\/wp-json\/wp\/v2\/product_tag?post=710256"}],"curies":[{"name":"wp","href":"https:\/\/api.w.org\/{rel}","templated":true}]}}