{"id":710255,"date":"2025-08-27T16:34:01","date_gmt":"2025-08-27T13:34:01","guid":{"rendered":"https:\/\/roveyayinevi.com.tr\/index.php\/urun\/nehir-yolcusu\/"},"modified":"2026-04-16T02:18:54","modified_gmt":"2026-04-15T23:18:54","slug":"nehir-yolcusu","status":"publish","type":"product","link":"https:\/\/roveyayinevi.com.tr\/index.php\/urun\/nehir-yolcusu\/","title":{"rendered":"Nehir Yolcusu"},"content":{"rendered":"<p>yirmi ya\u015f\u0131nda d\u00fcnyan\u0131n en g\u00fczel g\u00f6ky\u00fcz\u00fcn\u00fcn alt\u0131nda b\u00fct\u00fcn\u00fcmle ileri ak\u0131yorum   gezgin sular\u0131n \u00fczerinde   gezegenin g\u00f6\u00e7ebe yerlisi   varolu\u015funda sonsuz sular\u0131n \u00fczerinde nehir yolcusuyum. <\/p>\n","protected":false},"excerpt":{"rendered":"<p>yirmi ya\u015f\u0131nda d\u00fcnyan\u0131n en g\u00fczel g\u00f6ky\u00fcz\u00fcn\u00fcn alt\u0131nda b\u00fct\u00fcn\u00fcmle ileri ak\u0131yorum gezgin sular\u0131n \u00fczerinde gezegenin g\u00f6\u00e7ebe yerlisi varolu\u015funda sonsuz sular\u0131n \u00fczerinde nehir yolcusuyum.<\/p>\n","protected":false},"featured_media":0,"template":"","meta":{"_monsterinsights_skip_tracking":false,"_monsterinsights_sitenote_active":false,"_monsterinsights_sitenote_note":"","_monsterinsights_sitenote_category":0},"product_brand":[],"product_cat":[12291,12509],"product_tag":[],"class_list":{"0":"post-710255","1":"product","2":"type-product","3":"status-publish","5":"product_cat-edebiyat","6":"product_cat-siir","7":"pa_cilt-ciltsiz","8":"pa_tur-kitap","9":"pa_yayinevi-altikirkbes-yayinlari","10":"pa_yazar-dogus-kokartti","12":"first","13":"instock","14":"sale","15":"shipping-taxable","16":"purchasable","17":"product-type-simple"},"_links":{"self":[{"href":"https:\/\/roveyayinevi.com.tr\/index.php\/wp-json\/wp\/v2\/product\/710255","targetHints":{"allow":["GET"]}}],"collection":[{"href":"https:\/\/roveyayinevi.com.tr\/index.php\/wp-json\/wp\/v2\/product"}],"about":[{"href":"https:\/\/roveyayinevi.com.tr\/index.php\/wp-json\/wp\/v2\/types\/product"}],"wp:attachment":[{"href":"https:\/\/roveyayinevi.com.tr\/index.php\/wp-json\/wp\/v2\/media?parent=710255"}],"wp:term":[{"taxonomy":"product_brand","embeddable":true,"href":"https:\/\/roveyayinevi.com.tr\/index.php\/wp-json\/wp\/v2\/product_brand?post=710255"},{"taxonomy":"product_cat","embeddable":true,"href":"https:\/\/roveyayinevi.com.tr\/index.php\/wp-json\/wp\/v2\/product_cat?post=710255"},{"taxonomy":"product_tag","embeddable":true,"href":"https:\/\/roveyayinevi.com.tr\/index.php\/wp-json\/wp\/v2\/product_tag?post=710255"}],"curies":[{"name":"wp","href":"https:\/\/api.w.org\/{rel}","templated":true}]}}