{"id":710253,"date":"2025-08-27T16:34:00","date_gmt":"2025-08-27T13:34:00","guid":{"rendered":"https:\/\/roveyayinevi.com.tr\/index.php\/urun\/6-27-treni\/"},"modified":"2026-02-02T02:20:28","modified_gmt":"2026-02-01T23:20:28","slug":"6-27-treni","status":"publish","type":"product","link":"https:\/\/roveyayinevi.com.tr\/index.php\/urun\/6-27-treni\/","title":{"rendered":"6.27 Treni"},"content":{"rendered":"<p>36 ya\u015f\u0131ndaki Guylain Vignolles k\u00e2\u011f\u0131t geri d\u00f6n\u00fc\u015f\u00fcm fabrikas\u0131ndaki i\u015finden nefret eden yaln\u0131z ve mutsuz bir adamd\u0131r. Hayat\u0131, s\u0131k\u00e7a sohbet etti\u011fi k\u00fc\u00e7\u00fck k\u0131rm\u0131z\u0131 bal\u0131\u011f\u0131yla birlikte ya\u015fad\u0131\u011f\u0131 ev ve \u00e7al\u0131\u015ft\u0131\u011f\u0131 fabrika aras\u0131nda ge\u00e7er. G\u00f6revi, kitaplar\u0131 parampar\u00e7a eden korkun\u00e7 makine Zerstor 500\u2019\u00fc kullanmakt\u0131r. \u00c7al\u0131\u015ft\u0131\u011f\u0131 i\u015fletmede iki dostu vard\u0131r, biri \u00fcrk\u00fcn\u00e7 makinenin ayaklar\u0131n\u0131 yedi\u011fi Guiseppe, di\u011feri ise sadece aleksandrin hece vezniyle kurdu\u011fu c\u00fcmlelerle konu\u015fan bek\u00e7i Yvon Grimbert. Kitaplar\u0131 yok etmekten duydu\u011fu vicdan azab\u0131ndan kurtulman\u0131n yolunu, her g\u00fcn bindi\u011fi banliy\u00f6 treninde, \u015eey\u2019den s\u00f6k\u00fcp ald\u0131\u011f\u0131 birbirinden ba\u011f\u0131ms\u0131z kitap sayfalar\u0131n\u0131 y\u00fcksek sesle okumakta bulan Guylain, tekd\u00fcze hayat\u0131n\u0131n ak\u0131\u015f\u0131n\u0131n vagonda buldu\u011fu o ak\u0131ll\u0131 bellekle birlikte de\u011fi\u015fece\u011fi umuduna kap\u0131l\u0131r. Minik aletin i\u00e7indeki metinlerin yazar\u0131n\u0131n pe\u015fine d\u00fc\u015fen bu umutsuz, \u015fehirli adam\u0131n k\u00fc\u00e7\u00fck hayat\u0131 b\u00fcy\u00fck bir d\u00f6nemecin e\u015fi\u011findedir art\u0131k.Edebiyat alan\u0131ndaki ilk ba\u015far\u0131lar\u0131n\u0131, yazd\u0131\u011f\u0131 \u00f6yk\u00fclerle, kazand\u0131\u011f\u0131 prestijli \u00f6d\u00fcllerle ya\u015fayan Frans\u0131z yazar Didierlaurent, bu ilk roman\u0131yla, ba\u015fta \u00fclkesinde olmak \u00fczere d\u00fcnya \u00e7ap\u0131nda ad\u0131ndan s\u0131k\u00e7a s\u00f6z ettirdi. Yay\u0131mland\u0131\u011f\u0131 y\u0131l bir edebiyat fenomeni olarak kabul edilen roman, k\u0131sa s\u00fcrede 29 dile \u00e7evrildi. <\/p>\n","protected":false},"excerpt":{"rendered":"<p>36 ya\u015f\u0131ndaki Guylain Vignolles k\u00e2\u011f\u0131t geri d\u00f6n\u00fc\u015f\u00fcm fabrikas\u0131ndaki i\u015finden nefret eden yaln\u0131z ve mutsuz bir adamd\u0131r. Hayat\u0131, s\u0131k\u00e7a sohbet etti\u011fi k\u00fc\u00e7\u00fck k\u0131rm\u0131z\u0131 bal\u0131\u011f\u0131yla birlikte ya\u015fad\u0131\u011f\u0131 ev<span class=\"excerpt-hellip\"> [\u2026]<\/span><\/p>\n","protected":false},"featured_media":0,"template":"","meta":{"_monsterinsights_skip_tracking":false,"_monsterinsights_sitenote_active":false,"_monsterinsights_sitenote_note":"","_monsterinsights_sitenote_category":0},"product_brand":[],"product_cat":[12291,12711],"product_tag":[],"class_list":{"0":"post-710253","1":"product","2":"type-product","3":"status-publish","5":"product_cat-edebiyat","6":"product_cat-roman-oyku","7":"pa_cilt-ciltsiz","8":"pa_tur-kitap","9":"pa_yayinevi-can-yayinlari","10":"pa_yazar-jean-paul-didierlaurent","12":"first","13":"instock","14":"sale","15":"shipping-taxable","16":"purchasable","17":"product-type-simple"},"_links":{"self":[{"href":"https:\/\/roveyayinevi.com.tr\/index.php\/wp-json\/wp\/v2\/product\/710253","targetHints":{"allow":["GET"]}}],"collection":[{"href":"https:\/\/roveyayinevi.com.tr\/index.php\/wp-json\/wp\/v2\/product"}],"about":[{"href":"https:\/\/roveyayinevi.com.tr\/index.php\/wp-json\/wp\/v2\/types\/product"}],"wp:attachment":[{"href":"https:\/\/roveyayinevi.com.tr\/index.php\/wp-json\/wp\/v2\/media?parent=710253"}],"wp:term":[{"taxonomy":"product_brand","embeddable":true,"href":"https:\/\/roveyayinevi.com.tr\/index.php\/wp-json\/wp\/v2\/product_brand?post=710253"},{"taxonomy":"product_cat","embeddable":true,"href":"https:\/\/roveyayinevi.com.tr\/index.php\/wp-json\/wp\/v2\/product_cat?post=710253"},{"taxonomy":"product_tag","embeddable":true,"href":"https:\/\/roveyayinevi.com.tr\/index.php\/wp-json\/wp\/v2\/product_tag?post=710253"}],"curies":[{"name":"wp","href":"https:\/\/api.w.org\/{rel}","templated":true}]}}