{"id":710252,"date":"2025-08-27T16:34:00","date_gmt":"2025-08-27T13:34:00","guid":{"rendered":"https:\/\/roveyayinevi.com.tr\/index.php\/urun\/gecer-sandim\/"},"modified":"2026-04-16T02:18:54","modified_gmt":"2026-04-15T23:18:54","slug":"gecer-sandim","status":"publish","type":"product","link":"https:\/\/roveyayinevi.com.tr\/index.php\/urun\/gecer-sandim\/","title":{"rendered":"Ge\u00e7er Sand\u0131m"},"content":{"rendered":"<p>Hayat \u00e7ok garip! Okuyarak \u00f6\u011frenemedi\u011fimiz \u015feyleri ya\u015fatarak \u00f6\u011fretiyor bize. Belki de ge\u00e7er sand\u0131klar\u0131m\u0131z\u0131n ge\u00e7meyip, kalbimize pasl\u0131 bir b\u0131\u00e7ak gibi saplanmas\u0131 bu y\u00fczden. Unuturuz diyoruz, unutam\u0131yoruz. Yapt\u0131\u011f\u0131m\u0131z sadece kendimizi kand\u0131rmaya \u00e7al\u0131\u015fmak ya da ba\u015fka bir isim koyacaksak buna; kendimizi avutmak\u2026Ben ge\u00e7er sand\u0131m, lakin do\u011frusunu hayat \u00f6\u011fretti bana:\u201c\u0130nsan sevdi\u011fini hep beklermi\u015f.Bir g\u00fcn gelecek \u00fcmidi hep dururmu\u015f kalbinin bir k\u00f6\u015fesinde.\u201dSiz de unutmaya \u00e7al\u0131\u015fmay\u0131n, an\u0131lar\u0131n\u0131zla ya\u015famay\u0131 \u00f6\u011frenin. Belki bir g\u00fcn, d\u00f6ne dolana size gelecektir, ge\u00e7mi\u015f g\u00fczel g\u00fcnleriniz\u2026 <\/p>\n","protected":false},"excerpt":{"rendered":"<p>Hayat \u00e7ok garip! Okuyarak \u00f6\u011frenemedi\u011fimiz \u015feyleri ya\u015fatarak \u00f6\u011fretiyor bize. Belki de ge\u00e7er sand\u0131klar\u0131m\u0131z\u0131n ge\u00e7meyip, kalbimize pasl\u0131 bir b\u0131\u00e7ak gibi saplanmas\u0131 bu y\u00fczden. Unuturuz diyoruz, unutam\u0131yoruz. Yapt\u0131\u011f\u0131m\u0131z<span class=\"excerpt-hellip\"> [\u2026]<\/span><\/p>\n","protected":false},"featured_media":0,"template":"","meta":{"_monsterinsights_skip_tracking":false,"_monsterinsights_sitenote_active":false,"_monsterinsights_sitenote_note":"","_monsterinsights_sitenote_category":0},"product_brand":[],"product_cat":[12777,12291],"product_tag":[],"class_list":{"0":"post-710252","1":"product","2":"type-product","3":"status-publish","5":"product_cat-deneme","6":"product_cat-edebiyat","7":"pa_cilt-ciltsiz","8":"pa_tur-kitap","9":"pa_yayinevi-dokuz-yayinlari","10":"pa_yazar-davut-altunbas","12":"first","13":"instock","14":"sale","15":"shipping-taxable","16":"purchasable","17":"product-type-simple"},"_links":{"self":[{"href":"https:\/\/roveyayinevi.com.tr\/index.php\/wp-json\/wp\/v2\/product\/710252","targetHints":{"allow":["GET"]}}],"collection":[{"href":"https:\/\/roveyayinevi.com.tr\/index.php\/wp-json\/wp\/v2\/product"}],"about":[{"href":"https:\/\/roveyayinevi.com.tr\/index.php\/wp-json\/wp\/v2\/types\/product"}],"wp:attachment":[{"href":"https:\/\/roveyayinevi.com.tr\/index.php\/wp-json\/wp\/v2\/media?parent=710252"}],"wp:term":[{"taxonomy":"product_brand","embeddable":true,"href":"https:\/\/roveyayinevi.com.tr\/index.php\/wp-json\/wp\/v2\/product_brand?post=710252"},{"taxonomy":"product_cat","embeddable":true,"href":"https:\/\/roveyayinevi.com.tr\/index.php\/wp-json\/wp\/v2\/product_cat?post=710252"},{"taxonomy":"product_tag","embeddable":true,"href":"https:\/\/roveyayinevi.com.tr\/index.php\/wp-json\/wp\/v2\/product_tag?post=710252"}],"curies":[{"name":"wp","href":"https:\/\/api.w.org\/{rel}","templated":true}]}}