{"id":710250,"date":"2025-08-27T16:33:58","date_gmt":"2025-08-27T13:33:58","guid":{"rendered":"https:\/\/roveyayinevi.com.tr\/index.php\/urun\/papatyalar-sen-kokuyor\/"},"modified":"2026-04-16T02:18:54","modified_gmt":"2026-04-15T23:18:54","slug":"papatyalar-sen-kokuyor","status":"publish","type":"product","link":"https:\/\/roveyayinevi.com.tr\/index.php\/urun\/papatyalar-sen-kokuyor\/","title":{"rendered":"Papatyalar Sen Kokuyor"},"content":{"rendered":"<p>Merhaba papatyam,Merhaba kalbimin \u201cseviyor, sevmiyor\u2019\u2019 olma ihtimali,Merhaba g\u00f6nl\u00fcm\u00fcn en nadir yerlerinde a\u00e7an \u00e7i\u00e7e\u011fim.Merhaba ilkbahar\u0131m,Merhaba may\u0131s\u0131m.Merhaba bahar\u0131 kar\u015f\u0131layan\u0131m.Merhaba g\u00fcne\u015fim,Merhaba onlarca \u00e7i\u00e7e\u011fin en beyaz\u0131,En sar\u0131s\u0131 merhaba.Umudum,Hasretim,Son s\u00f6z\u00fcm,K\u00f6t\u00fcl\u00fckler aras\u0131nda a\u00e7an iyilik tohumu.Merhaba ilk hediyem,Merhaba narin \u00e7i\u00e7ek,Avu\u00e7 i\u00e7i kadar s\u0131cak,Parmaklar\u0131n gibi narin,Merhaba g\u00fczel \u00fclkemin beyaz \u00f6rt\u00fcs\u00fc. <\/p>\n","protected":false},"excerpt":{"rendered":"<p>Merhaba papatyam,Merhaba kalbimin \u201cseviyor, sevmiyor\u2019\u2019 olma ihtimali,Merhaba g\u00f6nl\u00fcm\u00fcn en nadir yerlerinde a\u00e7an \u00e7i\u00e7e\u011fim.Merhaba ilkbahar\u0131m,Merhaba may\u0131s\u0131m.Merhaba bahar\u0131 kar\u015f\u0131layan\u0131m.Merhaba g\u00fcne\u015fim,Merhaba onlarca \u00e7i\u00e7e\u011fin en beyaz\u0131,En sar\u0131s\u0131 merhaba.Umudum,Hasretim,Son s\u00f6z\u00fcm,K\u00f6t\u00fcl\u00fckler aras\u0131nda<span class=\"excerpt-hellip\"> [\u2026]<\/span><\/p>\n","protected":false},"featured_media":0,"template":"","meta":{"_monsterinsights_skip_tracking":false,"_monsterinsights_sitenote_active":false,"_monsterinsights_sitenote_note":"","_monsterinsights_sitenote_category":0},"product_brand":[],"product_cat":[12777,12291],"product_tag":[],"class_list":{"0":"post-710250","1":"product","2":"type-product","3":"status-publish","5":"product_cat-deneme","6":"product_cat-edebiyat","7":"pa_cilt-ciltsiz","8":"pa_tur-kitap","9":"pa_yayinevi-dokuz-yayinlari","10":"pa_yazar-ridvan-keskin","12":"first","13":"instock","14":"sale","15":"shipping-taxable","16":"purchasable","17":"product-type-simple"},"_links":{"self":[{"href":"https:\/\/roveyayinevi.com.tr\/index.php\/wp-json\/wp\/v2\/product\/710250","targetHints":{"allow":["GET"]}}],"collection":[{"href":"https:\/\/roveyayinevi.com.tr\/index.php\/wp-json\/wp\/v2\/product"}],"about":[{"href":"https:\/\/roveyayinevi.com.tr\/index.php\/wp-json\/wp\/v2\/types\/product"}],"wp:attachment":[{"href":"https:\/\/roveyayinevi.com.tr\/index.php\/wp-json\/wp\/v2\/media?parent=710250"}],"wp:term":[{"taxonomy":"product_brand","embeddable":true,"href":"https:\/\/roveyayinevi.com.tr\/index.php\/wp-json\/wp\/v2\/product_brand?post=710250"},{"taxonomy":"product_cat","embeddable":true,"href":"https:\/\/roveyayinevi.com.tr\/index.php\/wp-json\/wp\/v2\/product_cat?post=710250"},{"taxonomy":"product_tag","embeddable":true,"href":"https:\/\/roveyayinevi.com.tr\/index.php\/wp-json\/wp\/v2\/product_tag?post=710250"}],"curies":[{"name":"wp","href":"https:\/\/api.w.org\/{rel}","templated":true}]}}