{"id":710247,"date":"2025-08-27T16:33:56","date_gmt":"2025-08-27T13:33:56","guid":{"rendered":"https:\/\/roveyayinevi.com.tr\/index.php\/urun\/beyaz-dis-kisaltilmis-metin-100-temel-eser\/"},"modified":"2026-04-16T02:18:54","modified_gmt":"2026-04-15T23:18:54","slug":"beyaz-dis-kisaltilmis-metin-100-temel-eser","status":"publish","type":"product","link":"https:\/\/roveyayinevi.com.tr\/index.php\/urun\/beyaz-dis-kisaltilmis-metin-100-temel-eser\/","title":{"rendered":"Beyaz Di\u015f (K\u0131salt\u0131lm\u0131\u015f Metin) 100 Temel Eser"},"content":{"rendered":"<p>Kuzey Amerika\u2019n\u0131n yaban topraklar\u0131nda harika hayvanlar ya\u015far. Kurtlar s\u00fcr\u00fcler h\u00e2linde gezer, birbirinden g\u00fczel ku\u015flar her mevsim yeni yavrular yeti\u015ftirir, kunduzlar nehirlerde barajlar kurar, va\u015faklar av pe\u015finde ko\u015far\u2026 Ancak bu yaban\u0131l topraklarda ya\u015fam \u00e7ok zorludur. K\u0131\u015flar \u00e7ok uzun s\u00fcrer ve her yeri kaplayan kar aylarca kalkmaz. Bahar gelip do\u011fa canlanmaya ba\u015flad\u0131\u011f\u0131nda bile hi\u00e7bir \u015fey kolayla\u015fmaz, yiyecek bulmak ve daha da \u00f6nemlisi birilerine av olmamak i\u00e7in g\u00fc\u00e7l\u00fc ve ak\u0131ll\u0131 olmak gerekir.Do\u011fan\u0131n t\u00fcm g\u00fc\u00e7leriyle h\u00fck\u00fcm s\u00fcrd\u00fc\u011f\u00fc bu topraklarda bir kurt yavrusu d\u00fcnyaya gelir. Asl\u0131nda di\u011fer kurt yavrular\u0131ndan pek bir fark\u0131 yoktur, sadece g\u00fc\u00e7l\u00fc ve ak\u0131ll\u0131 olanlar\u0131n hayatta kald\u0131\u011f\u0131 bir ortamda \u015fans\u0131n da yard\u0131m\u0131yla ya\u015far. Ancak insanlarla kar\u015f\u0131la\u015ft\u0131ktan sonra her \u015fey de\u011fi\u015fir, bu noktadan sonra do\u011fan\u0131n ona verdi\u011fi yetenekler kendisini kurtarmas\u0131na yeterli olmayacakt\u0131r. \u0130nsanlar\u0131n yapt\u0131\u011f\u0131 \u015feyler, en de\u011ferli yetene\u011finin yani uyum sa\u011flama becerisinin bile anlam\u0131n\u0131 yitirmesine yol a\u00e7ar. Art\u0131k ya\u015fam neredeyse ak\u0131l d\u0131\u015f\u0131 bir macerad\u0131r. <\/p>\n","protected":false},"excerpt":{"rendered":"<p>Kuzey Amerika\u2019n\u0131n yaban topraklar\u0131nda harika hayvanlar ya\u015far. Kurtlar s\u00fcr\u00fcler h\u00e2linde gezer, birbirinden g\u00fczel ku\u015flar her mevsim yeni yavrular yeti\u015ftirir, kunduzlar nehirlerde barajlar kurar, va\u015faklar av pe\u015finde<span class=\"excerpt-hellip\"> [\u2026]<\/span><\/p>\n","protected":false},"featured_media":0,"template":"","meta":{"_monsterinsights_skip_tracking":false,"_monsterinsights_sitenote_active":false,"_monsterinsights_sitenote_note":"","_monsterinsights_sitenote_category":0},"product_brand":[],"product_cat":[12274,12284],"product_tag":[],"class_list":{"0":"post-710247","1":"product","2":"type-product","3":"status-publish","5":"product_cat-cocuk-ve-genclik-kitaplari","6":"product_cat-hikayeler","7":"pa_cilt-ciltsiz","8":"pa_tur-kitap","9":"pa_yayinevi-is-bankasi-kultur-yayinlari","10":"pa_yazar-jack-london","12":"first","13":"instock","14":"sale","15":"shipping-taxable","16":"purchasable","17":"product-type-simple"},"_links":{"self":[{"href":"https:\/\/roveyayinevi.com.tr\/index.php\/wp-json\/wp\/v2\/product\/710247","targetHints":{"allow":["GET"]}}],"collection":[{"href":"https:\/\/roveyayinevi.com.tr\/index.php\/wp-json\/wp\/v2\/product"}],"about":[{"href":"https:\/\/roveyayinevi.com.tr\/index.php\/wp-json\/wp\/v2\/types\/product"}],"wp:attachment":[{"href":"https:\/\/roveyayinevi.com.tr\/index.php\/wp-json\/wp\/v2\/media?parent=710247"}],"wp:term":[{"taxonomy":"product_brand","embeddable":true,"href":"https:\/\/roveyayinevi.com.tr\/index.php\/wp-json\/wp\/v2\/product_brand?post=710247"},{"taxonomy":"product_cat","embeddable":true,"href":"https:\/\/roveyayinevi.com.tr\/index.php\/wp-json\/wp\/v2\/product_cat?post=710247"},{"taxonomy":"product_tag","embeddable":true,"href":"https:\/\/roveyayinevi.com.tr\/index.php\/wp-json\/wp\/v2\/product_tag?post=710247"}],"curies":[{"name":"wp","href":"https:\/\/api.w.org\/{rel}","templated":true}]}}