{"id":710245,"date":"2025-08-27T16:33:55","date_gmt":"2025-08-27T13:33:55","guid":{"rendered":"https:\/\/roveyayinevi.com.tr\/index.php\/urun\/duino-agitlari-duineser-elegien\/"},"modified":"2026-04-16T02:18:54","modified_gmt":"2026-04-15T23:18:54","slug":"duino-agitlari-duineser-elegien","status":"publish","type":"product","link":"https:\/\/roveyayinevi.com.tr\/index.php\/urun\/duino-agitlari-duineser-elegien\/","title":{"rendered":"Duino A\u011f\u0131tlar\u0131 (Duineser Elegien)"},"content":{"rendered":"<p>Rainer Maria Rilke (1875-1926): Avusturyal\u0131 yazar, \u015fair. Prag\u2019da d\u00fcnyaya geldi, asker\u00ee okullarda okudu. Daha sonra sanat ve edebiyat e\u011fitimi ald\u0131. Prag, M\u00fcnih, Paris, Duino ile \u0130svi\u00e7re\u2019nin \u00e7e\u015fitli \u015fehirlerinde ya\u015fad\u0131. S\u0131k\u00e7a seyahat etti. Val\u00e9ry gibi isimlerin eserlerini Almancaya \u00e7evirdi. \u00c7e\u015fitli t\u00fcrlerde eserler verdi ama en \u00e7ok \u015fairli\u011fiyle tan\u0131nd\u0131. Hi\u00e7bir \u015fiir ak\u0131m\u0131na mensup olmayan, yarad\u0131l\u0131\u015f\u0131n\u0131n s\u0131rlar\u0131 kar\u015f\u0131s\u0131ndaki endi\u015fesini derin imgelerle yans\u0131tan ve Alman dilinin s\u0131n\u0131rlar\u0131n\u0131 zorlayan bir \u015fiir kurdu. Bu \u015fiir Orpheus\u2019a Soneler ve Duino A\u011f\u0131tlar\u0131 ile doru\u011fa ula\u015ft\u0131. Ya\u015fama arzusunun ve \u00f6l\u00fcm korkusunun dokunakl\u0131 bir dille \u015fiire d\u00f6k\u00fcld\u00fc\u011f\u00fc Duino A\u011f\u0131tlar\u0131 Rilke\u2019ye sad\u0131k, yepyeni bir \u00e7eviriyle bir kez daha okurla bulu\u015fuyor.Zehra Aksu Y\u0131lmazer (1966): Giresun\u2019da do\u011fdu, Almanya\u2019da b\u00fcy\u00fcd\u00fc, Ankara Hacettepe \u00dcniversitesi M\u00fctercim-Terc\u00fcmanl\u0131k B\u00f6l\u00fcm\u00fc\u2019nden mezun oldu.Stefan Zweig, Hermann Hesse, Carl Gustav Jung, Heiner M\u00fcller, Herfried M\u00fcnkler, Monika Maron, Leo Perutz, Gustav Meyrink, Robert Musil, Hans Belting gibi yazarlar\u0131n eserlerini T\u00fcrk\u00e7eye kazand\u0131rd\u0131. Almancadan \u00e7eviri yapmaya devam ediyor. <\/p>\n","protected":false},"excerpt":{"rendered":"<p>Rainer Maria Rilke (1875-1926): Avusturyal\u0131 yazar, \u015fair. Prag\u2019da d\u00fcnyaya geldi, asker\u00ee okullarda okudu. Daha sonra sanat ve edebiyat e\u011fitimi ald\u0131. Prag, M\u00fcnih, Paris, Duino ile \u0130svi\u00e7re\u2019nin<span class=\"excerpt-hellip\"> [\u2026]<\/span><\/p>\n","protected":false},"featured_media":0,"template":"","meta":{"_monsterinsights_skip_tracking":false,"_monsterinsights_sitenote_active":false,"_monsterinsights_sitenote_note":"","_monsterinsights_sitenote_category":0},"product_brand":[],"product_cat":[12291,12509],"product_tag":[],"class_list":{"0":"post-710245","1":"product","2":"type-product","3":"status-publish","5":"product_cat-edebiyat","6":"product_cat-siir","7":"pa_cilt-ciltsiz","8":"pa_tur-kitap","9":"pa_yayinevi-is-bankasi-kultur-yayinlari","10":"pa_yazar-rainer-maria-rilke","12":"first","13":"instock","14":"sale","15":"shipping-taxable","16":"purchasable","17":"product-type-simple"},"_links":{"self":[{"href":"https:\/\/roveyayinevi.com.tr\/index.php\/wp-json\/wp\/v2\/product\/710245","targetHints":{"allow":["GET"]}}],"collection":[{"href":"https:\/\/roveyayinevi.com.tr\/index.php\/wp-json\/wp\/v2\/product"}],"about":[{"href":"https:\/\/roveyayinevi.com.tr\/index.php\/wp-json\/wp\/v2\/types\/product"}],"wp:attachment":[{"href":"https:\/\/roveyayinevi.com.tr\/index.php\/wp-json\/wp\/v2\/media?parent=710245"}],"wp:term":[{"taxonomy":"product_brand","embeddable":true,"href":"https:\/\/roveyayinevi.com.tr\/index.php\/wp-json\/wp\/v2\/product_brand?post=710245"},{"taxonomy":"product_cat","embeddable":true,"href":"https:\/\/roveyayinevi.com.tr\/index.php\/wp-json\/wp\/v2\/product_cat?post=710245"},{"taxonomy":"product_tag","embeddable":true,"href":"https:\/\/roveyayinevi.com.tr\/index.php\/wp-json\/wp\/v2\/product_tag?post=710245"}],"curies":[{"name":"wp","href":"https:\/\/api.w.org\/{rel}","templated":true}]}}