{"id":710244,"date":"2025-08-27T16:33:55","date_gmt":"2025-08-27T13:33:55","guid":{"rendered":"https:\/\/roveyayinevi.com.tr\/index.php\/urun\/kuantum-benlik-yeni-fizigin-isiginda-insan-dogasi-ve-bilinci\/"},"modified":"2026-04-16T02:18:54","modified_gmt":"2026-04-15T23:18:54","slug":"kuantum-benlik-yeni-fizigin-isiginda-insan-dogasi-ve-bilinci","status":"publish","type":"product","link":"https:\/\/roveyayinevi.com.tr\/index.php\/urun\/kuantum-benlik-yeni-fizigin-isiginda-insan-dogasi-ve-bilinci\/","title":{"rendered":"Kuantum Benlik &#8211; Yeni Fizi\u011fin I\u015f\u0131\u011f\u0131nda \u0130nsan Do\u011fas\u0131 ve Bilinci"},"content":{"rendered":"<p>\u201cKuantum fizi\u011fi\u201d, yaln\u0131zca fizik\u00e7ileri ilgilendiriyormu\u015f gibi g\u00f6ru\u0308nen, gu\u0308ndelik hayat\u0131m\u0131z\u0131n basit kayg\u0131lar\u0131yla kafa yoramad\u0131\u011f\u0131m\u0131z, bu nedenle de deyim yerindeyse \u201cyorucu\u201d bir kavram. Oysa bu kavram Britanyal\u0131 fizik\u00e7i Danah Zohar\u2019\u0131n ellerinde, kendimizle, du\u0308nyayla ve ba\u015fkalar\u0131yla olan ili\u015fkimizi a\u00e7\u0131klayabilecek bir alet kutusuna d\u00f6nu\u0308\u015fu\u0308yor. Bu alet kutusunun yard\u0131m\u0131yla Zohar, yeni bir insan bilinci hipotezi sunuyor.Zohar\u2019\u0131n zihin a\u00e7\u0131c\u0131 tezi \u015fu: \u00d6znel fark\u0131ndal\u0131k dolays\u0131z olarak kuantum su\u0308re\u00e7lerden do\u011far ve kuantum kuram\u0131ndaki dalga-par\u00e7ac\u0131k ikili\u011fi zihin-beden ikili\u011finin temelini olu\u015fturur. Elinizdeki kitab\u0131n \u00f6nemi, Zohar\u2019\u0131n bu tezi yaln\u0131zca fizik du\u0308nyas\u0131na ait olmaktan \u00e7\u0131kararak; felsefi, toplumsal ve varolu\u015fsal sorunlara bu tezin \u0131\u015f\u0131\u011f\u0131nda bakabilmesinde sakl\u0131. Zohar\u2019\u0131n teorisiyle art\u0131k kendimize ve ya\u015fad\u0131\u011f\u0131m\u0131z du\u0308nyaya modern hayat\u0131n birbirinden ba\u011f\u0131ms\u0131z adac\u0131klar\u0131 olarak bakmaktan vazge\u00e7ebilir ve modern du\u0308nyaya \u00f6zgu\u0308 yabanc\u0131la\u015fmadan kurtulabiliriz. Evreni, kaynaklar\u0131n\u0131n emrimize amade oldu\u011fu bir tu\u0308ketim nesnesi olarak de\u011fil, insan bilincinin ifadelerinden biri, yani bir bilin\u00e7 durumu olarak g\u00f6rebiliriz. Ya\u015fayan varl\u0131klara ya\u015fam\u0131n ortak yazarlar\u0131 olarak bakabiliriz. Kuantum Benlik kendimizle, birbirimizle ve du\u0308nyayla bar\u0131\u015f\u0131 tesis etme mu\u0308cadelesinde, kuantum fizi\u011fin zorlu yollar\u0131ndan ge\u00e7mi\u015f de\u011ferli bir katk\u0131. <\/p>\n","protected":false},"excerpt":{"rendered":"<p>\u201cKuantum fizi\u011fi\u201d, yaln\u0131zca fizik\u00e7ileri ilgilendiriyormu\u015f gibi g\u00f6ru\u0308nen, gu\u0308ndelik hayat\u0131m\u0131z\u0131n basit kayg\u0131lar\u0131yla kafa yoramad\u0131\u011f\u0131m\u0131z, bu nedenle de deyim yerindeyse \u201cyorucu\u201d bir kavram. Oysa bu kavram Britanyal\u0131 fizik\u00e7i<span class=\"excerpt-hellip\"> [\u2026]<\/span><\/p>\n","protected":false},"featured_media":0,"template":"","meta":{"_monsterinsights_skip_tracking":false,"_monsterinsights_sitenote_active":false,"_monsterinsights_sitenote_note":"","_monsterinsights_sitenote_category":0},"product_brand":[],"product_cat":[13005,18664],"product_tag":[],"class_list":{"0":"post-710244","1":"product","2":"type-product","3":"status-publish","5":"product_cat-bilim-muhendislik","6":"product_cat-muhendislik","7":"pa_cilt-ciltsiz","8":"pa_tur-kitap","9":"pa_yayinevi-ayrinti-yayinlari","10":"pa_yazar-danah-zohar","12":"first","13":"instock","14":"sale","15":"shipping-taxable","16":"purchasable","17":"product-type-simple"},"_links":{"self":[{"href":"https:\/\/roveyayinevi.com.tr\/index.php\/wp-json\/wp\/v2\/product\/710244","targetHints":{"allow":["GET"]}}],"collection":[{"href":"https:\/\/roveyayinevi.com.tr\/index.php\/wp-json\/wp\/v2\/product"}],"about":[{"href":"https:\/\/roveyayinevi.com.tr\/index.php\/wp-json\/wp\/v2\/types\/product"}],"wp:attachment":[{"href":"https:\/\/roveyayinevi.com.tr\/index.php\/wp-json\/wp\/v2\/media?parent=710244"}],"wp:term":[{"taxonomy":"product_brand","embeddable":true,"href":"https:\/\/roveyayinevi.com.tr\/index.php\/wp-json\/wp\/v2\/product_brand?post=710244"},{"taxonomy":"product_cat","embeddable":true,"href":"https:\/\/roveyayinevi.com.tr\/index.php\/wp-json\/wp\/v2\/product_cat?post=710244"},{"taxonomy":"product_tag","embeddable":true,"href":"https:\/\/roveyayinevi.com.tr\/index.php\/wp-json\/wp\/v2\/product_tag?post=710244"}],"curies":[{"name":"wp","href":"https:\/\/api.w.org\/{rel}","templated":true}]}}