{"id":710243,"date":"2025-08-27T16:33:54","date_gmt":"2025-08-27T13:33:54","guid":{"rendered":"https:\/\/roveyayinevi.com.tr\/index.php\/urun\/halkin-ozgurlugu-demokrasinin-hikayesi-setting-the-people-free-the-story-of-democracy\/"},"modified":"2026-04-16T02:18:54","modified_gmt":"2026-04-15T23:18:54","slug":"halkin-ozgurlugu-demokrasinin-hikayesi-setting-the-people-free-the-story-of-democracy","status":"publish","type":"product","link":"https:\/\/roveyayinevi.com.tr\/index.php\/urun\/halkin-ozgurlugu-demokrasinin-hikayesi-setting-the-people-free-the-story-of-democracy\/","title":{"rendered":"Halk\u0131n \u00d6zg\u00fcrl\u00fc\u011f\u00fc &#8211; Demokrasinin Hikayesi (Setting The People Free &#8211; The Story of Democracy)"},"content":{"rendered":"<p>Yirminci y\u00fczy\u0131la girilirken d\u00fcnya kapitalizmi hegemonyas\u0131n\u0131 ve zaferini demokratik olma niteli\u011fiyle ilan etmi\u015fti. Oysa ge\u00e7en y\u0131llar liberal temsili demokrasinin daha fazla e\u015fitsizlik, adaletsizlik, \u00e7evre tahribat\u0131, ayr\u0131mc\u0131l\u0131k ve kriz \u00fcretti\u011fini g\u00f6stermi\u015f durumda. Bug\u00fcn demokrasi bu belirsiz ve \u00f6ng\u00f6r\u00fclemeyen ko\u015fullarda h\u00e2l\u00e2 tek mutlak do\u011fru olarak g\u00f6r\u00fclmekte. Ancak di\u011fer yandan ayn\u0131 demokrasinin somut ko\u015fullar\u0131 \u00e7etin tart\u0131\u015fmalar\u0131n merkezinde yer almakta. Yer yer aristokratik, egoist ve tahripk\u00e2r bir sistemin \u00fczerini \u00f6rten bir kand\u0131rmaca oldu\u011fu, kimi zamansa pop\u00fclist liderler ve s\u00f6ylemler e\u015fli\u011finde yozla\u015ft\u0131\u011f\u0131, otoriterli\u011fi ve denetlenmeyen iktidarlar\u0131 besledi\u011fi dile getirilmekte. Demokrasi insanlar\u0131n duygular\u0131n\u0131, d\u00fc\u015f\u00fcncelerini ve taleplerini siyasetin temel bile\u015feni haline getirmi\u015f olsa da bug\u00fcn demokrasinin sa\u011fl\u0131kl\u0131 bir \u015fekilde i\u015flemesini sa\u011flayacak g\u00fcven ve uyum ortadan kalkm\u0131\u015f haldedir.\u0130\u015fte bu eser demokrasinin modern toplum i\u00e7indeki konumunu en ince ayr\u0131nt\u0131lar\u0131yla sorgulayan, bunu yaparken demokrasinin binlerce y\u0131l geriye giden \u00f6yk\u00fcs\u00fcn\u00fc okura ustal\u0131kl\u0131 bir \u00fcslupla aktaran bir kitap. Atina toplumunda a\u00e7\u0131\u011fa \u00e7\u0131kan, Roma ile birlikte uzun y\u0131llar tarihin karanl\u0131k k\u00f6\u015felerinde sakl\u0131 kalm\u0131\u015f, ard\u0131ndan Amerikan Ba\u011f\u0131ms\u0131zl\u0131k Sava\u015f\u0131 ve Frans\u0131z Devrimi ile nas\u0131l durdurulamaz bir bi\u00e7imde ilerleyip y\u00f6netimin en me\u015fru bi\u00e7imi haline gelmi\u015f demokrasinin hik\u00e2yesi, bug\u00fcn demokrasinin anlam\u0131n\u0131 sorgulayan, demokratik sistemlerle \u00e7a\u011f\u0131m\u0131z\u0131n yak\u0131c\u0131 sorunlar\u0131 aras\u0131ndaki uyumsuzlu\u011fa kafa yoran ve tiranlar, despotlar ve diktat\u00f6rlerin neden s\u00fcrekli kar\u015f\u0131m\u0131za \u00e7\u0131kt\u0131\u011f\u0131n\u0131 anlamland\u0131rmaya \u00e7al\u0131\u015fan t\u00fcm okurlar i\u00e7in \u00f6nemli bir ba\u015fucu eseri niteli\u011finde. <\/p>\n","protected":false},"excerpt":{"rendered":"<p>Yirminci y\u00fczy\u0131la girilirken d\u00fcnya kapitalizmi hegemonyas\u0131n\u0131 ve zaferini demokratik olma niteli\u011fiyle ilan etmi\u015fti. Oysa ge\u00e7en y\u0131llar liberal temsili demokrasinin daha fazla e\u015fitsizlik, adaletsizlik, \u00e7evre tahribat\u0131, ayr\u0131mc\u0131l\u0131k<span class=\"excerpt-hellip\"> [\u2026]<\/span><\/p>\n","protected":false},"featured_media":0,"template":"","meta":{"_monsterinsights_skip_tracking":false,"_monsterinsights_sitenote_active":false,"_monsterinsights_sitenote_note":"","_monsterinsights_sitenote_category":0},"product_brand":[],"product_cat":[13590,12337],"product_tag":[],"class_list":{"0":"post-710243","1":"product","2":"type-product","3":"status-publish","5":"product_cat-arastirma-inceleme-politika-siyaset","6":"product_cat-politika-siyaset","7":"pa_cilt-ciltsiz","8":"pa_tur-kitap","9":"pa_yayinevi-ayrinti-yayinlari","10":"pa_yazar-john-dunn","12":"first","13":"instock","14":"sale","15":"shipping-taxable","16":"purchasable","17":"product-type-simple"},"_links":{"self":[{"href":"https:\/\/roveyayinevi.com.tr\/index.php\/wp-json\/wp\/v2\/product\/710243","targetHints":{"allow":["GET"]}}],"collection":[{"href":"https:\/\/roveyayinevi.com.tr\/index.php\/wp-json\/wp\/v2\/product"}],"about":[{"href":"https:\/\/roveyayinevi.com.tr\/index.php\/wp-json\/wp\/v2\/types\/product"}],"wp:attachment":[{"href":"https:\/\/roveyayinevi.com.tr\/index.php\/wp-json\/wp\/v2\/media?parent=710243"}],"wp:term":[{"taxonomy":"product_brand","embeddable":true,"href":"https:\/\/roveyayinevi.com.tr\/index.php\/wp-json\/wp\/v2\/product_brand?post=710243"},{"taxonomy":"product_cat","embeddable":true,"href":"https:\/\/roveyayinevi.com.tr\/index.php\/wp-json\/wp\/v2\/product_cat?post=710243"},{"taxonomy":"product_tag","embeddable":true,"href":"https:\/\/roveyayinevi.com.tr\/index.php\/wp-json\/wp\/v2\/product_tag?post=710243"}],"curies":[{"name":"wp","href":"https:\/\/api.w.org\/{rel}","templated":true}]}}