{"id":710242,"date":"2025-08-27T16:33:54","date_gmt":"2025-08-27T13:33:54","guid":{"rendered":"https:\/\/roveyayinevi.com.tr\/index.php\/urun\/eva\/"},"modified":"2026-04-16T02:18:54","modified_gmt":"2026-04-15T23:18:54","slug":"eva","status":"publish","type":"product","link":"https:\/\/roveyayinevi.com.tr\/index.php\/urun\/eva\/","title":{"rendered":"Eva"},"content":{"rendered":"<p>\u201cEdebiyat okuyarak b\u00fcy\u00fcd\u00fcm, \u00e7o\u011funlu\u011fu ba\u015fka dillerden \u00e7evrilmi\u015f olmak \u00fczere, \u00f6teki yazarlar\u0131 okuyarak bir yazar oldum. Yunanistan\u2019daki diktat\u00f6rl\u00fck d\u00f6neminde ergendim, bu d\u00f6nemde kitaplar fazlas\u0131yla \u00f6nemliydi, kitaplara ula\u015fmak da epey zordu \u00e7\u00fcnk\u00fc pek \u00e7o\u011fu yasaklanm\u0131\u015ft\u0131. Kavu\u015ftu\u011fum her kitap bu a\u00e7\u0131dan benim i\u00e7in bir l\u00fctuftu. Bu kitaplar olmasayd\u0131 hakikaten durumum peri\u015fan olurdu. Edebiyat okumak hayat\u0131m\u0131 kurtarm\u0131\u015ft\u0131r diyebilirim.\u201d Ersi Sotiropoulou Hayat\u0131 yazarak anlamland\u0131ran, bu anlamland\u0131rma s\u00fcrecine pek \u00e7ok roman\u0131n yan\u0131 s\u0131ra, bir cilt de \u015fiir s\u0131\u011fd\u0131ran Ersi Sotiropoulou\u2019nun Eva adl\u0131 roman\u0131 yazar\u0131n en \u00f6nemli eserlerinden. \u00c7e\u015fitli d\u00fcnya dillerine \u00e7evrilen Eva, 2011\u2019de Atina Akademi \u00d6d\u00fcl\u00fc&#8217;ne lay\u0131k g\u00f6r\u00fclm\u00fc\u015ft\u00fcr&#8230; \u015eiirsel bir dille akan olay \u00f6rg\u00fcs\u00fc, s\u0131k\u0131 dokunmu\u015f diyaloglar ve b\u00fcy\u00fcleyici bir atmosfer&#8230; Bir kad\u0131n\u0131n varolu\u015fu&#8230; <\/p>\n","protected":false},"excerpt":{"rendered":"<p>\u201cEdebiyat okuyarak b\u00fcy\u00fcd\u00fcm, \u00e7o\u011funlu\u011fu ba\u015fka dillerden \u00e7evrilmi\u015f olmak \u00fczere, \u00f6teki yazarlar\u0131 okuyarak bir yazar oldum. Yunanistan\u2019daki diktat\u00f6rl\u00fck d\u00f6neminde ergendim, bu d\u00f6nemde kitaplar fazlas\u0131yla \u00f6nemliydi, kitaplara ula\u015fmak<span class=\"excerpt-hellip\"> [\u2026]<\/span><\/p>\n","protected":false},"featured_media":0,"template":"","meta":{"_monsterinsights_skip_tracking":false,"_monsterinsights_sitenote_active":false,"_monsterinsights_sitenote_note":"","_monsterinsights_sitenote_category":0},"product_brand":[],"product_cat":[12291,12711],"product_tag":[],"class_list":{"0":"post-710242","1":"product","2":"type-product","3":"status-publish","5":"product_cat-edebiyat","6":"product_cat-roman-oyku","7":"pa_cilt-ciltsiz","8":"pa_tur-kitap","9":"pa_yayinevi-ayrinti-yayinlari","10":"pa_yazar-ersi-sotiropoulou","12":"first","13":"instock","14":"sale","15":"shipping-taxable","16":"purchasable","17":"product-type-simple"},"_links":{"self":[{"href":"https:\/\/roveyayinevi.com.tr\/index.php\/wp-json\/wp\/v2\/product\/710242","targetHints":{"allow":["GET"]}}],"collection":[{"href":"https:\/\/roveyayinevi.com.tr\/index.php\/wp-json\/wp\/v2\/product"}],"about":[{"href":"https:\/\/roveyayinevi.com.tr\/index.php\/wp-json\/wp\/v2\/types\/product"}],"wp:attachment":[{"href":"https:\/\/roveyayinevi.com.tr\/index.php\/wp-json\/wp\/v2\/media?parent=710242"}],"wp:term":[{"taxonomy":"product_brand","embeddable":true,"href":"https:\/\/roveyayinevi.com.tr\/index.php\/wp-json\/wp\/v2\/product_brand?post=710242"},{"taxonomy":"product_cat","embeddable":true,"href":"https:\/\/roveyayinevi.com.tr\/index.php\/wp-json\/wp\/v2\/product_cat?post=710242"},{"taxonomy":"product_tag","embeddable":true,"href":"https:\/\/roveyayinevi.com.tr\/index.php\/wp-json\/wp\/v2\/product_tag?post=710242"}],"curies":[{"name":"wp","href":"https:\/\/api.w.org\/{rel}","templated":true}]}}